{"id":1761,"date":"2018-05-11T09:19:10","date_gmt":"2018-05-11T09:19:10","guid":{"rendered":"http:\/\/localhost:8888\/politica-defensa\/?page_id=1761"},"modified":"2025-05-16T13:52:47","modified_gmt":"2025-05-16T12:52:47","slug":"equipo","status":"publish","type":"page","link":"https:\/\/articulo30.org\/politica-defensa\/equipo\/","title":{"rendered":"Equipo"},"content":{"rendered":"\n<div style=\"height:50px\" aria-hidden=\"true\" class=\"wp-block-spacer\"><\/div>\n\n\n\n<figure class=\"wp-block-image\"><img loading=\"lazy\" decoding=\"async\" width=\"300\" height=\"300\" src=\"https:\/\/articulo30.org\/politica-defensa\/wp-content\/uploads\/Gabriel-Cortina-A30-300x300.jpg\" alt=\"\" class=\"wp-image-2265\" srcset=\"https:\/\/articulo30.org\/politica-defensa\/wp-content\/uploads\/Gabriel-Cortina-A30-300x300.jpg 300w, https:\/\/articulo30.org\/politica-defensa\/wp-content\/uploads\/Gabriel-Cortina-A30-150x150.jpg 150w, https:\/\/articulo30.org\/politica-defensa\/wp-content\/uploads\/Gabriel-Cortina-A30.jpg 709w\" sizes=\"auto, (max-width: 300px) 100vw, 300px\" \/><\/figure>\n\n\n\n<p class=\"has-text-align-left\"><span style=\"font-size: 14px;\"><strong><span style=\"color: #000000;\">Gabriel Cortina<\/span><\/strong><\/span><\/p>\n\n\n\n<p class=\"has-text-color\" style=\"color:#101634\"><span style=\"color: #000000; font-size: 14px;\">Presidente<\/span><\/p>\n\n\n\n<p><span style=\"color: #000000; font-size: 14px;\">Licenciado en Ciencias de la Informaci\u00f3n (Universidad Complutense de Madrid) y M\u00e1ster de Estudios Pol\u00edticos Aplicados (FIIAPP). Diplomado en Altos Estudios de la Defensa Nacional (CESEDEN) y en Curso de Operaciones (Escuela de Guerra del Ej\u00e9rcito). Colabora en publicaciones especializadas en el \u00e1mbito de seguridad nacional y defensa, y participa en iniciativas y grupos de trabajo para fomentar la cultura estrat\u00e9gica. Invitado por el Ministerio de Defensa ha visitado misiones internacionales de Naciones Unidas, Uni\u00f3n Europea y OTAN. Ha participado en numerosos congresos y seminarios. Cuenta con m\u00e1s de veinte a\u00f1os de experiencia profesional, incluyendo docencia universitaria y asesor\u00eda de Gobierno y Administraci\u00f3n P\u00fablica. Desarrolla proyectos para empresas e instituciones y colabora en el emprendimiento de nuevos negocios. Casado y padre de tres hijos.<\/span><\/p>\n\n\n\n<div style=\"height:50px\" aria-hidden=\"true\" class=\"wp-block-spacer\"><\/div>\n\n\n\n<figure class=\"wp-block-image\"><img loading=\"lazy\" decoding=\"async\" width=\"300\" height=\"300\" src=\"https:\/\/articulo30.org\/politica-defensa\/wp-content\/uploads\/IMG-20180920-WA0013-300x300.jpg\" alt=\"\" class=\"wp-image-2268\" srcset=\"https:\/\/articulo30.org\/politica-defensa\/wp-content\/uploads\/IMG-20180920-WA0013-300x300.jpg 300w, https:\/\/articulo30.org\/politica-defensa\/wp-content\/uploads\/IMG-20180920-WA0013-150x150.jpg 150w, https:\/\/articulo30.org\/politica-defensa\/wp-content\/uploads\/IMG-20180920-WA0013.jpg 709w\" sizes=\"auto, (max-width: 300px) 100vw, 300px\" \/><\/figure>\n\n\n\n<p class=\"has-text-align-left\"><span style=\"color: #000000; font-size: 14px;\"><strong>Ver\u00f3nica Dom\u00ednguez<\/strong><\/span><\/p>\n\n\n\n<p><span style=\"color: #000000; font-size: 14px;\">Licenciada en Ciencias Pol\u00edticas (Universidad Complutense de Madrid) y M\u00e1ster en Seguridad y Defensa por el Instituto Guti\u00e9rrez Mellado (UNED). TFM publicado: \u201cImpacto de las misiones internacionales en los hijos de los militares\u201c. Diplomada en Altos Estudios de la Defensa Nacional (CESEDEN). \u00c1reas de inter\u00e9s: mujer, familia y Fuerzas Armadas. Colabora en la comunidad estrat\u00e9gica, especialmente con el Instituto de Estudios Estrat\u00e9gicos (IEEE), y participa en conferencias y seminarios. Casada y madre de cuatro hijos.<\/span><\/p>\n\n\n\n<div style=\"height:50px\" aria-hidden=\"true\" class=\"wp-block-spacer\"><\/div>\n\n\n\n<figure class=\"wp-block-image\"><img loading=\"lazy\" decoding=\"async\" width=\"300\" height=\"300\" src=\"https:\/\/articulo30.org\/politica-defensa\/wp-content\/uploads\/Foto-Tito-A30-300x300.jpg\" alt=\"\" class=\"wp-image-2270\" srcset=\"https:\/\/articulo30.org\/politica-defensa\/wp-content\/uploads\/Foto-Tito-A30-300x300.jpg 300w, https:\/\/articulo30.org\/politica-defensa\/wp-content\/uploads\/Foto-Tito-A30-150x150.jpg 150w, https:\/\/articulo30.org\/politica-defensa\/wp-content\/uploads\/Foto-Tito-A30.jpg 709w\" sizes=\"auto, (max-width: 300px) 100vw, 300px\" \/><\/figure>\n\n\n\n<p class=\"has-text-align-left\"><span style=\"color: #000000; font-size: 14px;\"><strong>Jes\u00fas de Ram\u00f3n-Laca<\/strong><\/span><\/p>\n\n\n\n<p><span style=\"color: #000000; font-size: 14px;\">Licenciado en Ciencias Econ\u00f3micas e Historia Econ\u00f3mica por la London School of Economics (LSE) y M\u00e1ster en Relaciones Internacionales por la Universidad de Columbia en Nueva York. Ha sido asesor de dos ministros de Defensa durante tres legislaturas (X, XI y XII). Ha desarrollado su carrera profesional en el sector financiero, formando parte de equipos de an\u00e1lisis de riesgos, banca corporativa, banca de inversi\u00f3n y blanqueo de capitales en las firmas HSBC, Lehman Brothers, Barclays Capital USA y Banco Santander UK. Tambi\u00e9n ha desarrollado proyectos en Cuartel General de la OTAN (Bruselas) y en el Comit\u00e9 Anti-terrorista de Naciones Unidad (Nueva York). Es Caballero Legionario (IV Tercio) y estuvo destacado en el contingente KFOR de la OTAN en Kosovo en 1999-2000.<\/span><\/p>\n\n\n\n<div style=\"height:50px\" aria-hidden=\"true\" class=\"wp-block-spacer\"><\/div>\n\n\n\n<figure class=\"wp-block-image\"><img loading=\"lazy\" decoding=\"async\" width=\"225\" height=\"300\" src=\"https:\/\/articulo30.org\/politica-defensa\/wp-content\/uploads\/Leticia-Benitez-225x300.jpeg\" alt=\"\" class=\"wp-image-3450\" srcset=\"https:\/\/articulo30.org\/politica-defensa\/wp-content\/uploads\/Leticia-Benitez-225x300.jpeg 225w, https:\/\/articulo30.org\/politica-defensa\/wp-content\/uploads\/Leticia-Benitez.jpeg 240w\" sizes=\"auto, (max-width: 225px) 100vw, 225px\" \/><\/figure>\n\n\n\n<p class=\"has-text-align-left\"><span style=\"color: #000000; font-size: 14px;\"><strong>Leticia Ben\u00edtez<\/strong><\/span><\/p>\n\n\n\n<p><span style=\"color: #000000; font-size: 14px;\">Periodismo y Relaciones Internacionales en la Universidad Francisco de Vitoria. Miembro del Consejo Atl\u00e1ntico Juvenil Espa\u00f1ol (COAJE). Ha realizado pr\u00e1cticas en la Agencia EFE como redactora en la secci\u00f3n de Pol\u00edtica Nacional. Ha cursado un semestre Erasmus en Coventry University, Reino Unido. Tambi\u00e9n ha participado en congresos como el Youth Mediterranean Dialogue (Madrid) o el NATO\u00b4s Future 2018 Seminar (Berl\u00edn).<\/span><\/p>\n\n\n\n<div style=\"height:50px\" aria-hidden=\"true\" class=\"wp-block-spacer\"><\/div>\n\n\n\n<figure class=\"wp-block-image\"><img loading=\"lazy\" decoding=\"async\" width=\"271\" height=\"300\" src=\"https:\/\/articulo30.org\/politica-defensa\/wp-content\/uploads\/Valeria-Nadal1-271x300.jpg\" alt=\"\" class=\"wp-image-2475\" srcset=\"https:\/\/articulo30.org\/politica-defensa\/wp-content\/uploads\/Valeria-Nadal1-271x300.jpg 271w, https:\/\/articulo30.org\/politica-defensa\/wp-content\/uploads\/Valeria-Nadal1-768x851.jpg 768w, https:\/\/articulo30.org\/politica-defensa\/wp-content\/uploads\/Valeria-Nadal1.jpg 925w\" sizes=\"auto, (max-width: 271px) 100vw, 271px\" \/><\/figure>\n\n\n\n<p class=\"has-text-align-left\"><span style=\"color: #000000; font-size: 14px;\"><strong>Valeria Nadal<\/strong><\/span><\/p>\n\n\n\n<p><span style=\"color: #000000; font-size: 14px;\">Graduada en Relaciones Internacionales por la Universidad de Navarra. Actualmente cursa el Master en Business Intelligence and Advanced Analytics with Microsoft Technologies (SolidQ). Ha cursando un semestre en la Chinese University of Hong Kong (CUHK) y ha complementado su formaci\u00f3n universitaria con seminarios en instituciones como la Tonji University (China), Catholic University of America (EEUU), Hebrew University (Israel) y ESIC Business School (Espa\u00f1a). Ha participado en el Curso de Verano <em>La amenaza h\u00edbrida. Dilemas, retos y respuestas<\/em> (Universidad Complutense de Madrid) y en el XXVII Curso Internacional de Defensa <em>Amenaza h\u00edbrida. La guerra imprevisible<\/em> (Academia General Militar). Colabora como redactora senior en el <em>think-tank<\/em> Global Affairs.<\/span><\/p>\n\n\n\n<div style=\"height:50px\" aria-hidden=\"true\" class=\"wp-block-spacer\"><\/div>\n\n\n\n<figure class=\"wp-block-image\"><img loading=\"lazy\" decoding=\"async\" width=\"300\" height=\"294\" src=\"https:\/\/articulo30.org\/politica-defensa\/wp-content\/uploads\/Margarita-Garc\u00eda-1-300x294.jpeg\" alt=\"\" class=\"wp-image-4730\" srcset=\"https:\/\/articulo30.org\/politica-defensa\/wp-content\/uploads\/Margarita-Garc\u00eda-1-300x294.jpeg 300w, https:\/\/articulo30.org\/politica-defensa\/wp-content\/uploads\/Margarita-Garc\u00eda-1.jpeg 590w\" sizes=\"auto, (max-width: 300px) 100vw, 300px\" \/><\/figure>\n\n\n\n<p class=\"has-text-align-left\"><span style=\"color: #000000; font-size: 14px;\"><strong>Margarita Garc\u00eda<\/strong><\/span><\/p>\n\n\n\n<p><span style=\"color: #000000; font-size: 14px;\">Doble grado biling\u00fce de Administraci\u00f3n y direcci\u00f3n de Empresas y Relaciones Internacionales en la Universidad Francisco de Vitoria. Estudiante tambi\u00e9n de quinto a\u00f1o del m\u00e1ster \u00abPrograma Integral de Liderazgo\u00bb impartido por la Universidad de Notre Dame (Indiana, Estados Unidos). Ha participado en m\u00faltiples debates a nivel nacional. Asimismo, ha trabajado para la Representaci\u00f3n Permanente de Espa\u00f1a ante los Organismos Internacionales de las Naciones Unidas (ONU) con sede en Viena. Actualmente forma parte del equipo de analistas de la Unidad de Inteligencia de Acciona Infraestructuras.&nbsp;<\/span><\/p>\n\n\n\n<div style=\"height:300px\" aria-hidden=\"true\" class=\"wp-block-spacer\"><\/div>\n\n\n\n<p class=\"has-text-align-center\">&nbsp;<\/p>\n","protected":false},"excerpt":{"rendered":"<p>Gabriel Cortina Presidente Licenciado en Ciencias de la Informaci\u00f3n (Universidad Complutense de Madrid) y M\u00e1ster de Estudios Pol\u00edticos Aplicados (FIIAPP). Diplomado en Altos Estudios de la Defensa Nacional (CESEDEN) y en Curso de Operaciones (Escuela de Guerra del Ej\u00e9rcito). Colabora en publicaciones especializadas en el \u00e1mbito de seguridad nacional y defensa, y participa en iniciativas&#8230;<\/p>\n","protected":false},"author":4,"featured_media":0,"parent":0,"menu_order":0,"comment_status":"closed","ping_status":"closed","template":"","meta":{"footnotes":""},"class_list":["post-1761","page","type-page","status-publish","hentry"],"_links":{"self":[{"href":"https:\/\/articulo30.org\/politica-defensa\/wp-json\/wp\/v2\/pages\/1761","targetHints":{"allow":["GET"]}}],"collection":[{"href":"https:\/\/articulo30.org\/politica-defensa\/wp-json\/wp\/v2\/pages"}],"about":[{"href":"https:\/\/articulo30.org\/politica-defensa\/wp-json\/wp\/v2\/types\/page"}],"author":[{"embeddable":true,"href":"https:\/\/articulo30.org\/politica-defensa\/wp-json\/wp\/v2\/users\/4"}],"replies":[{"embeddable":true,"href":"https:\/\/articulo30.org\/politica-defensa\/wp-json\/wp\/v2\/comments?post=1761"}],"version-history":[{"count":226,"href":"https:\/\/articulo30.org\/politica-defensa\/wp-json\/wp\/v2\/pages\/1761\/revisions"}],"predecessor-version":[{"id":6637,"href":"https:\/\/articulo30.org\/politica-defensa\/wp-json\/wp\/v2\/pages\/1761\/revisions\/6637"}],"wp:attachment":[{"href":"https:\/\/articulo30.org\/politica-defensa\/wp-json\/wp\/v2\/media?parent=1761"}],"curies":[{"name":"wp","href":"https:\/\/api.w.org\/{rel}","templated":true}]}}