{"id":2086,"date":"2018-09-11T18:16:03","date_gmt":"2018-09-11T18:16:03","guid":{"rendered":"http:\/\/articulo30.org\/politica-defensa\/?page_id=2086"},"modified":"2022-11-29T13:42:14","modified_gmt":"2022-11-29T12:42:14","slug":"colabora","status":"publish","type":"page","link":"https:\/\/articulo30.org\/politica-defensa\/colabora\/","title":{"rendered":"Colabora"},"content":{"rendered":"<p style=\"text-align: justify;\"><span style=\"font-family: trebuchet ms,geneva,sans-serif; font-size: 16px;\"><strong>&#8216;Art\u00edculo 30&#8217; <\/strong>desea fomentar una comunidad interesada en compartir criterios y an\u00e1lisis sobre pol\u00edtica de defensa en sus m\u00faltiples dimensiones (relaciones internacionales, geopol\u00edtica, industria y tecnolog\u00eda, inteligencia y seguridad, diplomacia y desarrollo, pensamiento, etc.). La intenci\u00f3n es generar participaci\u00f3n social y pol\u00edtica, difundir opini\u00f3n, ayudar a comprender los escenarios y las consecuencias de la toma de decisiones. Est\u00e1 centrado en la realidad espa\u00f1ola, incluyendo Uni\u00f3n Europea y OTAN, y se interesa por la experiencia de otros pa\u00edses y regiones.\u00a0<\/span><\/p>\n<p><strong>Te invitamos a participar<\/strong><\/p>\n<ul style=\"list-style-type: disc;\">\n<li><span style=\"font-family: trebuchet ms,geneva,sans-serif; font-size: 16px;\">Colaboraciones para \u201c<em>An\u00e1lisis en 3 minutos<\/em>\u201c\u00ae<em><br \/>\n<\/em><\/span><\/li>\n<li><span style=\"font-family: trebuchet ms,geneva,sans-serif; font-size: 16px;\">Actividades de la comunidad estrat\u00e9gica<\/span><\/li>\n<li><span style=\"font-family: trebuchet ms,geneva,sans-serif; font-size: 16px;\">Conferencias y seminarios<\/span><\/li>\n<\/ul>\n<ul style=\"list-style-type: disc;\">\n<li><span style=\"font-family: trebuchet ms,geneva,sans-serif; font-size: 16px;\">Iniciativas acad\u00e9micas y universitarias<\/span><\/li>\n<li><span style=\"font-family: trebuchet ms,geneva,sans-serif; font-size: 16px;\">Medios de comunicaci\u00f3n y opini\u00f3n p\u00fablica<\/span><\/li>\n<li><span style=\"font-family: trebuchet ms,geneva,sans-serif; font-size: 16px;\">Partidos pol\u00edticos y participaci\u00f3n ciudadana<\/span><\/li>\n<\/ul>\n<p><span style=\"color: #ffffff;\">.<\/span><\/p>\n<p><span style=\"color: #333333;\"><span style=\"font-family: trebuchet ms,geneva,sans-serif; font-size: 10px;\"><span style=\"font-size: 16px;\">Somos una plataforma c\u00edvica, no tenemos \u00e1nimo de lucro y crecemos gracias a las aportaciones de socios y colaboradores.<\/span><\/span><\/span><\/p>\n","protected":false},"excerpt":{"rendered":"<p>&#8216;Art\u00edculo 30&#8217; desea fomentar una comunidad interesada en compartir criterios y an\u00e1lisis sobre pol\u00edtica de defensa en sus m\u00faltiples dimensiones (relaciones internacionales, geopol\u00edtica, industria y tecnolog\u00eda, inteligencia y seguridad, diplomacia y desarrollo, pensamiento, etc.). La intenci\u00f3n es generar participaci\u00f3n social y pol\u00edtica, difundir opini\u00f3n, ayudar a comprender los escenarios y las consecuencias de la toma&#8230;<\/p>\n","protected":false},"author":4,"featured_media":0,"parent":0,"menu_order":0,"comment_status":"closed","ping_status":"closed","template":"","meta":{"footnotes":""},"class_list":["post-2086","page","type-page","status-publish","hentry"],"_links":{"self":[{"href":"https:\/\/articulo30.org\/politica-defensa\/wp-json\/wp\/v2\/pages\/2086","targetHints":{"allow":["GET"]}}],"collection":[{"href":"https:\/\/articulo30.org\/politica-defensa\/wp-json\/wp\/v2\/pages"}],"about":[{"href":"https:\/\/articulo30.org\/politica-defensa\/wp-json\/wp\/v2\/types\/page"}],"author":[{"embeddable":true,"href":"https:\/\/articulo30.org\/politica-defensa\/wp-json\/wp\/v2\/users\/4"}],"replies":[{"embeddable":true,"href":"https:\/\/articulo30.org\/politica-defensa\/wp-json\/wp\/v2\/comments?post=2086"}],"version-history":[{"count":12,"href":"https:\/\/articulo30.org\/politica-defensa\/wp-json\/wp\/v2\/pages\/2086\/revisions"}],"predecessor-version":[{"id":6190,"href":"https:\/\/articulo30.org\/politica-defensa\/wp-json\/wp\/v2\/pages\/2086\/revisions\/6190"}],"wp:attachment":[{"href":"https:\/\/articulo30.org\/politica-defensa\/wp-json\/wp\/v2\/media?parent=2086"}],"curies":[{"name":"wp","href":"https:\/\/api.w.org\/{rel}","templated":true}]}}