{"id":2843,"date":"2018-12-22T23:23:11","date_gmt":"2018-12-22T22:23:11","guid":{"rendered":"https:\/\/articulo30.org\/politica-defensa\/?page_id=2843"},"modified":"2022-11-29T13:45:41","modified_gmt":"2022-11-29T12:45:41","slug":"actores-no-estatales","status":"publish","type":"page","link":"https:\/\/articulo30.org\/politica-defensa\/actores-no-estatales\/","title":{"rendered":"Actores no estatales"},"content":{"rendered":"\n<div class=\"wrapper-posts box-recent type-pagination layout-list\" data-layout=\"list\" data-paged=\"3\" data-col=\"col-xs-12 col-1\" data-cat=\"Actores no estatales\" data-number=\"8\" data-ads=\"large-rectangle\">\n            <div class=\"box-title clearfix\">\n            <h2 class=\"title-left\">Actores no estatales<\/h2>\n                    <\/div>\n        <span class=\"agr-loading\"><\/span>\n    <div class=\"tab-content\">\n        <div id=\"allCat\" class=\"archive-blog affect-isotope row active description-show\">\n                            \n                        <div class=\"col-item col-xs-12 col-1\">\n                            <article  class=\"post-item post-list clearfix post-6532 post type-post status-publish format-standard has-post-thumbnail hentry category-actores-no-estatales category-conflictos category-policy-papers tag-actores-no-estatales tag-conflictos tag-estrategia tag-geopolitica tag-iran tag-oriente-medio\">\n    <div class=\"article-image\">\n                                <div class=\"post-image\">\n                <span class=\"bgr-item\"><\/span>\n                <a href=\"https:\/\/articulo30.org\/politica-defensa\/paper-56-proxies-aliados-iran-julie-bonin\/\">\n                    <img decoding=\"async\"  class=\"lazy\" src=\"https:\/\/articulo30.org\/politica-defensa\/wp-content\/themes\/nerubian\/assets\/images\/layzyload-list.jpg\"  data-src=\"https:\/\/articulo30.org\/politica-defensa\/wp-content\/uploads\/paper-56-292x190.jpg\" alt=\"post-image\"\/>\n                <\/a>\n                            <\/div>\n\n                \n    <\/div>\n    <div class=\"article-content \">\n\n        <div class=\"entry-header clearfix\">\n            <span class=\"post-cat\">                <a href=\"https:\/\/articulo30.org\/politica-defensa\/seccion\/actores-no-estatales\/\"   title=\"\" >Actores no estatales<\/a>\n                                             <a href=\"https:\/\/articulo30.org\/politica-defensa\/seccion\/conflictos\/\"  title=\"\" >Conflictos<\/a>\n                             <a href=\"https:\/\/articulo30.org\/politica-defensa\/seccion\/policy-papers\/\"  title=\"\" >Policy Papers<\/a>\n            <\/span>\n            <header class=\"entry-header-title\">\n                <h3 class=\"entry-title\"><a href=\"https:\/\/articulo30.org\/politica-defensa\/paper-56-proxies-aliados-iran-julie-bonin\/\" rel=\"bookmark\">\u00abProxies\u00bb o aliados: la ambigua relaci\u00f3n de Ir\u00e1n con los grupos armados no estatales<\/a><\/h3>            <\/header>\n        <\/div>\n        <div class=\"article-meta clearfix\">\n            <span class=\"posted-on\"><i class=\"fa fa-clock-o\" aria-hidden=\"true\"><\/i><span class=\"screen-reader-text\">Posted on <\/span><a href=\"https:\/\/articulo30.org\/politica-defensa\/paper-56-proxies-aliados-iran-julie-bonin\/\" rel=\"bookmark\"><time class=\"entry-date published\" datetime=\"2025-01-21T10:17:24+01:00\">21\/01\/2025<\/time><time class=\"updated\" datetime=\"2025-02-12T12:51:39+01:00\">12\/02\/2025<\/time><\/a><\/span>\t<div class=\"entry-meta-right\">\n\t\t\t\t\t<\/div>\n\n        <\/div>\n        <div class=\"entry-content\">\n            Paper 56 21 Enero 2025 Desde su fundaci\u00f3n en 1979, la Rep\u00fablica Isl\u00e1mica de Ir\u00e1n ha desarrollado una extensa y compleja red de alianzas con grupos armados no estatales...\n        <\/div>\n\n    <\/div>\n<\/article><!-- #post-## -->\n                        <\/div>\n\n                        \n                        <div class=\"col-item col-xs-12 col-1\">\n                            <article  class=\"post-item post-list clearfix post-6397 post type-post status-publish format-standard has-post-thumbnail hentry category-actores-no-estatales category-cultura-estrategica category-internacional category-seguridad-nacional tag-actores-no-estatales tag-analisis-de-conflictos tag-geopolitica tag-narcotrafico tag-seguridad-nacional\">\n    <div class=\"article-image\">\n                                <div class=\"post-image\">\n                <span class=\"bgr-item\"><\/span>\n                <a href=\"https:\/\/articulo30.org\/politica-defensa\/narcotrafico-geopolitica-droga\/\">\n                    <img decoding=\"async\"  class=\"lazy\" src=\"https:\/\/articulo30.org\/politica-defensa\/wp-content\/themes\/nerubian\/assets\/images\/layzyload-list.jpg\"  data-src=\"https:\/\/articulo30.org\/politica-defensa\/wp-content\/uploads\/analisis-287-292x190.jpg\" alt=\"post-image\"\/>\n                <\/a>\n                            <\/div>\n\n                \n    <\/div>\n    <div class=\"article-content \">\n\n        <div class=\"entry-header clearfix\">\n            <span class=\"post-cat\">                <a href=\"https:\/\/articulo30.org\/politica-defensa\/seccion\/actores-no-estatales\/\"   title=\"\" >Actores no estatales<\/a>\n                                             <a href=\"https:\/\/articulo30.org\/politica-defensa\/seccion\/cultura-estrategica\/\"  title=\"\" >Cultura Estrat\u00e9gica<\/a>\n                             <a href=\"https:\/\/articulo30.org\/politica-defensa\/seccion\/internacional\/\"  title=\"\" >Internacional<\/a>\n                             <a href=\"https:\/\/articulo30.org\/politica-defensa\/seccion\/seguridad-nacional\/\"  title=\"\" >Seguridad Nacional<\/a>\n            <\/span>\n            <header class=\"entry-header-title\">\n                <h3 class=\"entry-title\"><a href=\"https:\/\/articulo30.org\/politica-defensa\/narcotrafico-geopolitica-droga\/\" rel=\"bookmark\">Narcotr\u00e1fico y la geopol\u00edtica de la droga<\/a><\/h3>            <\/header>\n        <\/div>\n        <div class=\"article-meta clearfix\">\n            <span class=\"posted-on\"><i class=\"fa fa-clock-o\" aria-hidden=\"true\"><\/i><span class=\"screen-reader-text\">Posted on <\/span><a href=\"https:\/\/articulo30.org\/politica-defensa\/narcotrafico-geopolitica-droga\/\" rel=\"bookmark\"><time class=\"entry-date published\" datetime=\"2023-10-01T09:30:05+01:00\">01\/10\/2023<\/time><time class=\"updated\" datetime=\"2024-01-18T21:49:50+01:00\">18\/01\/2024<\/time><\/a><\/span>\t<div class=\"entry-meta-right\">\n\t\t\t\t\t<\/div>\n\n        <\/div>\n        <div class=\"entry-content\">\n            An\u00e1lisis 287 1 Octubre 2023 El narcotr\u00e1fico, junto al terrorismo, representa la mayor amenaza para la seguridad y la estabilidad porque las organizaciones que lo protagonizan se convierten en...\n        <\/div>\n\n    <\/div>\n<\/article><!-- #post-## -->\n                        <\/div>\n\n                        \n                        <div class=\"col-item col-xs-12 col-1\">\n                            <article  class=\"post-item post-list clearfix post-6074 post type-post status-publish format-standard has-post-thumbnail hentry category-actores-no-estatales category-policy-papers tag-africa tag-cooperacion-al-desarrollo tag-diplomacia tag-energia tag-mozambique tag-seguridad tag-terrorismo tag-union-europea tag-yihadismo\">\n    <div class=\"article-image\">\n                                <div class=\"post-image\">\n                <span class=\"bgr-item\"><\/span>\n                <a href=\"https:\/\/articulo30.org\/politica-defensa\/desarrollo-seguridad-mozambique-paige-dorning\/\">\n                    <img decoding=\"async\"  class=\"lazy\" src=\"https:\/\/articulo30.org\/politica-defensa\/wp-content\/themes\/nerubian\/assets\/images\/layzyload-list.jpg\"  data-src=\"https:\/\/articulo30.org\/politica-defensa\/wp-content\/uploads\/paper-51-1-292x190.jpg\" alt=\"post-image\"\/>\n                <\/a>\n                            <\/div>\n\n                \n    <\/div>\n    <div class=\"article-content \">\n\n        <div class=\"entry-header clearfix\">\n            <span class=\"post-cat\">                <a href=\"https:\/\/articulo30.org\/politica-defensa\/seccion\/actores-no-estatales\/\"   title=\"\" >Actores no estatales<\/a>\n                                             <a href=\"https:\/\/articulo30.org\/politica-defensa\/seccion\/policy-papers\/\"  title=\"\" >Policy Papers<\/a>\n            <\/span>\n            <header class=\"entry-header-title\">\n                <h3 class=\"entry-title\"><a href=\"https:\/\/articulo30.org\/politica-defensa\/desarrollo-seguridad-mozambique-paige-dorning\/\" rel=\"bookmark\">Desarrollo y seguridad. El caso de Mozambique<\/a><\/h3>            <\/header>\n        <\/div>\n        <div class=\"article-meta clearfix\">\n            <span class=\"posted-on\"><i class=\"fa fa-clock-o\" aria-hidden=\"true\"><\/i><span class=\"screen-reader-text\">Posted on <\/span><a href=\"https:\/\/articulo30.org\/politica-defensa\/desarrollo-seguridad-mozambique-paige-dorning\/\" rel=\"bookmark\"><time class=\"entry-date published\" datetime=\"2022-03-14T15:30:35+01:00\">14\/03\/2022<\/time><time class=\"updated\" datetime=\"2022-05-04T12:50:56+01:00\">04\/05\/2022<\/time><\/a><\/span>\t<div class=\"entry-meta-right\">\n\t\t\t\t\t<\/div>\n\n        <\/div>\n        <div class=\"entry-content\">\n            Paper 51 14 Marzo 2022 La extracci\u00f3n de recursos naturales se asumi\u00f3 como una oportunidad de desarrollo econ\u00f3mico y social en \u00c1frica. Sin embargo, en la \u00faltima d\u00e9cada se...\n        <\/div>\n\n    <\/div>\n<\/article><!-- #post-## -->\n                        <\/div>\n\n                        \n                        <div class=\"col-item col-xs-12 col-1\">\n                            <article  class=\"post-item post-list clearfix post-5676 post type-post status-publish format-standard has-post-thumbnail hentry category-actores-no-estatales category-conflictos category-policy-papers tag-asia-pacifico tag-estado-islamico-isis tag-malasia tag-terrorismo tag-union-europea\">\n    <div class=\"article-image\">\n                                <div class=\"post-image\">\n                <span class=\"bgr-item\"><\/span>\n                <a href=\"https:\/\/articulo30.org\/politica-defensa\/terrorismo-malasia-pedro-lafuente\/\">\n                    <img decoding=\"async\"  class=\"lazy\" src=\"https:\/\/articulo30.org\/politica-defensa\/wp-content\/themes\/nerubian\/assets\/images\/layzyload-list.jpg\"  data-src=\"https:\/\/articulo30.org\/politica-defensa\/wp-content\/uploads\/terrorismo-malasia-e1618557271922-292x190.jpg\" alt=\"post-image\"\/>\n                <\/a>\n                            <\/div>\n\n                \n    <\/div>\n    <div class=\"article-content \">\n\n        <div class=\"entry-header clearfix\">\n            <span class=\"post-cat\">                <a href=\"https:\/\/articulo30.org\/politica-defensa\/seccion\/actores-no-estatales\/\"   title=\"\" >Actores no estatales<\/a>\n                                             <a href=\"https:\/\/articulo30.org\/politica-defensa\/seccion\/conflictos\/\"  title=\"\" >Conflictos<\/a>\n                             <a href=\"https:\/\/articulo30.org\/politica-defensa\/seccion\/policy-papers\/\"  title=\"\" >Policy Papers<\/a>\n            <\/span>\n            <header class=\"entry-header-title\">\n                <h3 class=\"entry-title\"><a href=\"https:\/\/articulo30.org\/politica-defensa\/terrorismo-malasia-pedro-lafuente\/\" rel=\"bookmark\">Terrorismo en el Sudeste Asi\u00e1tico: el caso de Malasia<\/a><\/h3>            <\/header>\n        <\/div>\n        <div class=\"article-meta clearfix\">\n            <span class=\"posted-on\"><i class=\"fa fa-clock-o\" aria-hidden=\"true\"><\/i><span class=\"screen-reader-text\">Posted on <\/span><a href=\"https:\/\/articulo30.org\/politica-defensa\/terrorismo-malasia-pedro-lafuente\/\" rel=\"bookmark\"><time class=\"entry-date published\" datetime=\"2021-04-16T08:00:16+01:00\">16\/04\/2021<\/time><time class=\"updated\" datetime=\"2021-04-16T08:16:13+01:00\">16\/04\/2021<\/time><\/a><\/span>\t<div class=\"entry-meta-right\">\n\t\t\t\t\t<\/div>\n\n        <\/div>\n        <div class=\"entry-content\">\n            Paper 46 16 Abril 2021 El COVID-19 ha pasado a ocupar la mayor parte de nuestro tiempo. Sin embargo, en medio de todos estos cambios a los que la...\n        <\/div>\n\n    <\/div>\n<\/article><!-- #post-## -->\n                        <\/div>\n\n                        \n                        <div class=\"col-item col-xs-12 col-1\">\n                            <article  class=\"post-item post-list clearfix post-5299 post type-post status-publish format-standard has-post-thumbnail hentry category-actores-no-estatales category-conflictos category-policy-papers tag-colombia tag-cooperacion-al-desarrollo tag-diplomacia tag-espana tag-fuerzas-armadas tag-onu tag-resolucion-de-conflictos\">\n    <div class=\"article-image\">\n                                <div class=\"post-image\">\n                <span class=\"bgr-item\"><\/span>\n                <a href=\"https:\/\/articulo30.org\/politica-defensa\/mision-espanola-colombia-iago-soler\/\">\n                    <img decoding=\"async\"  class=\"lazy\" src=\"https:\/\/articulo30.org\/politica-defensa\/wp-content\/themes\/nerubian\/assets\/images\/layzyload-list.jpg\"  data-src=\"https:\/\/articulo30.org\/politica-defensa\/wp-content\/uploads\/36-292x190.jpg\" alt=\"post-image\"\/>\n                <\/a>\n                            <\/div>\n\n                \n    <\/div>\n    <div class=\"article-content \">\n\n        <div class=\"entry-header clearfix\">\n            <span class=\"post-cat\">                <a href=\"https:\/\/articulo30.org\/politica-defensa\/seccion\/actores-no-estatales\/\"   title=\"\" >Actores no estatales<\/a>\n                                             <a href=\"https:\/\/articulo30.org\/politica-defensa\/seccion\/conflictos\/\"  title=\"\" >Conflictos<\/a>\n                             <a href=\"https:\/\/articulo30.org\/politica-defensa\/seccion\/policy-papers\/\"  title=\"\" >Policy Papers<\/a>\n            <\/span>\n            <header class=\"entry-header-title\">\n                <h3 class=\"entry-title\"><a href=\"https:\/\/articulo30.org\/politica-defensa\/mision-espanola-colombia-iago-soler\/\" rel=\"bookmark\">Misi\u00f3n espa\u00f1ola en Colombia<\/a><\/h3>            <\/header>\n        <\/div>\n        <div class=\"article-meta clearfix\">\n            <span class=\"posted-on\"><i class=\"fa fa-clock-o\" aria-hidden=\"true\"><\/i><span class=\"screen-reader-text\">Posted on <\/span><a href=\"https:\/\/articulo30.org\/politica-defensa\/mision-espanola-colombia-iago-soler\/\" rel=\"bookmark\"><time class=\"entry-date published\" datetime=\"2020-12-21T16:54:34+01:00\">21\/12\/2020<\/time><time class=\"updated\" datetime=\"2021-02-01T17:21:42+01:00\">01\/02\/2021<\/time><\/a><\/span>\t<div class=\"entry-meta-right\">\n\t\t\t\t\t<\/div>\n\n        <\/div>\n        <div class=\"entry-content\">\n            Paper 36 21 Diciembre 2020 Tras la firma de los Acuerdos de La Habana en junio de 2016, el gobierno colombiano solicit\u00f3 al Consejo de Seguridad de la ONU...\n        <\/div>\n\n    <\/div>\n<\/article><!-- #post-## -->\n                        <\/div>\n\n                        \n                        <div class=\"col-item col-xs-12 col-1\">\n                            <article  class=\"post-item post-list clearfix post-5279 post type-post status-publish format-standard has-post-thumbnail hentry category-actores-no-estatales category-internacional tag-africa tag-energia tag-mozambique tag-naciones-unidas tag-yihadismo\">\n    <div class=\"article-image\">\n                                <div class=\"post-image\">\n                <span class=\"bgr-item\"><\/span>\n                <a href=\"https:\/\/articulo30.org\/politica-defensa\/yihadismo-africa-mozambique-jesus-diez-alcalde\/\">\n                    <img decoding=\"async\"  class=\"lazy\" src=\"https:\/\/articulo30.org\/politica-defensa\/wp-content\/themes\/nerubian\/assets\/images\/layzyload-list.jpg\"  data-src=\"https:\/\/articulo30.org\/politica-defensa\/wp-content\/uploads\/270-292x190.jpg\" alt=\"post-image\"\/>\n                <\/a>\n                            <\/div>\n\n                \n    <\/div>\n    <div class=\"article-content \">\n\n        <div class=\"entry-header clearfix\">\n            <span class=\"post-cat\">                <a href=\"https:\/\/articulo30.org\/politica-defensa\/seccion\/actores-no-estatales\/\"   title=\"\" >Actores no estatales<\/a>\n                                             <a href=\"https:\/\/articulo30.org\/politica-defensa\/seccion\/internacional\/\"  title=\"\" >Internacional<\/a>\n            <\/span>\n            <header class=\"entry-header-title\">\n                <h3 class=\"entry-title\"><a href=\"https:\/\/articulo30.org\/politica-defensa\/yihadismo-africa-mozambique-jesus-diez-alcalde\/\" rel=\"bookmark\">Yihadismo en \u00c1frica y ahora,  Mozambique<\/a><\/h3>            <\/header>\n        <\/div>\n        <div class=\"article-meta clearfix\">\n            <span class=\"posted-on\"><i class=\"fa fa-clock-o\" aria-hidden=\"true\"><\/i><span class=\"screen-reader-text\">Posted on <\/span><a href=\"https:\/\/articulo30.org\/politica-defensa\/yihadismo-africa-mozambique-jesus-diez-alcalde\/\" rel=\"bookmark\"><time class=\"entry-date published\" datetime=\"2020-12-10T09:00:17+01:00\">10\/12\/2020<\/time><time class=\"updated\" datetime=\"2020-12-26T10:38:22+01:00\">26\/12\/2020<\/time><\/a><\/span>\t<div class=\"entry-meta-right\">\n\t\t\t\t\t<\/div>\n\n        <\/div>\n        <div class=\"entry-content\">\n            An\u00e1lisis 270 10 Dic. 2020 Demasiados lugares de \u00c1frica se han convertido en el \u201ccaldo de cultivo\u201d perfecto para la expansi\u00f3n de la amenaza yihadista que, lejos de amedrentarse...\n        <\/div>\n\n    <\/div>\n<\/article><!-- #post-## -->\n                        <\/div>\n\n                        \n                        <div class=\"col-item col-xs-12 col-1\">\n                            <article  class=\"post-item post-list clearfix post-4640 post type-post status-publish format-standard has-post-thumbnail hentry category-actores-no-estatales category-internacional tag-irak tag-oriente-medio\">\n    <div class=\"article-image\">\n                                <div class=\"post-image\">\n                <span class=\"bgr-item\"><\/span>\n                <a href=\"https:\/\/articulo30.org\/politica-defensa\/competicion-monopolio-poder-irak-albert-vidal\/\">\n                    <img decoding=\"async\"  class=\"lazy\" src=\"https:\/\/articulo30.org\/politica-defensa\/wp-content\/themes\/nerubian\/assets\/images\/layzyload-list.jpg\"  data-src=\"https:\/\/articulo30.org\/politica-defensa\/wp-content\/uploads\/254-292x190.jpg\" alt=\"post-image\"\/>\n                <\/a>\n                            <\/div>\n\n                \n    <\/div>\n    <div class=\"article-content \">\n\n        <div class=\"entry-header clearfix\">\n            <span class=\"post-cat\">                <a href=\"https:\/\/articulo30.org\/politica-defensa\/seccion\/actores-no-estatales\/\"   title=\"\" >Actores no estatales<\/a>\n                                             <a href=\"https:\/\/articulo30.org\/politica-defensa\/seccion\/internacional\/\"  title=\"\" >Internacional<\/a>\n            <\/span>\n            <header class=\"entry-header-title\">\n                <h3 class=\"entry-title\"><a href=\"https:\/\/articulo30.org\/politica-defensa\/competicion-monopolio-poder-irak-albert-vidal\/\" rel=\"bookmark\">Competici\u00f3n por el monopolio del poder en Irak<\/a><\/h3>            <\/header>\n        <\/div>\n        <div class=\"article-meta clearfix\">\n            <span class=\"posted-on\"><i class=\"fa fa-clock-o\" aria-hidden=\"true\"><\/i><span class=\"screen-reader-text\">Posted on <\/span><a href=\"https:\/\/articulo30.org\/politica-defensa\/competicion-monopolio-poder-irak-albert-vidal\/\" rel=\"bookmark\"><time class=\"entry-date published\" datetime=\"2020-05-04T20:18:05+01:00\">04\/05\/2020<\/time><time class=\"updated\" datetime=\"2020-07-10T10:08:32+01:00\">10\/07\/2020<\/time><\/a><\/span>\t<div class=\"entry-meta-right\">\n\t\t\t\t\t<\/div>\n\n        <\/div>\n        <div class=\"entry-content\">\n            An\u00e1lisis 254 El 9 de abril de 2020, Mustaf\u00e1 al-Khademi fue nombrado Primer Ministro designado, despu\u00e9s de que Adnan al-Zurfi renunciara a su campa\u00f1a por formar gobierno, debido a...\n        <\/div>\n\n    <\/div>\n<\/article><!-- #post-## -->\n                        <\/div>\n\n                        \n                        <div class=\"col-item col-xs-12 col-1\">\n                            <article  class=\"post-item post-list clearfix post-3899 post type-post status-publish format-standard has-post-thumbnail hentry category-actores-no-estatales category-internacional category-mujer tag-familia tag-misiones-internacionales tag-mujer tag-nigeria\">\n    <div class=\"article-image\">\n                                <div class=\"post-image\">\n                <span class=\"bgr-item\"><\/span>\n                <a href=\"https:\/\/articulo30.org\/politica-defensa\/boko-haram-violencia-sexual-cristina-castilla\/\">\n                    <img decoding=\"async\"  class=\"lazy\" src=\"https:\/\/articulo30.org\/politica-defensa\/wp-content\/themes\/nerubian\/assets\/images\/layzyload-list.jpg\"  data-src=\"https:\/\/articulo30.org\/politica-defensa\/wp-content\/uploads\/2263-292x190.jpg\" alt=\"post-image\"\/>\n                <\/a>\n                            <\/div>\n\n                \n    <\/div>\n    <div class=\"article-content \">\n\n        <div class=\"entry-header clearfix\">\n            <span class=\"post-cat\">                <a href=\"https:\/\/articulo30.org\/politica-defensa\/seccion\/actores-no-estatales\/\"   title=\"\" >Actores no estatales<\/a>\n                                             <a href=\"https:\/\/articulo30.org\/politica-defensa\/seccion\/internacional\/\"  title=\"\" >Internacional<\/a>\n                             <a href=\"https:\/\/articulo30.org\/politica-defensa\/seccion\/mujer\/\"  title=\"\" >Mujer<\/a>\n            <\/span>\n            <header class=\"entry-header-title\">\n                <h3 class=\"entry-title\"><a href=\"https:\/\/articulo30.org\/politica-defensa\/boko-haram-violencia-sexual-cristina-castilla\/\" rel=\"bookmark\">Boko Haram y la violencia sexual como t\u00e1ctica de terror<\/a><\/h3>            <\/header>\n        <\/div>\n        <div class=\"article-meta clearfix\">\n            <span class=\"posted-on\"><i class=\"fa fa-clock-o\" aria-hidden=\"true\"><\/i><span class=\"screen-reader-text\">Posted on <\/span><a href=\"https:\/\/articulo30.org\/politica-defensa\/boko-haram-violencia-sexual-cristina-castilla\/\" rel=\"bookmark\"><time class=\"entry-date published\" datetime=\"2019-07-24T17:47:12+01:00\">24\/07\/2019<\/time><time class=\"updated\" datetime=\"2019-08-08T10:34:41+01:00\">08\/08\/2019<\/time><\/a><\/span>\t<div class=\"entry-meta-right\">\n\t\t\t\t\t<\/div>\n\n        <\/div>\n        <div class=\"entry-content\">\n            An\u00e1lisis 226 Desde los atentados del 11 de septiembre, el terrorismo trasnacional ligado al extremismo yihadista es una de las principales amenazas a la paz y la seguridad internacional,...\n        <\/div>\n\n    <\/div>\n<\/article><!-- #post-## -->\n                        <\/div>\n\n                                            <\/div>\n    <\/div>\n\n                <div class=\"navigation pagination clearfix\">\r\n                                            <span class=\"page-numbers current\">1<\/span>\r\n                                                    <a href=\"https:\/\/articulo30.org\/politica-defensa\/wp-json\/wp\/v2\/pages\/2843\/page\/2\/\" class=\"inactive page-numbers\">2<\/a>\r\n                                                        <a href=\"https:\/\/articulo30.org\/politica-defensa\/wp-json\/wp\/v2\/pages\/2843\/page\/3\/\" class=\"inactive page-numbers\">3<\/a>\r\n                                                <a class=\"next page-numbers\" href=\"https:\/\/articulo30.org\/politica-defensa\/wp-json\/wp\/v2\/pages\/2843\/page\/2\/\"><i class=\"fa fa-angle-right\"><\/i><\/a>\r\n                            <\/div>\r\n            <\/div>\n","protected":false},"excerpt":{"rendered":"","protected":false},"author":4,"featured_media":0,"parent":0,"menu_order":0,"comment_status":"closed","ping_status":"closed","template":"","meta":{"footnotes":""},"class_list":["post-2843","page","type-page","status-publish","hentry"],"_links":{"self":[{"href":"https:\/\/articulo30.org\/politica-defensa\/wp-json\/wp\/v2\/pages\/2843","targetHints":{"allow":["GET"]}}],"collection":[{"href":"https:\/\/articulo30.org\/politica-defensa\/wp-json\/wp\/v2\/pages"}],"about":[{"href":"https:\/\/articulo30.org\/politica-defensa\/wp-json\/wp\/v2\/types\/page"}],"author":[{"embeddable":true,"href":"https:\/\/articulo30.org\/politica-defensa\/wp-json\/wp\/v2\/users\/4"}],"replies":[{"embeddable":true,"href":"https:\/\/articulo30.org\/politica-defensa\/wp-json\/wp\/v2\/comments?post=2843"}],"version-history":[{"count":6,"href":"https:\/\/articulo30.org\/politica-defensa\/wp-json\/wp\/v2\/pages\/2843\/revisions"}],"predecessor-version":[{"id":6201,"href":"https:\/\/articulo30.org\/politica-defensa\/wp-json\/wp\/v2\/pages\/2843\/revisions\/6201"}],"wp:attachment":[{"href":"https:\/\/articulo30.org\/politica-defensa\/wp-json\/wp\/v2\/media?parent=2843"}],"curies":[{"name":"wp","href":"https:\/\/api.w.org\/{rel}","templated":true}]}}