{"id":2863,"date":"2018-12-23T00:06:14","date_gmt":"2018-12-22T23:06:14","guid":{"rendered":"https:\/\/articulo30.org\/politica-defensa\/?page_id=2863"},"modified":"2022-11-29T13:44:56","modified_gmt":"2022-11-29T12:44:56","slug":"inteligencia","status":"publish","type":"page","link":"https:\/\/articulo30.org\/politica-defensa\/inteligencia\/","title":{"rendered":"Inteligencia"},"content":{"rendered":"\n<div class=\"wrapper-posts box-recent type-pagination layout-list\" data-layout=\"list\" data-paged=\"3\" data-col=\"col-xs-12 col-1\" data-cat=\"Inteligencia\" data-number=\"8\" data-ads=\"large-rectangle\">\n            <div class=\"box-title clearfix\">\n            <h2 class=\"title-left\">Inteligencia<\/h2>\n                    <\/div>\n        <span class=\"agr-loading\"><\/span>\n    <div class=\"tab-content\">\n        <div id=\"allCat\" class=\"archive-blog affect-isotope row active description-show\">\n                            \n                        <div class=\"col-item col-xs-12 col-1\">\n                            <article  class=\"post-item post-list clearfix post-6667 post type-post status-publish format-standard has-post-thumbnail hentry category-industria-y-tecnologia category-inteligencia category-policy-papers tag-china tag-estados-unidos tag-industria tag-inteligencia tag-politica-gobierno tag-tecnologia tag-union-europea\">\n    <div class=\"article-image\">\n                                <div class=\"post-image\">\n                <span class=\"bgr-item\"><\/span>\n                <a href=\"https:\/\/articulo30.org\/politica-defensa\/espana-huawei-una-decision-tecnologica-con-coste-geopolitico-rebeca-radio\/\">\n                    <img decoding=\"async\"  class=\"lazy\" src=\"https:\/\/articulo30.org\/politica-defensa\/wp-content\/themes\/nerubian\/assets\/images\/layzyload-list.jpg\"  data-src=\"https:\/\/articulo30.org\/politica-defensa\/wp-content\/uploads\/paper-61-292x190.jpg\" alt=\"post-image\"\/>\n                <\/a>\n                            <\/div>\n\n                \n    <\/div>\n    <div class=\"article-content \">\n\n        <div class=\"entry-header clearfix\">\n            <span class=\"post-cat\">                <a href=\"https:\/\/articulo30.org\/politica-defensa\/seccion\/industria-y-tecnologia\/\"   title=\"\" >Industria y Tecnolog\u00eda<\/a>\n                                             <a href=\"https:\/\/articulo30.org\/politica-defensa\/seccion\/inteligencia\/\"  title=\"\" >Inteligencia<\/a>\n                             <a href=\"https:\/\/articulo30.org\/politica-defensa\/seccion\/policy-papers\/\"  title=\"\" >Policy Papers<\/a>\n            <\/span>\n            <header class=\"entry-header-title\">\n                <h3 class=\"entry-title\"><a href=\"https:\/\/articulo30.org\/politica-defensa\/espana-huawei-una-decision-tecnologica-con-coste-geopolitico-rebeca-radio\/\" rel=\"bookmark\">Espa\u00f1a y Huawei: una decisi\u00f3n tecnol\u00f3gica con coste geopol\u00edtico<\/a><\/h3>            <\/header>\n        <\/div>\n        <div class=\"article-meta clearfix\">\n            <span class=\"posted-on\"><i class=\"fa fa-clock-o\" aria-hidden=\"true\"><\/i><span class=\"screen-reader-text\">Posted on <\/span><a href=\"https:\/\/articulo30.org\/politica-defensa\/espana-huawei-una-decision-tecnologica-con-coste-geopolitico-rebeca-radio\/\" rel=\"bookmark\"><time class=\"entry-date published\" datetime=\"2025-07-29T23:29:24+01:00\">29\/07\/2025<\/time><time class=\"updated\" datetime=\"2025-10-15T13:46:22+01:00\">15\/10\/2025<\/time><\/a><\/span>\t<div class=\"entry-meta-right\">\n\t\t\t\t\t<\/div>\n\n        <\/div>\n        <div class=\"entry-content\">\n            Paper 60 30 Julio 2025 Es un hecho incuestionable que la tecnolog\u00eda se ha consolidado como una extensi\u00f3n directa de la pol\u00edtica exterior y de la seguridad de los...\n        <\/div>\n\n    <\/div>\n<\/article><!-- #post-## -->\n                        <\/div>\n\n                        \n                        <div class=\"col-item col-xs-12 col-1\">\n                            <article  class=\"post-item post-list clearfix post-6643 post type-post status-publish format-standard has-post-thumbnail hentry category-espana category-inteligencia category-seguridad-nacional tag-actores-no-estatales tag-espana tag-estrategia-seguridad-nacional tag-fronteras tag-inmigracion tag-inteligencia tag-union-europea\">\n    <div class=\"article-image\">\n                                <div class=\"post-image\">\n                <span class=\"bgr-item\"><\/span>\n                <a href=\"https:\/\/articulo30.org\/politica-defensa\/el-flanco-sur-en-riesgo-inmigracion-ilegal-como-desafio-estrategico-para-espana-rebeca-dario\/\">\n                    <img decoding=\"async\"  class=\"lazy\" src=\"https:\/\/articulo30.org\/politica-defensa\/wp-content\/themes\/nerubian\/assets\/images\/layzyload-list.jpg\"  data-src=\"https:\/\/articulo30.org\/politica-defensa\/wp-content\/uploads\/297-292x190.jpg\" alt=\"post-image\"\/>\n                <\/a>\n                            <\/div>\n\n                \n    <\/div>\n    <div class=\"article-content \">\n\n        <div class=\"entry-header clearfix\">\n            <span class=\"post-cat\">                <a href=\"https:\/\/articulo30.org\/politica-defensa\/seccion\/espana\/\"   title=\"\" >Espa\u00f1a<\/a>\n                                             <a href=\"https:\/\/articulo30.org\/politica-defensa\/seccion\/inteligencia\/\"  title=\"\" >Inteligencia<\/a>\n                             <a href=\"https:\/\/articulo30.org\/politica-defensa\/seccion\/seguridad-nacional\/\"  title=\"\" >Seguridad Nacional<\/a>\n            <\/span>\n            <header class=\"entry-header-title\">\n                <h3 class=\"entry-title\"><a href=\"https:\/\/articulo30.org\/politica-defensa\/el-flanco-sur-en-riesgo-inmigracion-ilegal-como-desafio-estrategico-para-espana-rebeca-dario\/\" rel=\"bookmark\">El flanco sur en riesgo: inmigraci\u00f3n ilegal como desaf\u00edo estrat\u00e9gico para Espa\u00f1a<\/a><\/h3>            <\/header>\n        <\/div>\n        <div class=\"article-meta clearfix\">\n            <span class=\"posted-on\"><i class=\"fa fa-clock-o\" aria-hidden=\"true\"><\/i><span class=\"screen-reader-text\">Posted on <\/span><a href=\"https:\/\/articulo30.org\/politica-defensa\/el-flanco-sur-en-riesgo-inmigracion-ilegal-como-desafio-estrategico-para-espana-rebeca-dario\/\" rel=\"bookmark\"><time class=\"entry-date published\" datetime=\"2025-05-29T11:03:43+01:00\">29\/05\/2025<\/time><time class=\"updated\" datetime=\"2025-07-08T17:54:33+01:00\">08\/07\/2025<\/time><\/a><\/span>\t<div class=\"entry-meta-right\">\n\t\t\t\t\t<\/div>\n\n        <\/div>\n        <div class=\"entry-content\">\n            An\u00e1lisis 297 29 Mayo 2025 La inmigraci\u00f3n ilegal constituye uno de los desaf\u00edos m\u00e1s complejos y persistentes para Espa\u00f1a y, por extensi\u00f3n, para la Uni\u00f3n Europea. En un entorno...\n        <\/div>\n\n    <\/div>\n<\/article><!-- #post-## -->\n                        <\/div>\n\n                        \n                        <div class=\"col-item col-xs-12 col-1\">\n                            <article  class=\"post-item post-list clearfix post-5804 post type-post status-publish format-standard has-post-thumbnail hentry category-iniciativas category-inteligencia category-workshops tag-campus tag-estrategia tag-inteligencia tag-jornadas-profesionales tag-tecnologia\">\n    <div class=\"article-image\">\n                                <div class=\"post-image\">\n                <span class=\"bgr-item\"><\/span>\n                <a href=\"https:\/\/articulo30.org\/politica-defensa\/jornadas-profesionales-inteligencia-corporativa-analisis\/\">\n                    <img decoding=\"async\"  class=\"lazy\" src=\"https:\/\/articulo30.org\/politica-defensa\/wp-content\/themes\/nerubian\/assets\/images\/layzyload-list.jpg\"  data-src=\"https:\/\/articulo30.org\/politica-defensa\/wp-content\/uploads\/inteligencia-analisis-292x190.jpeg\" alt=\"post-image\"\/>\n                <\/a>\n                            <\/div>\n\n                \n    <\/div>\n    <div class=\"article-content \">\n\n        <div class=\"entry-header clearfix\">\n            <span class=\"post-cat\">                <a href=\"https:\/\/articulo30.org\/politica-defensa\/seccion\/iniciativas\/\"   title=\"\" >Iniciativas<\/a>\n                                             <a href=\"https:\/\/articulo30.org\/politica-defensa\/seccion\/inteligencia\/\"  title=\"\" >Inteligencia<\/a>\n                             <a href=\"https:\/\/articulo30.org\/politica-defensa\/seccion\/workshops\/\"  title=\"\" >Workshops<\/a>\n            <\/span>\n            <header class=\"entry-header-title\">\n                <h3 class=\"entry-title\"><a href=\"https:\/\/articulo30.org\/politica-defensa\/jornadas-profesionales-inteligencia-corporativa-analisis\/\" rel=\"bookmark\">Inteligencia Corporativa y An\u00e1lisis<\/a><\/h3>            <\/header>\n        <\/div>\n        <div class=\"article-meta clearfix\">\n            <span class=\"posted-on\"><i class=\"fa fa-clock-o\" aria-hidden=\"true\"><\/i><span class=\"screen-reader-text\">Posted on <\/span><a href=\"https:\/\/articulo30.org\/politica-defensa\/jornadas-profesionales-inteligencia-corporativa-analisis\/\" rel=\"bookmark\"><time class=\"entry-date published\" datetime=\"2021-06-08T10:00:12+01:00\">08\/06\/2021<\/time><time class=\"updated\" datetime=\"2021-07-16T11:25:39+01:00\">16\/07\/2021<\/time><\/a><\/span>\t<div class=\"entry-meta-right\">\n\t\t\t\t\t<\/div>\n\n        <\/div>\n        <div class=\"entry-content\">\n            JORNADAS PROFESIONALES 15 Junio 2021 La sesi\u00f3n del mes de junio del programa Jornadas Profesionales ha estado dedicada a las actividades aplicadas a consultor\u00eda y gesti\u00f3n relacionadas con los...\n        <\/div>\n\n    <\/div>\n<\/article><!-- #post-## -->\n                        <\/div>\n\n                        \n                        <div class=\"col-item col-xs-12 col-1\">\n                            <article  class=\"post-item post-list clearfix post-5637 post type-post status-publish format-standard has-post-thumbnail hentry category-espana category-inteligencia tag-cni tag-espana tag-estrategia tag-inteligencia tag-politica-gobierno tag-seguridad-nacional\">\n    <div class=\"article-image\">\n                                <div class=\"post-image\">\n                <span class=\"bgr-item\"><\/span>\n                <a href=\"https:\/\/articulo30.org\/politica-defensa\/oficina-nacional-prospectiva-estrategia-2021\/\">\n                    <img decoding=\"async\"  class=\"lazy\" src=\"https:\/\/articulo30.org\/politica-defensa\/wp-content\/themes\/nerubian\/assets\/images\/layzyload-list.jpg\"  data-src=\"https:\/\/articulo30.org\/politica-defensa\/wp-content\/uploads\/oficina-prospectiva-estrategia-292x190.jpg\" alt=\"post-image\"\/>\n                <\/a>\n                            <\/div>\n\n                \n    <\/div>\n    <div class=\"article-content \">\n\n        <div class=\"entry-header clearfix\">\n            <span class=\"post-cat\">                <a href=\"https:\/\/articulo30.org\/politica-defensa\/seccion\/espana\/\"   title=\"\" >Espa\u00f1a<\/a>\n                                             <a href=\"https:\/\/articulo30.org\/politica-defensa\/seccion\/inteligencia\/\"  title=\"\" >Inteligencia<\/a>\n            <\/span>\n            <header class=\"entry-header-title\">\n                <h3 class=\"entry-title\"><a href=\"https:\/\/articulo30.org\/politica-defensa\/oficina-nacional-prospectiva-estrategia-2021\/\" rel=\"bookmark\">La Oficina Nacional de Prospectiva y Estrategia, un a\u00f1o despu\u00e9s<\/a><\/h3>            <\/header>\n        <\/div>\n        <div class=\"article-meta clearfix\">\n            <span class=\"posted-on\"><i class=\"fa fa-clock-o\" aria-hidden=\"true\"><\/i><span class=\"screen-reader-text\">Posted on <\/span><a href=\"https:\/\/articulo30.org\/politica-defensa\/oficina-nacional-prospectiva-estrategia-2021\/\" rel=\"bookmark\"><time class=\"entry-date published\" datetime=\"2021-03-26T12:02:27+01:00\">26\/03\/2021<\/time><time class=\"updated\" datetime=\"2021-07-16T16:12:09+01:00\">16\/07\/2021<\/time><\/a><\/span>\t<div class=\"entry-meta-right\">\n\t\t\t\t\t<\/div>\n\n        <\/div>\n        <div class=\"entry-content\">\n            An\u00e1lisis 274 26 Marzo 2021 Toda estrategia requiere unos objetivos claros y una imagen del escenario final deseado, as\u00ed como definir riesgos y amenazas, e identificar el mapa de...\n        <\/div>\n\n    <\/div>\n<\/article><!-- #post-## -->\n                        <\/div>\n\n                        \n                        <div class=\"col-item col-xs-12 col-1\">\n                            <article  class=\"post-item post-list clearfix post-5253 post type-post status-publish format-standard has-post-thumbnail hentry category-inteligencia category-seguridad-nacional tag-inteligencia tag-medios-de-comunicacion tag-opinion-publica tag-seguridad-nacional\">\n    <div class=\"article-image\">\n                                <div class=\"post-image\">\n                <span class=\"bgr-item\"><\/span>\n                <a href=\"https:\/\/articulo30.org\/politica-defensa\/quien-controla-al-controlador-fernando-cocho\/\">\n                    <img decoding=\"async\"  class=\"lazy\" src=\"https:\/\/articulo30.org\/politica-defensa\/wp-content\/themes\/nerubian\/assets\/images\/layzyload-list.jpg\"  data-src=\"https:\/\/articulo30.org\/politica-defensa\/wp-content\/uploads\/ivan-redondo-292x190.jpg\" alt=\"post-image\"\/>\n                <\/a>\n                            <\/div>\n\n                \n    <\/div>\n    <div class=\"article-content \">\n\n        <div class=\"entry-header clearfix\">\n            <span class=\"post-cat\">                <a href=\"https:\/\/articulo30.org\/politica-defensa\/seccion\/inteligencia\/\"   title=\"\" >Inteligencia<\/a>\n                                             <a href=\"https:\/\/articulo30.org\/politica-defensa\/seccion\/seguridad-nacional\/\"  title=\"\" >Seguridad Nacional<\/a>\n            <\/span>\n            <header class=\"entry-header-title\">\n                <h3 class=\"entry-title\"><a href=\"https:\/\/articulo30.org\/politica-defensa\/quien-controla-al-controlador-fernando-cocho\/\" rel=\"bookmark\">\u00bfQui\u00e9n controla al controlador? Fake news como \u201cexcusa pol\u00edtica\u201d<\/a><\/h3>            <\/header>\n        <\/div>\n        <div class=\"article-meta clearfix\">\n            <span class=\"posted-on\"><i class=\"fa fa-clock-o\" aria-hidden=\"true\"><\/i><span class=\"screen-reader-text\">Posted on <\/span><a href=\"https:\/\/articulo30.org\/politica-defensa\/quien-controla-al-controlador-fernando-cocho\/\" rel=\"bookmark\"><time class=\"entry-date published\" datetime=\"2020-11-07T18:00:06+01:00\">07\/11\/2020<\/time><time class=\"updated\" datetime=\"2021-01-05T00:18:20+01:00\">05\/01\/2021<\/time><\/a><\/span>\t<div class=\"entry-meta-right\">\n\t\t\t\t\t<\/div>\n\n        <\/div>\n        <div class=\"entry-content\">\n            7 Nov. 2020 Se nos informa mientras la sociedad est\u00e1 distra\u00edda en miedos pand\u00e9micos y econ\u00f3micos, que desde el Gobierno se abre ya una oficina Omnipotente dependiente de presidencia...\n        <\/div>\n\n    <\/div>\n<\/article><!-- #post-## -->\n                        <\/div>\n\n                        \n                        <div class=\"col-item col-xs-12 col-1\">\n                            <article  class=\"post-item post-list clearfix post-3868 post type-post status-publish format-standard has-post-thumbnail hentry category-espana category-inteligencia tag-inteligencia tag-politica-gobierno tag-politica-partidos\">\n    <div class=\"article-image\">\n                                <div class=\"post-image\">\n                <span class=\"bgr-item\"><\/span>\n                <a href=\"https:\/\/articulo30.org\/politica-defensa\/paz-esteban-cni\/\">\n                    <img decoding=\"async\"  class=\"lazy\" src=\"https:\/\/articulo30.org\/politica-defensa\/wp-content\/themes\/nerubian\/assets\/images\/layzyload-list.jpg\"  data-src=\"https:\/\/articulo30.org\/politica-defensa\/wp-content\/uploads\/223-292x190.jpg\" alt=\"post-image\"\/>\n                <\/a>\n                            <\/div>\n\n                \n    <\/div>\n    <div class=\"article-content \">\n\n        <div class=\"entry-header clearfix\">\n            <span class=\"post-cat\">                <a href=\"https:\/\/articulo30.org\/politica-defensa\/seccion\/espana\/\"   title=\"\" >Espa\u00f1a<\/a>\n                                             <a href=\"https:\/\/articulo30.org\/politica-defensa\/seccion\/inteligencia\/\"  title=\"\" >Inteligencia<\/a>\n            <\/span>\n            <header class=\"entry-header-title\">\n                <h3 class=\"entry-title\"><a href=\"https:\/\/articulo30.org\/politica-defensa\/paz-esteban-cni\/\" rel=\"bookmark\">Se busca SED-CNI<\/a><\/h3>            <\/header>\n        <\/div>\n        <div class=\"article-meta clearfix\">\n            <span class=\"posted-on\"><i class=\"fa fa-clock-o\" aria-hidden=\"true\"><\/i><span class=\"screen-reader-text\">Posted on <\/span><a href=\"https:\/\/articulo30.org\/politica-defensa\/paz-esteban-cni\/\" rel=\"bookmark\"><time class=\"entry-date published\" datetime=\"2019-07-14T11:13:14+01:00\">14\/07\/2019<\/time><time class=\"updated\" datetime=\"2019-09-26T10:38:14+01:00\">26\/09\/2019<\/time><\/a><\/span>\t<div class=\"entry-meta-right\">\n\t\t\t\t\t<\/div>\n\n        <\/div>\n        <div class=\"entry-content\">\n            An\u00e1lisis 223 La direcci\u00f3n del Centro Nacional de Inteligencia se encuentra en situaci\u00f3n de interinidad. Una direcci\u00f3n de los servicios de inteligencia no puede estar en interinidad, y si...\n        <\/div>\n\n    <\/div>\n<\/article><!-- #post-## -->\n                        <\/div>\n\n                        \n                        <div class=\"col-item col-xs-12 col-1\">\n                            <article  class=\"post-item post-list clearfix post-3843 post type-post status-publish format-standard has-post-thumbnail hentry category-ciberseguridad category-inteligencia category-internacional tag-ciberseguridad tag-conflictos tag-inteligencia-artificial tag-tecnologia\">\n    <div class=\"article-image\">\n                                <div class=\"post-image\">\n                <span class=\"bgr-item\"><\/span>\n                <a href=\"https:\/\/articulo30.org\/politica-defensa\/impacto-inteligencia-artificial-ciberseguridad-andrea-rodriguez\/\">\n                    <img decoding=\"async\"  class=\"lazy\" src=\"https:\/\/articulo30.org\/politica-defensa\/wp-content\/themes\/nerubian\/assets\/images\/layzyload-list.jpg\"  data-src=\"https:\/\/articulo30.org\/politica-defensa\/wp-content\/uploads\/2212-292x190.jpg\" alt=\"post-image\"\/>\n                <\/a>\n                            <\/div>\n\n                \n    <\/div>\n    <div class=\"article-content \">\n\n        <div class=\"entry-header clearfix\">\n            <span class=\"post-cat\">                <a href=\"https:\/\/articulo30.org\/politica-defensa\/seccion\/ciberseguridad\/\"   title=\"\" >Ciberseguridad<\/a>\n                                             <a href=\"https:\/\/articulo30.org\/politica-defensa\/seccion\/inteligencia\/\"  title=\"\" >Inteligencia<\/a>\n                             <a href=\"https:\/\/articulo30.org\/politica-defensa\/seccion\/internacional\/\"  title=\"\" >Internacional<\/a>\n            <\/span>\n            <header class=\"entry-header-title\">\n                <h3 class=\"entry-title\"><a href=\"https:\/\/articulo30.org\/politica-defensa\/impacto-inteligencia-artificial-ciberseguridad-andrea-rodriguez\/\" rel=\"bookmark\">El impacto de la Inteligencia Artificial en Ciberseguridad<\/a><\/h3>            <\/header>\n        <\/div>\n        <div class=\"article-meta clearfix\">\n            <span class=\"posted-on\"><i class=\"fa fa-clock-o\" aria-hidden=\"true\"><\/i><span class=\"screen-reader-text\">Posted on <\/span><a href=\"https:\/\/articulo30.org\/politica-defensa\/impacto-inteligencia-artificial-ciberseguridad-andrea-rodriguez\/\" rel=\"bookmark\"><time class=\"entry-date published\" datetime=\"2019-06-28T10:12:48+01:00\">28\/06\/2019<\/time><time class=\"updated\" datetime=\"2019-07-10T16:36:07+01:00\">10\/07\/2019<\/time><\/a><\/span>\t<div class=\"entry-meta-right\">\n\t\t\t\t\t<\/div>\n\n        <\/div>\n        <div class=\"entry-content\">\n            An\u00e1lisis 221 Uno de los elementos m\u00e1s relevantes que configura la actual competici\u00f3n tecnol\u00f3gica es la supremac\u00eda por el \u00e1mbito cibern\u00e9tico y, en concreto, por las capacidades que ofrece...\n        <\/div>\n\n    <\/div>\n<\/article><!-- #post-## -->\n                        <\/div>\n\n                        \n                        <div class=\"col-item col-xs-12 col-1\">\n                            <article  class=\"post-item post-list clearfix post-3704 post type-post status-publish format-standard has-post-thumbnail hentry category-espana category-inteligencia tag-inteligencia tag-misiones-internacionales tag-narrativa tag-opinion-publica\">\n    <div class=\"article-image\">\n                                <div class=\"post-image\">\n                <span class=\"bgr-item\"><\/span>\n                <a href=\"https:\/\/articulo30.org\/politica-defensa\/entorno-operativo-futuro-batalla-narrativas-francisco-quinones\/\">\n                    <img decoding=\"async\"  class=\"lazy\" src=\"https:\/\/articulo30.org\/politica-defensa\/wp-content\/themes\/nerubian\/assets\/images\/layzyload-list.jpg\"  data-src=\"https:\/\/articulo30.org\/politica-defensa\/wp-content\/uploads\/2172-292x190.jpg\" alt=\"post-image\"\/>\n                <\/a>\n                            <\/div>\n\n                \n    <\/div>\n    <div class=\"article-content \">\n\n        <div class=\"entry-header clearfix\">\n            <span class=\"post-cat\">                <a href=\"https:\/\/articulo30.org\/politica-defensa\/seccion\/espana\/\"   title=\"\" >Espa\u00f1a<\/a>\n                                             <a href=\"https:\/\/articulo30.org\/politica-defensa\/seccion\/inteligencia\/\"  title=\"\" >Inteligencia<\/a>\n            <\/span>\n            <header class=\"entry-header-title\">\n                <h3 class=\"entry-title\"><a href=\"https:\/\/articulo30.org\/politica-defensa\/entorno-operativo-futuro-batalla-narrativas-francisco-quinones\/\" rel=\"bookmark\">Entorno operativo futuro: la batalla por las narrativas<\/a><\/h3>            <\/header>\n        <\/div>\n        <div class=\"article-meta clearfix\">\n            <span class=\"posted-on\"><i class=\"fa fa-clock-o\" aria-hidden=\"true\"><\/i><span class=\"screen-reader-text\">Posted on <\/span><a href=\"https:\/\/articulo30.org\/politica-defensa\/entorno-operativo-futuro-batalla-narrativas-francisco-quinones\/\" rel=\"bookmark\"><time class=\"entry-date published\" datetime=\"2019-05-02T20:30:38+01:00\">02\/05\/2019<\/time><time class=\"updated\" datetime=\"2019-05-15T18:05:43+01:00\">15\/05\/2019<\/time><\/a><\/span>\t<div class=\"entry-meta-right\">\n\t\t\t\t\t<\/div>\n\n        <\/div>\n        <div class=\"entry-content\">\n            An\u00e1lisis 217 El control est\u00e1 profusamente se\u00f1alizado en ingl\u00e9s, espa\u00f1ol, ruso y en la lengua local. A las 08:26 horas de la ma\u00f1ana los soldados de la Coalici\u00f3n en...\n        <\/div>\n\n    <\/div>\n<\/article><!-- #post-## -->\n                        <\/div>\n\n                                            <\/div>\n    <\/div>\n\n                <div class=\"navigation pagination clearfix\">\r\n                                            <span class=\"page-numbers current\">1<\/span>\r\n                                                    <a href=\"https:\/\/articulo30.org\/politica-defensa\/wp-json\/wp\/v2\/pages\/2863\/page\/2\/\" class=\"inactive page-numbers\">2<\/a>\r\n                                                        <a href=\"https:\/\/articulo30.org\/politica-defensa\/wp-json\/wp\/v2\/pages\/2863\/page\/3\/\" class=\"inactive page-numbers\">3<\/a>\r\n                                                <a class=\"next page-numbers\" href=\"https:\/\/articulo30.org\/politica-defensa\/wp-json\/wp\/v2\/pages\/2863\/page\/2\/\"><i class=\"fa fa-angle-right\"><\/i><\/a>\r\n                            <\/div>\r\n            <\/div>\n","protected":false},"excerpt":{"rendered":"","protected":false},"author":4,"featured_media":0,"parent":0,"menu_order":0,"comment_status":"closed","ping_status":"closed","template":"","meta":{"footnotes":""},"class_list":["post-2863","page","type-page","status-publish","hentry"],"_links":{"self":[{"href":"https:\/\/articulo30.org\/politica-defensa\/wp-json\/wp\/v2\/pages\/2863","targetHints":{"allow":["GET"]}}],"collection":[{"href":"https:\/\/articulo30.org\/politica-defensa\/wp-json\/wp\/v2\/pages"}],"about":[{"href":"https:\/\/articulo30.org\/politica-defensa\/wp-json\/wp\/v2\/types\/page"}],"author":[{"embeddable":true,"href":"https:\/\/articulo30.org\/politica-defensa\/wp-json\/wp\/v2\/users\/4"}],"replies":[{"embeddable":true,"href":"https:\/\/articulo30.org\/politica-defensa\/wp-json\/wp\/v2\/comments?post=2863"}],"version-history":[{"count":5,"href":"https:\/\/articulo30.org\/politica-defensa\/wp-json\/wp\/v2\/pages\/2863\/revisions"}],"predecessor-version":[{"id":6198,"href":"https:\/\/articulo30.org\/politica-defensa\/wp-json\/wp\/v2\/pages\/2863\/revisions\/6198"}],"wp:attachment":[{"href":"https:\/\/articulo30.org\/politica-defensa\/wp-json\/wp\/v2\/media?parent=2863"}],"curies":[{"name":"wp","href":"https:\/\/api.w.org\/{rel}","templated":true}]}}