{"id":2897,"date":"2018-12-23T01:08:42","date_gmt":"2018-12-23T00:08:42","guid":{"rendered":"https:\/\/articulo30.org\/politica-defensa\/?page_id=2897"},"modified":"2022-11-29T13:45:55","modified_gmt":"2022-11-29T12:45:55","slug":"mujer","status":"publish","type":"page","link":"https:\/\/articulo30.org\/politica-defensa\/mujer\/","title":{"rendered":"Agenda Mujer, Paz y Seguridad"},"content":{"rendered":"\n<div class=\"wrapper-posts box-recent type-pagination layout-list\" data-layout=\"list\" data-paged=\"2\" data-col=\"col-xs-12 col-1\" data-cat=\"mujer, paz y seguridad\" data-number=\"8\" data-ads=\"large-rectangle\">\n            <div class=\"box-title clearfix\">\n            <h2 class=\"title-left\">Agenda Mujer, Paz y Seguridad<\/h2>\n                    <\/div>\n        <span class=\"agr-loading\"><\/span>\n    <div class=\"tab-content\">\n        <div id=\"allCat\" class=\"archive-blog affect-isotope row active description-show\">\n                            \n                        <div class=\"col-item col-xs-12 col-1\">\n                            <article  class=\"post-item post-list clearfix post-6268 post type-post status-publish format-standard has-post-thumbnail hentry category-cultura-estrategica category-espana category-mujer tag-espana tag-fuerzas-armadas tag-mujer tag-politica-partidos tag-politica-de-defensa\">\n    <div class=\"article-image\">\n                                <div class=\"post-image\">\n                <span class=\"bgr-item\"><\/span>\n                <a href=\"https:\/\/articulo30.org\/politica-defensa\/las-que-visten-uniforme-y-las-que-lo-llevan-por-dentro\/\">\n                    <img decoding=\"async\"  class=\"lazy\" src=\"https:\/\/articulo30.org\/politica-defensa\/wp-content\/themes\/nerubian\/assets\/images\/layzyload-list.jpg\"  data-src=\"https:\/\/articulo30.org\/politica-defensa\/wp-content\/uploads\/mujeres-militares-2-kV2D-1248x698@abc-292x190.jpg\" alt=\"post-image\"\/>\n                <\/a>\n                            <\/div>\n\n                \n    <\/div>\n    <div class=\"article-content \">\n\n        <div class=\"entry-header clearfix\">\n            <span class=\"post-cat\">                <a href=\"https:\/\/articulo30.org\/politica-defensa\/seccion\/cultura-estrategica\/\"   title=\"\" >Cultura Estrat\u00e9gica<\/a>\n                                             <a href=\"https:\/\/articulo30.org\/politica-defensa\/seccion\/espana\/\"  title=\"\" >Espa\u00f1a<\/a>\n                             <a href=\"https:\/\/articulo30.org\/politica-defensa\/seccion\/mujer\/\"  title=\"\" >Mujer<\/a>\n            <\/span>\n            <header class=\"entry-header-title\">\n                <h3 class=\"entry-title\"><a href=\"https:\/\/articulo30.org\/politica-defensa\/las-que-visten-uniforme-y-las-que-lo-llevan-por-dentro\/\" rel=\"bookmark\">Las que visten uniforme y las que lo llevan por dentro<\/a><\/h3>            <\/header>\n        <\/div>\n        <div class=\"article-meta clearfix\">\n            <span class=\"posted-on\"><i class=\"fa fa-clock-o\" aria-hidden=\"true\"><\/i><span class=\"screen-reader-text\">Posted on <\/span><a href=\"https:\/\/articulo30.org\/politica-defensa\/las-que-visten-uniforme-y-las-que-lo-llevan-por-dentro\/\" rel=\"bookmark\"><time class=\"entry-date published\" datetime=\"2023-03-08T08:52:07+01:00\">08\/03\/2023<\/time><time class=\"updated\" datetime=\"2023-10-17T09:16:44+01:00\">17\/10\/2023<\/time><\/a><\/span>\t<div class=\"entry-meta-right\">\n\t\t\t\t\t<\/div>\n\n        <\/div>\n        <div class=\"entry-content\">\n            An\u00e1lisis 285&nbsp; 8 Marzo 2023 Un a\u00f1o y no nos cansamos de repetirlo, vuelven a salir a la calle gritos y gritos hablando de la mujer y nosotros levantamos...\n        <\/div>\n\n    <\/div>\n<\/article><!-- #post-## -->\n                        <\/div>\n\n                        \n                        <div class=\"col-item col-xs-12 col-1\">\n                            <article  class=\"post-item post-list clearfix post-6070 post type-post status-publish format-standard has-post-thumbnail hentry category-espana category-mujer tag-familia tag-fuerzas-armadas tag-misiones-internacionales tag-mujer tag-politica-gobierno\">\n    <div class=\"article-image\">\n                                <div class=\"post-image\">\n                <span class=\"bgr-item\"><\/span>\n                <a href=\"https:\/\/articulo30.org\/politica-defensa\/8-m-una-vez-mas\/\">\n                    <img decoding=\"async\"  class=\"lazy\" src=\"https:\/\/articulo30.org\/politica-defensa\/wp-content\/themes\/nerubian\/assets\/images\/layzyload-list.jpg\"  data-src=\"https:\/\/articulo30.org\/politica-defensa\/wp-content\/uploads\/282-292x190.jpg\" alt=\"post-image\"\/>\n                <\/a>\n                            <\/div>\n\n                \n    <\/div>\n    <div class=\"article-content \">\n\n        <div class=\"entry-header clearfix\">\n            <span class=\"post-cat\">                <a href=\"https:\/\/articulo30.org\/politica-defensa\/seccion\/espana\/\"   title=\"\" >Espa\u00f1a<\/a>\n                                             <a href=\"https:\/\/articulo30.org\/politica-defensa\/seccion\/mujer\/\"  title=\"\" >Mujer<\/a>\n            <\/span>\n            <header class=\"entry-header-title\">\n                <h3 class=\"entry-title\"><a href=\"https:\/\/articulo30.org\/politica-defensa\/8-m-una-vez-mas\/\" rel=\"bookmark\">8 M, una vez m\u00e1s<\/a><\/h3>            <\/header>\n        <\/div>\n        <div class=\"article-meta clearfix\">\n            <span class=\"posted-on\"><i class=\"fa fa-clock-o\" aria-hidden=\"true\"><\/i><span class=\"screen-reader-text\">Posted on <\/span><a href=\"https:\/\/articulo30.org\/politica-defensa\/8-m-una-vez-mas\/\" rel=\"bookmark\"><time class=\"entry-date published\" datetime=\"2022-03-08T15:31:27+01:00\">08\/03\/2022<\/time><time class=\"updated\" datetime=\"2023-03-01T14:50:45+01:00\">01\/03\/2023<\/time><\/a><\/span>\t<div class=\"entry-meta-right\">\n\t\t\t\t\t<\/div>\n\n        <\/div>\n        <div class=\"entry-content\">\n            An\u00e1lisis 282 8 Marzo 2022 Ucrania nos ha demostrado que la guerra no entiende de sexos (para los que a\u00fan lo dudan) y la masiva llamada a filas del...\n        <\/div>\n\n    <\/div>\n<\/article><!-- #post-## -->\n                        <\/div>\n\n                        \n                        <div class=\"col-item col-xs-12 col-1\">\n                            <article  class=\"post-item post-list clearfix post-5547 post type-post status-publish format-standard has-post-thumbnail hentry category-espana category-mujer tag-cultura-de-defensa tag-misiones-internacionales tag-mujer tag-opinion-publica tag-politica-gobierno tag-politica-partidos tag-sociedad-civil\">\n    <div class=\"article-image\">\n                                <div class=\"post-image\">\n                <span class=\"bgr-item\"><\/span>\n                <a href=\"https:\/\/articulo30.org\/politica-defensa\/vanguardia-retaguardia-dia-de-la-mujer\/\">\n                    <img decoding=\"async\"  class=\"lazy\" src=\"https:\/\/articulo30.org\/politica-defensa\/wp-content\/themes\/nerubian\/assets\/images\/layzyload-list.jpg\"  data-src=\"https:\/\/articulo30.org\/politica-defensa\/wp-content\/uploads\/8M-dia-mujer-2021-292x190.jpg\" alt=\"post-image\"\/>\n                <\/a>\n                            <\/div>\n\n                \n    <\/div>\n    <div class=\"article-content \">\n\n        <div class=\"entry-header clearfix\">\n            <span class=\"post-cat\">                <a href=\"https:\/\/articulo30.org\/politica-defensa\/seccion\/espana\/\"   title=\"\" >Espa\u00f1a<\/a>\n                                             <a href=\"https:\/\/articulo30.org\/politica-defensa\/seccion\/mujer\/\"  title=\"\" >Mujer<\/a>\n            <\/span>\n            <header class=\"entry-header-title\">\n                <h3 class=\"entry-title\"><a href=\"https:\/\/articulo30.org\/politica-defensa\/vanguardia-retaguardia-dia-de-la-mujer\/\" rel=\"bookmark\">Ellas, las de vanguardia y las de retaguardia<\/a><\/h3>            <\/header>\n        <\/div>\n        <div class=\"article-meta clearfix\">\n            <span class=\"posted-on\"><i class=\"fa fa-clock-o\" aria-hidden=\"true\"><\/i><span class=\"screen-reader-text\">Posted on <\/span><a href=\"https:\/\/articulo30.org\/politica-defensa\/vanguardia-retaguardia-dia-de-la-mujer\/\" rel=\"bookmark\"><time class=\"entry-date published\" datetime=\"2021-03-08T08:00:45+01:00\">08\/03\/2021<\/time><time class=\"updated\" datetime=\"2021-04-23T14:26:33+01:00\">23\/04\/2021<\/time><\/a><\/span>\t<div class=\"entry-meta-right\">\n\t\t\t\t\t<\/div>\n\n        <\/div>\n        <div class=\"entry-content\">\n            8M \u00b7 D\u00eda de la Mujer 2021 Se cumplen 30 a\u00f1os desde la incorporaci\u00f3n de la mujer a las Fuerzas Armadas y seguimos respirando un cierto feminismo rancio y...\n        <\/div>\n\n    <\/div>\n<\/article><!-- #post-## -->\n                        <\/div>\n\n                        \n                        <div class=\"col-item col-xs-12 col-1\">\n                            <article  class=\"post-item post-list clearfix post-3899 post type-post status-publish format-standard has-post-thumbnail hentry category-actores-no-estatales category-internacional category-mujer tag-familia tag-misiones-internacionales tag-mujer tag-nigeria\">\n    <div class=\"article-image\">\n                                <div class=\"post-image\">\n                <span class=\"bgr-item\"><\/span>\n                <a href=\"https:\/\/articulo30.org\/politica-defensa\/boko-haram-violencia-sexual-cristina-castilla\/\">\n                    <img decoding=\"async\"  class=\"lazy\" src=\"https:\/\/articulo30.org\/politica-defensa\/wp-content\/themes\/nerubian\/assets\/images\/layzyload-list.jpg\"  data-src=\"https:\/\/articulo30.org\/politica-defensa\/wp-content\/uploads\/2263-292x190.jpg\" alt=\"post-image\"\/>\n                <\/a>\n                            <\/div>\n\n                \n    <\/div>\n    <div class=\"article-content \">\n\n        <div class=\"entry-header clearfix\">\n            <span class=\"post-cat\">                <a href=\"https:\/\/articulo30.org\/politica-defensa\/seccion\/actores-no-estatales\/\"   title=\"\" >Actores no estatales<\/a>\n                                             <a href=\"https:\/\/articulo30.org\/politica-defensa\/seccion\/internacional\/\"  title=\"\" >Internacional<\/a>\n                             <a href=\"https:\/\/articulo30.org\/politica-defensa\/seccion\/mujer\/\"  title=\"\" >Mujer<\/a>\n            <\/span>\n            <header class=\"entry-header-title\">\n                <h3 class=\"entry-title\"><a href=\"https:\/\/articulo30.org\/politica-defensa\/boko-haram-violencia-sexual-cristina-castilla\/\" rel=\"bookmark\">Boko Haram y la violencia sexual como t\u00e1ctica de terror<\/a><\/h3>            <\/header>\n        <\/div>\n        <div class=\"article-meta clearfix\">\n            <span class=\"posted-on\"><i class=\"fa fa-clock-o\" aria-hidden=\"true\"><\/i><span class=\"screen-reader-text\">Posted on <\/span><a href=\"https:\/\/articulo30.org\/politica-defensa\/boko-haram-violencia-sexual-cristina-castilla\/\" rel=\"bookmark\"><time class=\"entry-date published\" datetime=\"2019-07-24T17:47:12+01:00\">24\/07\/2019<\/time><time class=\"updated\" datetime=\"2019-08-08T10:34:41+01:00\">08\/08\/2019<\/time><\/a><\/span>\t<div class=\"entry-meta-right\">\n\t\t\t\t\t<\/div>\n\n        <\/div>\n        <div class=\"entry-content\">\n            An\u00e1lisis 226 Desde los atentados del 11 de septiembre, el terrorismo trasnacional ligado al extremismo yihadista es una de las principales amenazas a la paz y la seguridad internacional,...\n        <\/div>\n\n    <\/div>\n<\/article><!-- #post-## -->\n                        <\/div>\n\n                        \n                        <div class=\"col-item col-xs-12 col-1\">\n                            <article  class=\"post-item post-list clearfix post-3418 post type-post status-publish format-standard has-post-thumbnail hentry category-espana category-mujer tag-cultura-de-defensa tag-misiones-internacionales tag-mujer\">\n    <div class=\"article-image\">\n                                <div class=\"post-image\">\n                <span class=\"bgr-item\"><\/span>\n                <a href=\"https:\/\/articulo30.org\/politica-defensa\/mujer-8m\/\">\n                    <img decoding=\"async\"  class=\"lazy\" src=\"https:\/\/articulo30.org\/politica-defensa\/wp-content\/themes\/nerubian\/assets\/images\/layzyload-list.jpg\"  data-src=\"https:\/\/articulo30.org\/politica-defensa\/wp-content\/uploads\/8M1-292x190.jpg\" alt=\"post-image\"\/>\n                <\/a>\n                            <\/div>\n\n                \n    <\/div>\n    <div class=\"article-content \">\n\n        <div class=\"entry-header clearfix\">\n            <span class=\"post-cat\">                <a href=\"https:\/\/articulo30.org\/politica-defensa\/seccion\/espana\/\"   title=\"\" >Espa\u00f1a<\/a>\n                                             <a href=\"https:\/\/articulo30.org\/politica-defensa\/seccion\/mujer\/\"  title=\"\" >Mujer<\/a>\n            <\/span>\n            <header class=\"entry-header-title\">\n                <h3 class=\"entry-title\"><a href=\"https:\/\/articulo30.org\/politica-defensa\/mujer-8m\/\" rel=\"bookmark\">Mujer y Pol\u00edtica de Defensa<\/a><\/h3>            <\/header>\n        <\/div>\n        <div class=\"article-meta clearfix\">\n            <span class=\"posted-on\"><i class=\"fa fa-clock-o\" aria-hidden=\"true\"><\/i><span class=\"screen-reader-text\">Posted on <\/span><a href=\"https:\/\/articulo30.org\/politica-defensa\/mujer-8m\/\" rel=\"bookmark\"><time class=\"entry-date published\" datetime=\"2019-03-08T00:00:50+01:00\">08\/03\/2019<\/time><time class=\"updated\" datetime=\"2019-08-29T23:13:04+01:00\">29\/08\/2019<\/time><\/a><\/span>\t<div class=\"entry-meta-right\">\n\t\t\t\t\t<\/div>\n\n        <\/div>\n        <div class=\"entry-content\">\n            8 de Marzo 2019, D\u00eda Internacional de la Mujer Trabajadora El 8 de marzo deseamos recordar con satisfacci\u00f3n a las mujeres que forman parte de las Fuerzas Armadas y...\n        <\/div>\n\n    <\/div>\n<\/article><!-- #post-## -->\n                        <\/div>\n\n                        \n                        <div class=\"col-item col-xs-12 col-1\">\n                            <article  class=\"post-item post-list clearfix post-1472 post type-post status-publish format-standard has-post-thumbnail hentry category-cultura-estrategica category-espana category-mujer tag-fuerzas-armadas tag-mujer tag-politica-gobierno\">\n    <div class=\"article-image\">\n                                <div class=\"post-image\">\n                <span class=\"bgr-item\"><\/span>\n                <a href=\"https:\/\/articulo30.org\/politica-defensa\/igualdad-mujer-mision\/\">\n                    <img decoding=\"async\"  class=\"lazy\" src=\"https:\/\/articulo30.org\/politica-defensa\/wp-content\/themes\/nerubian\/assets\/images\/layzyload-list.jpg\"  data-src=\"https:\/\/articulo30.org\/politica-defensa\/wp-content\/uploads\/1224513059_0-292x190.jpg\" alt=\"post-image\"\/>\n                <\/a>\n                            <\/div>\n\n                \n    <\/div>\n    <div class=\"article-content \">\n\n        <div class=\"entry-header clearfix\">\n            <span class=\"post-cat\">                <a href=\"https:\/\/articulo30.org\/politica-defensa\/seccion\/cultura-estrategica\/\"   title=\"\" >Cultura Estrat\u00e9gica<\/a>\n                                             <a href=\"https:\/\/articulo30.org\/politica-defensa\/seccion\/espana\/\"  title=\"\" >Espa\u00f1a<\/a>\n                             <a href=\"https:\/\/articulo30.org\/politica-defensa\/seccion\/mujer\/\"  title=\"\" >Mujer<\/a>\n            <\/span>\n            <header class=\"entry-header-title\">\n                <h3 class=\"entry-title\"><a href=\"https:\/\/articulo30.org\/politica-defensa\/igualdad-mujer-mision\/\" rel=\"bookmark\">Lo importante no es la \u00abigualdad\u00bb sino la misi\u00f3n<\/a><\/h3>            <\/header>\n        <\/div>\n        <div class=\"article-meta clearfix\">\n            <span class=\"posted-on\"><i class=\"fa fa-clock-o\" aria-hidden=\"true\"><\/i><span class=\"screen-reader-text\">Posted on <\/span><a href=\"https:\/\/articulo30.org\/politica-defensa\/igualdad-mujer-mision\/\" rel=\"bookmark\"><time class=\"entry-date published\" datetime=\"2018-03-07T22:42:14+01:00\">07\/03\/2018<\/time><time class=\"updated\" datetime=\"2020-08-11T15:53:52+01:00\">11\/08\/2020<\/time><\/a><\/span>\t<div class=\"entry-meta-right\">\n\t\t\t\t\t<\/div>\n\n        <\/div>\n        <div class=\"entry-content\">\n            English version Las m\u00e1s de 30.000 mujeres que componen los&nbsp;Cuerpos y&nbsp;Fuerzas de&nbsp;Seguridad del Estado, se han convertido en los \u00faltimos a\u00f1os en moneda de cambio en la b\u00fasqueda de...\n        <\/div>\n\n    <\/div>\n<\/article><!-- #post-## -->\n                        <\/div>\n\n                        \n                        <div class=\"col-item col-xs-12 col-1\">\n                            <article  class=\"post-item post-list clearfix post-1115 post type-post status-publish format-standard has-post-thumbnail hentry category-conflictos category-internacional category-mujer tag-mujer tag-siria\">\n    <div class=\"article-image\">\n                                <div class=\"post-image\">\n                <span class=\"bgr-item\"><\/span>\n                <a href=\"https:\/\/articulo30.org\/politica-defensa\/las-mujeres-sirias-y-los-procesos-de-paz\/\">\n                    <img decoding=\"async\"  class=\"lazy\" src=\"https:\/\/articulo30.org\/politica-defensa\/wp-content\/themes\/nerubian\/assets\/images\/layzyload-list.jpg\"  data-src=\"https:\/\/articulo30.org\/politica-defensa\/wp-content\/uploads\/MUJER-SIRIA-292x190.jpg\" alt=\"post-image\"\/>\n                <\/a>\n                            <\/div>\n\n                \n    <\/div>\n    <div class=\"article-content \">\n\n        <div class=\"entry-header clearfix\">\n            <span class=\"post-cat\">                <a href=\"https:\/\/articulo30.org\/politica-defensa\/seccion\/conflictos\/\"   title=\"\" >Conflictos<\/a>\n                                             <a href=\"https:\/\/articulo30.org\/politica-defensa\/seccion\/internacional\/\"  title=\"\" >Internacional<\/a>\n                             <a href=\"https:\/\/articulo30.org\/politica-defensa\/seccion\/mujer\/\"  title=\"\" >Mujer<\/a>\n            <\/span>\n            <header class=\"entry-header-title\">\n                <h3 class=\"entry-title\"><a href=\"https:\/\/articulo30.org\/politica-defensa\/las-mujeres-sirias-y-los-procesos-de-paz\/\" rel=\"bookmark\">Las mujeres sirias y los procesos de paz<\/a><\/h3>            <\/header>\n        <\/div>\n        <div class=\"article-meta clearfix\">\n            <span class=\"posted-on\"><i class=\"fa fa-clock-o\" aria-hidden=\"true\"><\/i><span class=\"screen-reader-text\">Posted on <\/span><a href=\"https:\/\/articulo30.org\/politica-defensa\/las-mujeres-sirias-y-los-procesos-de-paz\/\" rel=\"bookmark\"><time class=\"entry-date published\" datetime=\"2017-08-07T06:15:15+01:00\">07\/08\/2017<\/time><time class=\"updated\" datetime=\"2020-08-11T15:57:38+01:00\">11\/08\/2020<\/time><\/a><\/span>\t<div class=\"entry-meta-right\">\n\t\t\t\t\t<\/div>\n\n        <\/div>\n        <div class=\"entry-content\">\n            La situaci\u00f3n Siria desde 2011 no ha hecho nada m\u00e1s que empeorar. Lo que empez\u00f3 como una manifestaci\u00f3n p\u00fablica pidiendo la paz, termin\u00f3 siendo una de las guerras m\u00e1s...\n        <\/div>\n\n    <\/div>\n<\/article><!-- #post-## -->\n                        <\/div>\n\n                        \n                        <div class=\"col-item col-xs-12 col-1\">\n                            <article  class=\"post-item post-list clearfix post-728 post type-post status-publish format-standard has-post-thumbnail hentry category-espana category-mujer tag-espana tag-fuerzas-armadas tag-misiones-internacionales tag-mujer tag-politica-gobierno\">\n    <div class=\"article-image\">\n                                <div class=\"post-image\">\n                <span class=\"bgr-item\"><\/span>\n                <a href=\"https:\/\/articulo30.org\/politica-defensa\/las-otras-mujeres-de-las-fuerzas-armadas\/\">\n                    <img decoding=\"async\"  class=\"lazy\" src=\"https:\/\/articulo30.org\/politica-defensa\/wp-content\/themes\/nerubian\/assets\/images\/layzyload-list.jpg\"  data-src=\"https:\/\/articulo30.org\/politica-defensa\/wp-content\/uploads\/despedida-292x190.jpg\" alt=\"post-image\"\/>\n                <\/a>\n                            <\/div>\n\n                \n    <\/div>\n    <div class=\"article-content \">\n\n        <div class=\"entry-header clearfix\">\n            <span class=\"post-cat\">                <a href=\"https:\/\/articulo30.org\/politica-defensa\/seccion\/espana\/\"   title=\"\" >Espa\u00f1a<\/a>\n                                             <a href=\"https:\/\/articulo30.org\/politica-defensa\/seccion\/mujer\/\"  title=\"\" >Mujer<\/a>\n            <\/span>\n            <header class=\"entry-header-title\">\n                <h3 class=\"entry-title\"><a href=\"https:\/\/articulo30.org\/politica-defensa\/las-otras-mujeres-de-las-fuerzas-armadas\/\" rel=\"bookmark\">Las otras mujeres de las Fuerzas Armadas<\/a><\/h3>            <\/header>\n        <\/div>\n        <div class=\"article-meta clearfix\">\n            <span class=\"posted-on\"><i class=\"fa fa-clock-o\" aria-hidden=\"true\"><\/i><span class=\"screen-reader-text\">Posted on <\/span><a href=\"https:\/\/articulo30.org\/politica-defensa\/las-otras-mujeres-de-las-fuerzas-armadas\/\" rel=\"bookmark\"><time class=\"entry-date published\" datetime=\"2017-03-08T10:37:39+01:00\">08\/03\/2017<\/time><time class=\"updated\" datetime=\"2020-08-11T16:11:50+01:00\">11\/08\/2020<\/time><\/a><\/span>\t<div class=\"entry-meta-right\">\n\t\t\t\t\t<\/div>\n\n        <\/div>\n        <div class=\"entry-content\">\n            Con motivo del d\u00eda de la mujer, el Ministerio de Defensa homenajea y resalta el papel de la mujer en las Fuerzas Armadas, m\u00e1xime cuando su&nbsp;m\u00e1xima responsable, es&nbsp;de nuevo&nbsp;una...\n        <\/div>\n\n    <\/div>\n<\/article><!-- #post-## -->\n                        <\/div>\n\n                                            <\/div>\n    <\/div>\n\n                <div class=\"navigation pagination clearfix\">\r\n                                            <span class=\"page-numbers current\">1<\/span>\r\n                                                    <a href=\"https:\/\/articulo30.org\/politica-defensa\/wp-json\/wp\/v2\/pages\/2897\/page\/2\/\" class=\"inactive page-numbers\">2<\/a>\r\n                                                <a class=\"next page-numbers\" href=\"https:\/\/articulo30.org\/politica-defensa\/wp-json\/wp\/v2\/pages\/2897\/page\/2\/\"><i class=\"fa fa-angle-right\"><\/i><\/a>\r\n                            <\/div>\r\n            <\/div>\n","protected":false},"excerpt":{"rendered":"","protected":false},"author":4,"featured_media":0,"parent":0,"menu_order":0,"comment_status":"closed","ping_status":"closed","template":"","meta":{"footnotes":""},"class_list":["post-2897","page","type-page","status-publish","hentry"],"_links":{"self":[{"href":"https:\/\/articulo30.org\/politica-defensa\/wp-json\/wp\/v2\/pages\/2897","targetHints":{"allow":["GET"]}}],"collection":[{"href":"https:\/\/articulo30.org\/politica-defensa\/wp-json\/wp\/v2\/pages"}],"about":[{"href":"https:\/\/articulo30.org\/politica-defensa\/wp-json\/wp\/v2\/types\/page"}],"author":[{"embeddable":true,"href":"https:\/\/articulo30.org\/politica-defensa\/wp-json\/wp\/v2\/users\/4"}],"replies":[{"embeddable":true,"href":"https:\/\/articulo30.org\/politica-defensa\/wp-json\/wp\/v2\/comments?post=2897"}],"version-history":[{"count":3,"href":"https:\/\/articulo30.org\/politica-defensa\/wp-json\/wp\/v2\/pages\/2897\/revisions"}],"predecessor-version":[{"id":6202,"href":"https:\/\/articulo30.org\/politica-defensa\/wp-json\/wp\/v2\/pages\/2897\/revisions\/6202"}],"wp:attachment":[{"href":"https:\/\/articulo30.org\/politica-defensa\/wp-json\/wp\/v2\/media?parent=2897"}],"curies":[{"name":"wp","href":"https:\/\/api.w.org\/{rel}","templated":true}]}}