{"id":2979,"date":"2018-12-23T02:05:11","date_gmt":"2018-12-23T01:05:11","guid":{"rendered":"https:\/\/articulo30.org\/politica-defensa\/?page_id=2979"},"modified":"2022-11-29T13:43:27","modified_gmt":"2022-11-29T12:43:27","slug":"cultura-estrategica","status":"publish","type":"page","link":"https:\/\/articulo30.org\/politica-defensa\/cultura-estrategica\/","title":{"rendered":"Cultura Estrat\u00e9gica"},"content":{"rendered":"\n<div class=\"wrapper-posts box-recent type-pagination layout-list\" data-layout=\"list\" data-paged=\"16\" data-col=\"col-xs-12 col-1\" data-cat=\"cultura estrat\u00e9gica\" data-number=\"8\" data-ads=\"large-rectangle\">\n            <div class=\"box-title clearfix\">\n            <h2 class=\"title-left\">Cultura estrat\u00e9gica<\/h2>\n                    <\/div>\n        <span class=\"agr-loading\"><\/span>\n    <div class=\"tab-content\">\n        <div id=\"allCat\" class=\"archive-blog affect-isotope row active description-show\">\n                            \n                        <div class=\"col-item col-xs-12 col-1\">\n                            <article  class=\"post-item post-list clearfix post-6712 post type-post status-publish format-standard has-post-thumbnail hentry category-cultura-estrategica category-internacional category-portada tag-analisis-de-conflictos tag-argentina tag-diplomacia tag-estados-unidos tag-hispanoamerica tag-iran tag-israel\">\n    <div class=\"article-image\">\n                                <div class=\"post-image\">\n                <span class=\"bgr-item\"><\/span>\n                <a href=\"https:\/\/articulo30.org\/politica-defensa\/argentina-entre-washington-jerusalen-nuevo-alineamiento-estrategico-brenda-costello\/\">\n                    <img decoding=\"async\"  class=\"lazy\" src=\"https:\/\/articulo30.org\/politica-defensa\/wp-content\/themes\/nerubian\/assets\/images\/layzyload-list.jpg\"  data-src=\"https:\/\/articulo30.org\/politica-defensa\/wp-content\/uploads\/303-292x190.jpg\" alt=\"post-image\"\/>\n                <\/a>\n                            <\/div>\n\n                \n    <\/div>\n    <div class=\"article-content \">\n\n        <div class=\"entry-header clearfix\">\n            <span class=\"post-cat\">                <a href=\"https:\/\/articulo30.org\/politica-defensa\/seccion\/cultura-estrategica\/\"   title=\"\" >Cultura Estrat\u00e9gica<\/a>\n                                             <a href=\"https:\/\/articulo30.org\/politica-defensa\/seccion\/internacional\/\"  title=\"\" >Internacional<\/a>\n                             <a href=\"https:\/\/articulo30.org\/politica-defensa\/seccion\/portada\/\"  title=\"\" >Portada<\/a>\n            <\/span>\n            <header class=\"entry-header-title\">\n                <h3 class=\"entry-title\"><a href=\"https:\/\/articulo30.org\/politica-defensa\/argentina-entre-washington-jerusalen-nuevo-alineamiento-estrategico-brenda-costello\/\" rel=\"bookmark\">Argentina entre Washington y Jerusal\u00e9n: un nuevo alineamiento estrat\u00e9gico<\/a><\/h3>            <\/header>\n        <\/div>\n        <div class=\"article-meta clearfix\">\n            <span class=\"posted-on\"><i class=\"fa fa-clock-o\" aria-hidden=\"true\"><\/i><span class=\"screen-reader-text\">Posted on <\/span><a href=\"https:\/\/articulo30.org\/politica-defensa\/argentina-entre-washington-jerusalen-nuevo-alineamiento-estrategico-brenda-costello\/\" rel=\"bookmark\"><time class=\"entry-date published\" datetime=\"2026-03-29T20:00:47+01:00\">29\/03\/2026<\/time><time class=\"updated\" datetime=\"2026-03-29T20:18:08+01:00\">29\/03\/2026<\/time><\/a><\/span>\t<div class=\"entry-meta-right\">\n\t\t\t\t\t<\/div>\n\n        <\/div>\n        <div class=\"entry-content\">\n            An\u00e1lisis 303 29 Marzo 2026 En los \u00faltimos a\u00f1os, la pol\u00edtica exterior argentina ha experimentado un proceso de redefinici\u00f3n en su posicionamiento internacional. En un contexto marcado por crecientes...\n        <\/div>\n\n    <\/div>\n<\/article><!-- #post-## -->\n                        <\/div>\n\n                        \n                        <div class=\"col-item col-xs-12 col-1\">\n                            <article  class=\"post-item post-list clearfix post-6703 post type-post status-publish format-standard has-post-thumbnail hentry category-cultura-estrategica category-policy-papers category-portada tag-cultura-de-defensa tag-diplomacia tag-espana tag-politica-gobierno tag-union-europea\">\n    <div class=\"article-image\">\n                                <div class=\"post-image\">\n                <span class=\"bgr-item\"><\/span>\n                <a href=\"https:\/\/articulo30.org\/politica-defensa\/servicio-de-defensa-jorge-salvadores\/\">\n                    <img decoding=\"async\"  class=\"lazy\" src=\"https:\/\/articulo30.org\/politica-defensa\/wp-content\/themes\/nerubian\/assets\/images\/layzyload-list.jpg\"  data-src=\"https:\/\/articulo30.org\/politica-defensa\/wp-content\/uploads\/64-292x190.jpg\" alt=\"post-image\"\/>\n                <\/a>\n                            <\/div>\n\n                \n    <\/div>\n    <div class=\"article-content \">\n\n        <div class=\"entry-header clearfix\">\n            <span class=\"post-cat\">                <a href=\"https:\/\/articulo30.org\/politica-defensa\/seccion\/cultura-estrategica\/\"   title=\"\" >Cultura Estrat\u00e9gica<\/a>\n                                             <a href=\"https:\/\/articulo30.org\/politica-defensa\/seccion\/policy-papers\/\"  title=\"\" >Policy Papers<\/a>\n                             <a href=\"https:\/\/articulo30.org\/politica-defensa\/seccion\/portada\/\"  title=\"\" >Portada<\/a>\n            <\/span>\n            <header class=\"entry-header-title\">\n                <h3 class=\"entry-title\"><a href=\"https:\/\/articulo30.org\/politica-defensa\/servicio-de-defensa-jorge-salvadores\/\" rel=\"bookmark\">Servicio de Defensa (I)<\/a><\/h3>            <\/header>\n        <\/div>\n        <div class=\"article-meta clearfix\">\n            <span class=\"posted-on\"><i class=\"fa fa-clock-o\" aria-hidden=\"true\"><\/i><span class=\"screen-reader-text\">Posted on <\/span><a href=\"https:\/\/articulo30.org\/politica-defensa\/servicio-de-defensa-jorge-salvadores\/\" rel=\"bookmark\"><time class=\"entry-date published\" datetime=\"2026-03-27T18:43:11+01:00\">27\/03\/2026<\/time><time class=\"updated\" datetime=\"2026-04-20T10:23:38+01:00\">20\/04\/2026<\/time><\/a><\/span>\t<div class=\"entry-meta-right\">\n\t\t\t\t\t<\/div>\n\n        <\/div>\n        <div class=\"entry-content\">\n            Paper 64 27 Marzo 2026 John Fitzgerald Kennedy (JFK): \u201cAsk not what your country can do for you\u2026\u201d \u201cHave you served?\u00a0I have served\u201d Esta pregunta sencilla y su respuesta...\n        <\/div>\n\n    <\/div>\n<\/article><!-- #post-## -->\n                        <\/div>\n\n                        \n                        <div class=\"col-item col-xs-12 col-1\">\n                            <article  class=\"post-item post-list clearfix post-6649 post type-post status-publish format-standard has-post-thumbnail hentry category-cultura-estrategica category-espana tag-brasil tag-colombia tag-cultura-de-defensa tag-diplomacia tag-espana tag-fuerzas-armadas tag-hispanoamerica tag-mexico tag-otan\">\n    <div class=\"article-image\">\n                                <div class=\"post-image\">\n                <span class=\"bgr-item\"><\/span>\n                <a href=\"https:\/\/articulo30.org\/politica-defensa\/academia-fuerzas-armadas-iberoamericanas-afaib\/\">\n                    <img decoding=\"async\"  class=\"lazy\" src=\"https:\/\/articulo30.org\/politica-defensa\/wp-content\/themes\/nerubian\/assets\/images\/layzyload-list.jpg\"  data-src=\"https:\/\/articulo30.org\/politica-defensa\/wp-content\/uploads\/AFAIB-292x190.jpg\" alt=\"post-image\"\/>\n                <\/a>\n                            <\/div>\n\n                \n    <\/div>\n    <div class=\"article-content \">\n\n        <div class=\"entry-header clearfix\">\n            <span class=\"post-cat\">                <a href=\"https:\/\/articulo30.org\/politica-defensa\/seccion\/cultura-estrategica\/\"   title=\"\" >Cultura Estrat\u00e9gica<\/a>\n                                             <a href=\"https:\/\/articulo30.org\/politica-defensa\/seccion\/espana\/\"  title=\"\" >Espa\u00f1a<\/a>\n            <\/span>\n            <header class=\"entry-header-title\">\n                <h3 class=\"entry-title\"><a href=\"https:\/\/articulo30.org\/politica-defensa\/academia-fuerzas-armadas-iberoamericanas-afaib\/\" rel=\"bookmark\">Una academia para las Fuerzas Armadas Iberoamericanas (AFAIB)<\/a><\/h3>            <\/header>\n        <\/div>\n        <div class=\"article-meta clearfix\">\n            <span class=\"posted-on\"><i class=\"fa fa-clock-o\" aria-hidden=\"true\"><\/i><span class=\"screen-reader-text\">Posted on <\/span><a href=\"https:\/\/articulo30.org\/politica-defensa\/academia-fuerzas-armadas-iberoamericanas-afaib\/\" rel=\"bookmark\"><time class=\"entry-date published\" datetime=\"2025-07-01T20:52:21+01:00\">01\/07\/2025<\/time><time class=\"updated\" datetime=\"2026-01-11T14:06:33+01:00\">11\/01\/2026<\/time><\/a><\/span>\t<div class=\"entry-meta-right\">\n\t\t\t\t\t<\/div>\n\n        <\/div>\n        <div class=\"entry-content\">\n            1 Julio 2025 Llevo varios a\u00f1os interesado en asuntos de seguridad y defensa y hay dos preguntas a las que no he conseguido obtener respuesta: \u00bfpor qu\u00e9 la Alianza...\n        <\/div>\n\n    <\/div>\n<\/article><!-- #post-## -->\n                        <\/div>\n\n                        \n                        <div class=\"col-item col-xs-12 col-1\">\n                            <article  class=\"post-item post-list clearfix post-6626 post type-post status-publish format-standard has-post-thumbnail hentry category-cultura-estrategica category-internacional tag-asia-pacifico tag-china tag-estados-unidos tag-filipinas tag-geoestrategia tag-geopolitica tag-taiwan\">\n    <div class=\"article-image\">\n                                <div class=\"post-image\">\n                <span class=\"bgr-item\"><\/span>\n                <a href=\"https:\/\/articulo30.org\/politica-defensa\/filipinas-china-indo-pacifico-juan-jose-terrero\/\">\n                    <img decoding=\"async\"  class=\"lazy\" src=\"https:\/\/articulo30.org\/politica-defensa\/wp-content\/themes\/nerubian\/assets\/images\/layzyload-list.jpg\"  data-src=\"https:\/\/articulo30.org\/politica-defensa\/wp-content\/uploads\/296-292x190.jpg\" alt=\"post-image\"\/>\n                <\/a>\n                            <\/div>\n\n                \n    <\/div>\n    <div class=\"article-content \">\n\n        <div class=\"entry-header clearfix\">\n            <span class=\"post-cat\">                <a href=\"https:\/\/articulo30.org\/politica-defensa\/seccion\/cultura-estrategica\/\"   title=\"\" >Cultura Estrat\u00e9gica<\/a>\n                                             <a href=\"https:\/\/articulo30.org\/politica-defensa\/seccion\/internacional\/\"  title=\"\" >Internacional<\/a>\n            <\/span>\n            <header class=\"entry-header-title\">\n                <h3 class=\"entry-title\"><a href=\"https:\/\/articulo30.org\/politica-defensa\/filipinas-china-indo-pacifico-juan-jose-terrero\/\" rel=\"bookmark\">Filipinas y China: la otra escalada en el Indo-Pac\u00edfico<\/a><\/h3>            <\/header>\n        <\/div>\n        <div class=\"article-meta clearfix\">\n            <span class=\"posted-on\"><i class=\"fa fa-clock-o\" aria-hidden=\"true\"><\/i><span class=\"screen-reader-text\">Posted on <\/span><a href=\"https:\/\/articulo30.org\/politica-defensa\/filipinas-china-indo-pacifico-juan-jose-terrero\/\" rel=\"bookmark\"><time class=\"entry-date published\" datetime=\"2025-05-16T13:29:30+01:00\">16\/05\/2025<\/time><time class=\"updated\" datetime=\"2025-07-01T20:59:21+01:00\">01\/07\/2025<\/time><\/a><\/span>\t<div class=\"entry-meta-right\">\n\t\t\t\t\t<\/div>\n\n        <\/div>\n        <div class=\"entry-content\">\n            An\u00e1lisis 296 16 Mayo 2025 El Indo-Pac\u00edfico est\u00e1 ahora en el foco geopol\u00edtico internacional, y lleva siendo una prioridad en la pol\u00edtica exterior estadounidense desde los tiempos del Pivot...\n        <\/div>\n\n    <\/div>\n<\/article><!-- #post-## -->\n                        <\/div>\n\n                        \n                        <div class=\"col-item col-xs-12 col-1\">\n                            <article  class=\"post-item post-list clearfix post-6566 post type-post status-publish format-standard has-post-thumbnail hentry category-cultura-estrategica category-espana tag-espana tag-estados-unidos tag-geopolitica tag-politica-gobierno tag-politica-de-defensa\">\n    <div class=\"article-image\">\n                                <div class=\"post-image\">\n                <span class=\"bgr-item\"><\/span>\n                <a href=\"https:\/\/articulo30.org\/politica-defensa\/abc-trump-desde-madrid-gabriel-cortina\/\">\n                    <img decoding=\"async\"  class=\"lazy\" src=\"https:\/\/articulo30.org\/politica-defensa\/wp-content\/themes\/nerubian\/assets\/images\/layzyload-list.jpg\"  data-src=\"https:\/\/articulo30.org\/politica-defensa\/wp-content\/uploads\/Trump-desde-Madrid-292x190.jpg\" alt=\"post-image\"\/>\n                <\/a>\n                            <\/div>\n\n                \n    <\/div>\n    <div class=\"article-content \">\n\n        <div class=\"entry-header clearfix\">\n            <span class=\"post-cat\">                <a href=\"https:\/\/articulo30.org\/politica-defensa\/seccion\/cultura-estrategica\/\"   title=\"\" >Cultura Estrat\u00e9gica<\/a>\n                                             <a href=\"https:\/\/articulo30.org\/politica-defensa\/seccion\/espana\/\"  title=\"\" >Espa\u00f1a<\/a>\n            <\/span>\n            <header class=\"entry-header-title\">\n                <h3 class=\"entry-title\"><a href=\"https:\/\/articulo30.org\/politica-defensa\/abc-trump-desde-madrid-gabriel-cortina\/\" rel=\"bookmark\">Trump desde Madrid<\/a><\/h3>            <\/header>\n        <\/div>\n        <div class=\"article-meta clearfix\">\n            <span class=\"posted-on\"><i class=\"fa fa-clock-o\" aria-hidden=\"true\"><\/i><span class=\"screen-reader-text\">Posted on <\/span><a href=\"https:\/\/articulo30.org\/politica-defensa\/abc-trump-desde-madrid-gabriel-cortina\/\" rel=\"bookmark\"><time class=\"entry-date published\" datetime=\"2025-02-12T12:38:14+01:00\">12\/02\/2025<\/time><time class=\"updated\" datetime=\"2025-05-16T13:31:48+01:00\">16\/05\/2025<\/time><\/a><\/span>\t<div class=\"entry-meta-right\">\n\t\t\t\t\t<\/div>\n\n        <\/div>\n        <div class=\"entry-content\">\n            Opini\u00f3n publicada en el diario \u00abABC\u00bb (05\/02\/2025) Propongo ver la vuelta de Trump a la Casa Blanca desde otra perspectiva, teniendo en cuenta la realidad espa\u00f1ola. Lo primero ser\u00eda...\n        <\/div>\n\n    <\/div>\n<\/article><!-- #post-## -->\n                        <\/div>\n\n                        \n                        <div class=\"col-item col-xs-12 col-1\">\n                            <article  class=\"post-item post-list clearfix post-6556 post type-post status-publish format-standard has-post-thumbnail hentry category-cultura-estrategica category-internacional tag-artico tag-china tag-espana tag-estados-unidos tag-geopolitica tag-groenlandia tag-otan tag-rusia tag-union-europea\">\n    <div class=\"article-image\">\n                                <div class=\"post-image\">\n                <span class=\"bgr-item\"><\/span>\n                <a href=\"https:\/\/articulo30.org\/politica-defensa\/groenlandia-rebeca-radio\/\">\n                    <img decoding=\"async\"  class=\"lazy\" src=\"https:\/\/articulo30.org\/politica-defensa\/wp-content\/themes\/nerubian\/assets\/images\/layzyload-list.jpg\"  data-src=\"https:\/\/articulo30.org\/politica-defensa\/wp-content\/uploads\/293-292x190.jpg\" alt=\"post-image\"\/>\n                <\/a>\n                            <\/div>\n\n                \n    <\/div>\n    <div class=\"article-content \">\n\n        <div class=\"entry-header clearfix\">\n            <span class=\"post-cat\">                <a href=\"https:\/\/articulo30.org\/politica-defensa\/seccion\/cultura-estrategica\/\"   title=\"\" >Cultura Estrat\u00e9gica<\/a>\n                                             <a href=\"https:\/\/articulo30.org\/politica-defensa\/seccion\/internacional\/\"  title=\"\" >Internacional<\/a>\n            <\/span>\n            <header class=\"entry-header-title\">\n                <h3 class=\"entry-title\"><a href=\"https:\/\/articulo30.org\/politica-defensa\/groenlandia-rebeca-radio\/\" rel=\"bookmark\">El jaque mate de Groenlandia<\/a><\/h3>            <\/header>\n        <\/div>\n        <div class=\"article-meta clearfix\">\n            <span class=\"posted-on\"><i class=\"fa fa-clock-o\" aria-hidden=\"true\"><\/i><span class=\"screen-reader-text\">Posted on <\/span><a href=\"https:\/\/articulo30.org\/politica-defensa\/groenlandia-rebeca-radio\/\" rel=\"bookmark\"><time class=\"entry-date published\" datetime=\"2025-01-28T18:16:28+01:00\">28\/01\/2025<\/time><time class=\"updated\" datetime=\"2025-02-18T11:59:34+01:00\">18\/02\/2025<\/time><\/a><\/span>\t<div class=\"entry-meta-right\">\n\t\t\t\t\t<\/div>\n\n        <\/div>\n        <div class=\"entry-content\">\n            An\u00e1lisis 293 28 Enero 2025 Al hablar de conflictos geoestrat\u00e9gicos, lo com\u00fan es pensar en ej\u00e9rcitos, aviones, e incluso en negociaciones diplom\u00e1ticas. Sin embargo, el mar, a menudo ignorado,...\n        <\/div>\n\n    <\/div>\n<\/article><!-- #post-## -->\n                        <\/div>\n\n                        \n                        <div class=\"col-item col-xs-12 col-1\">\n                            <article  class=\"post-item post-list clearfix post-6542 post type-post status-publish format-standard has-post-thumbnail hentry category-cultura-estrategica category-espana tag-china tag-economia tag-espana tag-geopolitica tag-otan tag-politica-gobierno tag-rusia\">\n    <div class=\"article-image\">\n                                <div class=\"post-image\">\n                <span class=\"bgr-item\"><\/span>\n                <a href=\"https:\/\/articulo30.org\/politica-defensa\/rusia-sur-global-gabriel-cortina\/\">\n                    <img decoding=\"async\"  class=\"lazy\" src=\"https:\/\/articulo30.org\/politica-defensa\/wp-content\/themes\/nerubian\/assets\/images\/layzyload-list.jpg\"  data-src=\"https:\/\/articulo30.org\/politica-defensa\/wp-content\/uploads\/292-292x190.jpg\" alt=\"post-image\"\/>\n                <\/a>\n                            <\/div>\n\n                \n    <\/div>\n    <div class=\"article-content \">\n\n        <div class=\"entry-header clearfix\">\n            <span class=\"post-cat\">                <a href=\"https:\/\/articulo30.org\/politica-defensa\/seccion\/cultura-estrategica\/\"   title=\"\" >Cultura Estrat\u00e9gica<\/a>\n                                             <a href=\"https:\/\/articulo30.org\/politica-defensa\/seccion\/espana\/\"  title=\"\" >Espa\u00f1a<\/a>\n            <\/span>\n            <header class=\"entry-header-title\">\n                <h3 class=\"entry-title\"><a href=\"https:\/\/articulo30.org\/politica-defensa\/rusia-sur-global-gabriel-cortina\/\" rel=\"bookmark\">Rusia, el sur global y la posici\u00f3n espa\u00f1ola<\/a><\/h3>            <\/header>\n        <\/div>\n        <div class=\"article-meta clearfix\">\n            <span class=\"posted-on\"><i class=\"fa fa-clock-o\" aria-hidden=\"true\"><\/i><span class=\"screen-reader-text\">Posted on <\/span><a href=\"https:\/\/articulo30.org\/politica-defensa\/rusia-sur-global-gabriel-cortina\/\" rel=\"bookmark\"><time class=\"entry-date published\" datetime=\"2025-01-24T15:52:25+01:00\">24\/01\/2025<\/time><time class=\"updated\" datetime=\"2025-07-11T09:57:08+01:00\">11\/07\/2025<\/time><\/a><\/span>\t<div class=\"entry-meta-right\">\n\t\t\t\t\t<\/div>\n\n        <\/div>\n        <div class=\"entry-content\">\n            An\u00e1lisis 292 24 Enero 2025 No resulta f\u00e1cil un an\u00e1lisis sobre Rusia. Se impone la cr\u00edtica a todo lo que suene como ruso y cualquier debate termina en una...\n        <\/div>\n\n    <\/div>\n<\/article><!-- #post-## -->\n                        <\/div>\n\n                        \n                        <div class=\"col-item col-xs-12 col-1\">\n                            <article  class=\"post-item post-list clearfix post-6498 post type-post status-publish format-standard has-post-thumbnail hentry category-cultura-estrategica category-industria-y-tecnologia category-iniciativas tag-defensa tag-politica-gobierno tag-presupuesto tag-programas tag-tecnologia\">\n    <div class=\"article-image\">\n                                <div class=\"post-image\">\n                <span class=\"bgr-item\"><\/span>\n                <a href=\"https:\/\/articulo30.org\/politica-defensa\/foro-liberdefensa\/\">\n                    <img decoding=\"async\"  class=\"lazy\" src=\"https:\/\/articulo30.org\/politica-defensa\/wp-content\/themes\/nerubian\/assets\/images\/layzyload-list.jpg\"  data-src=\"https:\/\/articulo30.org\/politica-defensa\/wp-content\/uploads\/foro-liberdefensa-292x190.jpg\" alt=\"post-image\"\/>\n                <\/a>\n                            <\/div>\n\n                \n    <\/div>\n    <div class=\"article-content \">\n\n        <div class=\"entry-header clearfix\">\n            <span class=\"post-cat\">                <a href=\"https:\/\/articulo30.org\/politica-defensa\/seccion\/cultura-estrategica\/\"   title=\"\" >Cultura Estrat\u00e9gica<\/a>\n                                             <a href=\"https:\/\/articulo30.org\/politica-defensa\/seccion\/industria-y-tecnologia\/\"  title=\"\" >Industria y Tecnolog\u00eda<\/a>\n                             <a href=\"https:\/\/articulo30.org\/politica-defensa\/seccion\/iniciativas\/\"  title=\"\" >Iniciativas<\/a>\n            <\/span>\n            <header class=\"entry-header-title\">\n                <h3 class=\"entry-title\"><a href=\"https:\/\/articulo30.org\/politica-defensa\/foro-liberdefensa\/\" rel=\"bookmark\">Foro LiberDefensa \u00abEl futuro de la defensa en Espa\u00f1a y Europa\u00bb<\/a><\/h3>            <\/header>\n        <\/div>\n        <div class=\"article-meta clearfix\">\n            <span class=\"posted-on\"><i class=\"fa fa-clock-o\" aria-hidden=\"true\"><\/i><span class=\"screen-reader-text\">Posted on <\/span><a href=\"https:\/\/articulo30.org\/politica-defensa\/foro-liberdefensa\/\" rel=\"bookmark\"><time class=\"entry-date published\" datetime=\"2025-01-09T16:03:08+01:00\">09\/01\/2025<\/time><time class=\"updated\" datetime=\"2025-01-20T21:01:39+01:00\">20\/01\/2025<\/time><\/a><\/span>\t<div class=\"entry-meta-right\">\n\t\t\t\t\t<\/div>\n\n        <\/div>\n        <div class=\"entry-content\">\n            3 Diciembre 2024 Los asuntos de seguridad y la industria del armamento est\u00e1n actualmente en el foco de inter\u00e9s informativo e institucional. El I Foro sobre Defensa LiberDefensa, en...\n        <\/div>\n\n    <\/div>\n<\/article><!-- #post-## -->\n                        <\/div>\n\n                                            <\/div>\n    <\/div>\n\n                <div class=\"navigation pagination clearfix\">\r\n                                            <span class=\"page-numbers current\">1<\/span>\r\n                                                    <a href=\"https:\/\/articulo30.org\/politica-defensa\/wp-json\/wp\/v2\/pages\/2979\/page\/2\/\" class=\"inactive page-numbers\">2<\/a>\r\n                                                        <a href=\"https:\/\/articulo30.org\/politica-defensa\/wp-json\/wp\/v2\/pages\/2979\/page\/3\/\" class=\"inactive page-numbers\">3<\/a>\r\n                                                        <a href=\"https:\/\/articulo30.org\/politica-defensa\/wp-json\/wp\/v2\/pages\/2979\/page\/4\/\" class=\"inactive page-numbers\">4<\/a>\r\n                                                <a class=\"next page-numbers\" href=\"https:\/\/articulo30.org\/politica-defensa\/wp-json\/wp\/v2\/pages\/2979\/page\/2\/\"><i class=\"fa fa-angle-right\"><\/i><\/a>\r\n                            <\/div>\r\n            <\/div>\n","protected":false},"excerpt":{"rendered":"","protected":false},"author":4,"featured_media":0,"parent":0,"menu_order":0,"comment_status":"closed","ping_status":"closed","template":"","meta":{"footnotes":""},"class_list":["post-2979","page","type-page","status-publish","hentry"],"_links":{"self":[{"href":"https:\/\/articulo30.org\/politica-defensa\/wp-json\/wp\/v2\/pages\/2979","targetHints":{"allow":["GET"]}}],"collection":[{"href":"https:\/\/articulo30.org\/politica-defensa\/wp-json\/wp\/v2\/pages"}],"about":[{"href":"https:\/\/articulo30.org\/politica-defensa\/wp-json\/wp\/v2\/types\/page"}],"author":[{"embeddable":true,"href":"https:\/\/articulo30.org\/politica-defensa\/wp-json\/wp\/v2\/users\/4"}],"replies":[{"embeddable":true,"href":"https:\/\/articulo30.org\/politica-defensa\/wp-json\/wp\/v2\/comments?post=2979"}],"version-history":[{"count":4,"href":"https:\/\/articulo30.org\/politica-defensa\/wp-json\/wp\/v2\/pages\/2979\/revisions"}],"predecessor-version":[{"id":6193,"href":"https:\/\/articulo30.org\/politica-defensa\/wp-json\/wp\/v2\/pages\/2979\/revisions\/6193"}],"wp:attachment":[{"href":"https:\/\/articulo30.org\/politica-defensa\/wp-json\/wp\/v2\/media?parent=2979"}],"curies":[{"name":"wp","href":"https:\/\/api.w.org\/{rel}","templated":true}]}}