{"id":2983,"date":"2018-12-23T02:08:05","date_gmt":"2018-12-23T01:08:05","guid":{"rendered":"https:\/\/articulo30.org\/politica-defensa\/?page_id=2983"},"modified":"2022-11-29T13:45:11","modified_gmt":"2022-11-29T12:45:11","slug":"industria-y-tecnologia","status":"publish","type":"page","link":"https:\/\/articulo30.org\/politica-defensa\/industria-y-tecnologia\/","title":{"rendered":"Industria y Tecnolog\u00eda"},"content":{"rendered":"\n<div class=\"wrapper-posts box-recent type-pagination layout-list\" data-layout=\"list\" data-paged=\"7\" data-col=\"col-xs-12 col-1\" data-cat=\"Industria y Tecnolog\u00eda\" data-number=\"8\" data-ads=\"large-rectangle\">\n            <div class=\"box-title clearfix\">\n            <h2 class=\"title-left\">Industria y Tecnolog\u00eda<\/h2>\n                    <\/div>\n        <span class=\"agr-loading\"><\/span>\n    <div class=\"tab-content\">\n        <div id=\"allCat\" class=\"archive-blog affect-isotope row active description-show\">\n                            \n                        <div class=\"col-item col-xs-12 col-1\">\n                            <article  class=\"post-item post-list clearfix post-6667 post type-post status-publish format-standard has-post-thumbnail hentry category-industria-y-tecnologia category-inteligencia category-policy-papers tag-china tag-estados-unidos tag-industria tag-inteligencia tag-politica-gobierno tag-tecnologia tag-union-europea\">\n    <div class=\"article-image\">\n                                <div class=\"post-image\">\n                <span class=\"bgr-item\"><\/span>\n                <a href=\"https:\/\/articulo30.org\/politica-defensa\/espana-huawei-una-decision-tecnologica-con-coste-geopolitico-rebeca-radio\/\">\n                    <img decoding=\"async\"  class=\"lazy\" src=\"https:\/\/articulo30.org\/politica-defensa\/wp-content\/themes\/nerubian\/assets\/images\/layzyload-list.jpg\"  data-src=\"https:\/\/articulo30.org\/politica-defensa\/wp-content\/uploads\/paper-61-292x190.jpg\" alt=\"post-image\"\/>\n                <\/a>\n                            <\/div>\n\n                \n    <\/div>\n    <div class=\"article-content \">\n\n        <div class=\"entry-header clearfix\">\n            <span class=\"post-cat\">                <a href=\"https:\/\/articulo30.org\/politica-defensa\/seccion\/industria-y-tecnologia\/\"   title=\"\" >Industria y Tecnolog\u00eda<\/a>\n                                             <a href=\"https:\/\/articulo30.org\/politica-defensa\/seccion\/inteligencia\/\"  title=\"\" >Inteligencia<\/a>\n                             <a href=\"https:\/\/articulo30.org\/politica-defensa\/seccion\/policy-papers\/\"  title=\"\" >Policy Papers<\/a>\n            <\/span>\n            <header class=\"entry-header-title\">\n                <h3 class=\"entry-title\"><a href=\"https:\/\/articulo30.org\/politica-defensa\/espana-huawei-una-decision-tecnologica-con-coste-geopolitico-rebeca-radio\/\" rel=\"bookmark\">Espa\u00f1a y Huawei: una decisi\u00f3n tecnol\u00f3gica con coste geopol\u00edtico<\/a><\/h3>            <\/header>\n        <\/div>\n        <div class=\"article-meta clearfix\">\n            <span class=\"posted-on\"><i class=\"fa fa-clock-o\" aria-hidden=\"true\"><\/i><span class=\"screen-reader-text\">Posted on <\/span><a href=\"https:\/\/articulo30.org\/politica-defensa\/espana-huawei-una-decision-tecnologica-con-coste-geopolitico-rebeca-radio\/\" rel=\"bookmark\"><time class=\"entry-date published\" datetime=\"2025-07-29T23:29:24+01:00\">29\/07\/2025<\/time><time class=\"updated\" datetime=\"2025-10-15T13:46:22+01:00\">15\/10\/2025<\/time><\/a><\/span>\t<div class=\"entry-meta-right\">\n\t\t\t\t\t<\/div>\n\n        <\/div>\n        <div class=\"entry-content\">\n            Paper 60 30 Julio 2025 Es un hecho incuestionable que la tecnolog\u00eda se ha consolidado como una extensi\u00f3n directa de la pol\u00edtica exterior y de la seguridad de los...\n        <\/div>\n\n    <\/div>\n<\/article><!-- #post-## -->\n                        <\/div>\n\n                        \n                        <div class=\"col-item col-xs-12 col-1\">\n                            <article  class=\"post-item post-list clearfix post-6614 post type-post status-publish format-standard has-post-thumbnail hentry category-ciberseguridad category-industria-y-tecnologia category-policy-papers tag-china tag-ciberseguridad tag-conflictos tag-espacio tag-espionaje tag-estados-unidos tag-estrategia-seguridad-nacional tag-inteligencia tag-rusia tag-tecnologia tag-union-europea\">\n    <div class=\"article-image\">\n                                <div class=\"post-image\">\n                <span class=\"bgr-item\"><\/span>\n                <a href=\"https:\/\/articulo30.org\/politica-defensa\/paper-59-el-oro-esta-en-el-cielo-geopolitica-y-explotacion-del-espacio-exterior-rebeca-radio\/\">\n                    <img decoding=\"async\"  class=\"lazy\" src=\"https:\/\/articulo30.org\/politica-defensa\/wp-content\/themes\/nerubian\/assets\/images\/layzyload-list.jpg\"  data-src=\"https:\/\/articulo30.org\/politica-defensa\/wp-content\/uploads\/paper-59-292x190.jpg\" alt=\"post-image\"\/>\n                <\/a>\n                            <\/div>\n\n                \n    <\/div>\n    <div class=\"article-content \">\n\n        <div class=\"entry-header clearfix\">\n            <span class=\"post-cat\">                <a href=\"https:\/\/articulo30.org\/politica-defensa\/seccion\/ciberseguridad\/\"   title=\"\" >Ciberseguridad<\/a>\n                                             <a href=\"https:\/\/articulo30.org\/politica-defensa\/seccion\/industria-y-tecnologia\/\"  title=\"\" >Industria y Tecnolog\u00eda<\/a>\n                             <a href=\"https:\/\/articulo30.org\/politica-defensa\/seccion\/policy-papers\/\"  title=\"\" >Policy Papers<\/a>\n            <\/span>\n            <header class=\"entry-header-title\">\n                <h3 class=\"entry-title\"><a href=\"https:\/\/articulo30.org\/politica-defensa\/paper-59-el-oro-esta-en-el-cielo-geopolitica-y-explotacion-del-espacio-exterior-rebeca-radio\/\" rel=\"bookmark\">El oro est\u00e1 en el cielo: geopol\u00edtica y explotaci\u00f3n del espacio exterior<\/a><\/h3>            <\/header>\n        <\/div>\n        <div class=\"article-meta clearfix\">\n            <span class=\"posted-on\"><i class=\"fa fa-clock-o\" aria-hidden=\"true\"><\/i><span class=\"screen-reader-text\">Posted on <\/span><a href=\"https:\/\/articulo30.org\/politica-defensa\/paper-59-el-oro-esta-en-el-cielo-geopolitica-y-explotacion-del-espacio-exterior-rebeca-radio\/\" rel=\"bookmark\"><time class=\"entry-date published\" datetime=\"2025-04-22T13:41:01+01:00\">22\/04\/2025<\/time><time class=\"updated\" datetime=\"2025-05-29T11:05:23+01:00\">29\/05\/2025<\/time><\/a><\/span>\t<div class=\"entry-meta-right\">\n\t\t\t\t\t<\/div>\n\n        <\/div>\n        <div class=\"entry-content\">\n            Paper 59 22 Abril 2025 M\u00e1s all\u00e1 de su dimensi\u00f3n cient\u00edfica y exploratoria, el espacio exterior se ha consolidado como un activo estrat\u00e9gico en la geopol\u00edtica del siglo XXI....\n        <\/div>\n\n    <\/div>\n<\/article><!-- #post-## -->\n                        <\/div>\n\n                        \n                        <div class=\"col-item col-xs-12 col-1\">\n                            <article  class=\"post-item post-list clearfix post-6498 post type-post status-publish format-standard has-post-thumbnail hentry category-cultura-estrategica category-industria-y-tecnologia category-iniciativas tag-defensa tag-politica-gobierno tag-presupuesto tag-programas tag-tecnologia\">\n    <div class=\"article-image\">\n                                <div class=\"post-image\">\n                <span class=\"bgr-item\"><\/span>\n                <a href=\"https:\/\/articulo30.org\/politica-defensa\/foro-liberdefensa\/\">\n                    <img decoding=\"async\"  class=\"lazy\" src=\"https:\/\/articulo30.org\/politica-defensa\/wp-content\/themes\/nerubian\/assets\/images\/layzyload-list.jpg\"  data-src=\"https:\/\/articulo30.org\/politica-defensa\/wp-content\/uploads\/foro-liberdefensa-292x190.jpg\" alt=\"post-image\"\/>\n                <\/a>\n                            <\/div>\n\n                \n    <\/div>\n    <div class=\"article-content \">\n\n        <div class=\"entry-header clearfix\">\n            <span class=\"post-cat\">                <a href=\"https:\/\/articulo30.org\/politica-defensa\/seccion\/cultura-estrategica\/\"   title=\"\" >Cultura Estrat\u00e9gica<\/a>\n                                             <a href=\"https:\/\/articulo30.org\/politica-defensa\/seccion\/industria-y-tecnologia\/\"  title=\"\" >Industria y Tecnolog\u00eda<\/a>\n                             <a href=\"https:\/\/articulo30.org\/politica-defensa\/seccion\/iniciativas\/\"  title=\"\" >Iniciativas<\/a>\n            <\/span>\n            <header class=\"entry-header-title\">\n                <h3 class=\"entry-title\"><a href=\"https:\/\/articulo30.org\/politica-defensa\/foro-liberdefensa\/\" rel=\"bookmark\">Foro LiberDefensa \u00abEl futuro de la defensa en Espa\u00f1a y Europa\u00bb<\/a><\/h3>            <\/header>\n        <\/div>\n        <div class=\"article-meta clearfix\">\n            <span class=\"posted-on\"><i class=\"fa fa-clock-o\" aria-hidden=\"true\"><\/i><span class=\"screen-reader-text\">Posted on <\/span><a href=\"https:\/\/articulo30.org\/politica-defensa\/foro-liberdefensa\/\" rel=\"bookmark\"><time class=\"entry-date published\" datetime=\"2025-01-09T16:03:08+01:00\">09\/01\/2025<\/time><time class=\"updated\" datetime=\"2025-01-20T21:01:39+01:00\">20\/01\/2025<\/time><\/a><\/span>\t<div class=\"entry-meta-right\">\n\t\t\t\t\t<\/div>\n\n        <\/div>\n        <div class=\"entry-content\">\n            3 Diciembre 2024 Los asuntos de seguridad y la industria del armamento est\u00e1n actualmente en el foco de inter\u00e9s informativo e institucional. El I Foro sobre Defensa LiberDefensa, en...\n        <\/div>\n\n    <\/div>\n<\/article><!-- #post-## -->\n                        <\/div>\n\n                        \n                        <div class=\"col-item col-xs-12 col-1\">\n                            <article  class=\"post-item post-list clearfix post-6464 post type-post status-publish format-standard has-post-thumbnail hentry category-cultura-estrategica category-industria-y-tecnologia category-internacional tag-argentina tag-china tag-diplomacia tag-espacio tag-geopolitica tag-tecnologia\">\n    <div class=\"article-image\">\n                                <div class=\"post-image\">\n                <span class=\"bgr-item\"><\/span>\n                <a href=\"https:\/\/articulo30.org\/politica-defensa\/argentina-china-intereses-estrategicos-dominio-espacial\/\">\n                    <img decoding=\"async\"  class=\"lazy\" src=\"https:\/\/articulo30.org\/politica-defensa\/wp-content\/themes\/nerubian\/assets\/images\/layzyload-list.jpg\"  data-src=\"https:\/\/articulo30.org\/politica-defensa\/wp-content\/uploads\/289-292x190.jpg\" alt=\"post-image\"\/>\n                <\/a>\n                            <\/div>\n\n                \n    <\/div>\n    <div class=\"article-content \">\n\n        <div class=\"entry-header clearfix\">\n            <span class=\"post-cat\">                <a href=\"https:\/\/articulo30.org\/politica-defensa\/seccion\/cultura-estrategica\/\"   title=\"\" >Cultura Estrat\u00e9gica<\/a>\n                                             <a href=\"https:\/\/articulo30.org\/politica-defensa\/seccion\/industria-y-tecnologia\/\"  title=\"\" >Industria y Tecnolog\u00eda<\/a>\n                             <a href=\"https:\/\/articulo30.org\/politica-defensa\/seccion\/internacional\/\"  title=\"\" >Internacional<\/a>\n            <\/span>\n            <header class=\"entry-header-title\">\n                <h3 class=\"entry-title\"><a href=\"https:\/\/articulo30.org\/politica-defensa\/argentina-china-intereses-estrategicos-dominio-espacial\/\" rel=\"bookmark\">Argentina-China: intereses estrat\u00e9gicos e implicaciones del dominio espacial<\/a><\/h3>            <\/header>\n        <\/div>\n        <div class=\"article-meta clearfix\">\n            <span class=\"posted-on\"><i class=\"fa fa-clock-o\" aria-hidden=\"true\"><\/i><span class=\"screen-reader-text\">Posted on <\/span><a href=\"https:\/\/articulo30.org\/politica-defensa\/argentina-china-intereses-estrategicos-dominio-espacial\/\" rel=\"bookmark\"><time class=\"entry-date published\" datetime=\"2024-08-26T14:25:24+01:00\">26\/08\/2024<\/time><time class=\"updated\" datetime=\"2025-01-28T18:18:28+01:00\">28\/01\/2025<\/time><\/a><\/span>\t<div class=\"entry-meta-right\">\n\t\t\t\t\t<\/div>\n\n        <\/div>\n        <div class=\"entry-content\">\n            An\u00e1lisis 289 26 Agosto 2024 El posicionamiento de China con respecto a Argentina ha ido creciendo considerablemente en los \u00faltimos tiempos. Adem\u00e1s de su papel dominante en esta econom\u00eda,...\n        <\/div>\n\n    <\/div>\n<\/article><!-- #post-## -->\n                        <\/div>\n\n                        \n                        <div class=\"col-item col-xs-12 col-1\">\n                            <article  class=\"post-item post-list clearfix post-6447 post type-post status-publish format-standard has-post-thumbnail hentry category-cultura-estrategica category-industria-y-tecnologia category-policy-papers tag-cultura-de-defensa tag-diplomacia tag-espana tag-geopolitica tag-industria tag-japon tag-politica-de-defensa\">\n    <div class=\"article-image\">\n                                <div class=\"post-image\">\n                <span class=\"bgr-item\"><\/span>\n                <a href=\"https:\/\/articulo30.org\/politica-defensa\/evolucion-estrategia-japon-erika-sugiura\/\">\n                    <img decoding=\"async\"  class=\"lazy\" src=\"https:\/\/articulo30.org\/politica-defensa\/wp-content\/themes\/nerubian\/assets\/images\/layzyload-list.jpg\"  data-src=\"https:\/\/articulo30.org\/politica-defensa\/wp-content\/uploads\/erika-sugiura-japon-292x190.jpg\" alt=\"post-image\"\/>\n                <\/a>\n                            <\/div>\n\n                \n    <\/div>\n    <div class=\"article-content \">\n\n        <div class=\"entry-header clearfix\">\n            <span class=\"post-cat\">                <a href=\"https:\/\/articulo30.org\/politica-defensa\/seccion\/cultura-estrategica\/\"   title=\"\" >Cultura Estrat\u00e9gica<\/a>\n                                             <a href=\"https:\/\/articulo30.org\/politica-defensa\/seccion\/industria-y-tecnologia\/\"  title=\"\" >Industria y Tecnolog\u00eda<\/a>\n                             <a href=\"https:\/\/articulo30.org\/politica-defensa\/seccion\/policy-papers\/\"  title=\"\" >Policy Papers<\/a>\n            <\/span>\n            <header class=\"entry-header-title\">\n                <h3 class=\"entry-title\"><a href=\"https:\/\/articulo30.org\/politica-defensa\/evolucion-estrategia-japon-erika-sugiura\/\" rel=\"bookmark\">Jap\u00f3n revisa su pol\u00edtica de Defensa<\/a><\/h3>            <\/header>\n        <\/div>\n        <div class=\"article-meta clearfix\">\n            <span class=\"posted-on\"><i class=\"fa fa-clock-o\" aria-hidden=\"true\"><\/i><span class=\"screen-reader-text\">Posted on <\/span><a href=\"https:\/\/articulo30.org\/politica-defensa\/evolucion-estrategia-japon-erika-sugiura\/\" rel=\"bookmark\"><time class=\"entry-date published\" datetime=\"2024-03-18T20:05:29+01:00\">18\/03\/2024<\/time><time class=\"updated\" datetime=\"2025-01-21T10:23:27+01:00\">21\/01\/2025<\/time><\/a><\/span>\t<div class=\"entry-meta-right\">\n\t\t\t\t\t<\/div>\n\n        <\/div>\n        <div class=\"entry-content\">\n            Paper 55 18 Marzo 2024 La reciente decisi\u00f3n del gobierno de Jap\u00f3n de revisar las normas que rigen la exportaci\u00f3n de material calificado como de \u201cuso militar\u201d no es...\n        <\/div>\n\n    <\/div>\n<\/article><!-- #post-## -->\n                        <\/div>\n\n                        \n                        <div class=\"col-item col-xs-12 col-1\">\n                            <article  class=\"post-item post-list clearfix post-6159 post type-post status-publish format-standard has-post-thumbnail hentry category-industria-y-tecnologia category-policy-papers tag-energia tag-estrategia tag-nuclear tag-recursos-naturales tag-tecnologia tag-union-europea\">\n    <div class=\"article-image\">\n                                <div class=\"post-image\">\n                <span class=\"bgr-item\"><\/span>\n                <a href=\"https:\/\/articulo30.org\/politica-defensa\/lecciones-de-ucrania-autonomia-estrategica\/\">\n                    <img decoding=\"async\"  class=\"lazy\" src=\"https:\/\/articulo30.org\/politica-defensa\/wp-content\/themes\/nerubian\/assets\/images\/layzyload-list.jpg\"  data-src=\"https:\/\/articulo30.org\/politica-defensa\/wp-content\/uploads\/paper-52-292x190.jpg\" alt=\"post-image\"\/>\n                <\/a>\n                            <\/div>\n\n                \n    <\/div>\n    <div class=\"article-content \">\n\n        <div class=\"entry-header clearfix\">\n            <span class=\"post-cat\">                <a href=\"https:\/\/articulo30.org\/politica-defensa\/seccion\/industria-y-tecnologia\/\"   title=\"\" >Industria y Tecnolog\u00eda<\/a>\n                                             <a href=\"https:\/\/articulo30.org\/politica-defensa\/seccion\/policy-papers\/\"  title=\"\" >Policy Papers<\/a>\n            <\/span>\n            <header class=\"entry-header-title\">\n                <h3 class=\"entry-title\"><a href=\"https:\/\/articulo30.org\/politica-defensa\/lecciones-de-ucrania-autonomia-estrategica\/\" rel=\"bookmark\">Lecciones de Ucrania: autonom\u00eda estrat\u00e9gica<\/a><\/h3>            <\/header>\n        <\/div>\n        <div class=\"article-meta clearfix\">\n            <span class=\"posted-on\"><i class=\"fa fa-clock-o\" aria-hidden=\"true\"><\/i><span class=\"screen-reader-text\">Posted on <\/span><a href=\"https:\/\/articulo30.org\/politica-defensa\/lecciones-de-ucrania-autonomia-estrategica\/\" rel=\"bookmark\"><time class=\"entry-date published\" datetime=\"2022-08-03T15:00:47+01:00\">03\/08\/2022<\/time><time class=\"updated\" datetime=\"2023-03-01T14:51:03+01:00\">01\/03\/2023<\/time><\/a><\/span>\t<div class=\"entry-meta-right\">\n\t\t\t\t\t<\/div>\n\n        <\/div>\n        <div class=\"entry-content\">\n            Paper 52 3 Agosto 2022 La invasi\u00f3n de Ucrania por parte de Rusia el 24 de febrero de 2022 ha supuesto un punto de inflexi\u00f3n para Europa y la...\n        <\/div>\n\n    <\/div>\n<\/article><!-- #post-## -->\n                        <\/div>\n\n                        \n                        <div class=\"col-item col-xs-12 col-1\">\n                            <article  class=\"post-item post-list clearfix post-5839 post type-post status-publish format-standard has-post-thumbnail hentry category-industria-y-tecnologia category-policy-papers tag-diplomacia tag-espana tag-industria tag-naval--armada tag-oriente-medio tag-tecnologia\">\n    <div class=\"article-image\">\n                                <div class=\"post-image\">\n                <span class=\"bgr-item\"><\/span>\n                <a href=\"https:\/\/articulo30.org\/politica-defensa\/armadas-peninsula-arabiga-albert-vidal\/\">\n                    <img decoding=\"async\"  class=\"lazy\" src=\"https:\/\/articulo30.org\/politica-defensa\/wp-content\/themes\/nerubian\/assets\/images\/layzyload-list.jpg\"  data-src=\"https:\/\/articulo30.org\/politica-defensa\/wp-content\/uploads\/paper-47-292x190.jpg\" alt=\"post-image\"\/>\n                <\/a>\n                            <\/div>\n\n                \n    <\/div>\n    <div class=\"article-content \">\n\n        <div class=\"entry-header clearfix\">\n            <span class=\"post-cat\">                <a href=\"https:\/\/articulo30.org\/politica-defensa\/seccion\/industria-y-tecnologia\/\"   title=\"\" >Industria y Tecnolog\u00eda<\/a>\n                                             <a href=\"https:\/\/articulo30.org\/politica-defensa\/seccion\/policy-papers\/\"  title=\"\" >Policy Papers<\/a>\n            <\/span>\n            <header class=\"entry-header-title\">\n                <h3 class=\"entry-title\"><a href=\"https:\/\/articulo30.org\/politica-defensa\/armadas-peninsula-arabiga-albert-vidal\/\" rel=\"bookmark\">Armadas en la Pen\u00ednsula Ar\u00e1biga, un nuevo actor en la regi\u00f3n<\/a><\/h3>            <\/header>\n        <\/div>\n        <div class=\"article-meta clearfix\">\n            <span class=\"posted-on\"><i class=\"fa fa-clock-o\" aria-hidden=\"true\"><\/i><span class=\"screen-reader-text\">Posted on <\/span><a href=\"https:\/\/articulo30.org\/politica-defensa\/armadas-peninsula-arabiga-albert-vidal\/\" rel=\"bookmark\"><time class=\"entry-date published\" datetime=\"2021-07-16T11:56:51+01:00\">16\/07\/2021<\/time><time class=\"updated\" datetime=\"2021-10-28T10:57:03+01:00\">28\/10\/2021<\/time><\/a><\/span>\t<div class=\"entry-meta-right\">\n\t\t\t\t\t<\/div>\n\n        <\/div>\n        <div class=\"entry-content\">\n            Paper 47 16 Julio 2021 Durante las \u00faltimas d\u00e9cadas, la Pen\u00ednsula Ar\u00e1biga ha tendido a apostar por las fuerzas a\u00e9reas y terrestres, relegando el poder naval a un segundo...\n        <\/div>\n\n    <\/div>\n<\/article><!-- #post-## -->\n                        <\/div>\n\n                        \n                        <div class=\"col-item col-xs-12 col-1\">\n                            <article  class=\"post-item post-list clearfix post-5652 post type-post status-publish format-standard has-post-thumbnail hentry category-espana category-industria-y-tecnologia tag-china tag-derechos-humanos tag-diplomacia tag-espana tag-estados-unidos tag-industria tag-innovacion tag-no-proliferacion tag-otan tag-tecnologia\">\n    <div class=\"article-image\">\n                                <div class=\"post-image\">\n                <span class=\"bgr-item\"><\/span>\n                <a href=\"https:\/\/articulo30.org\/politica-defensa\/armas-acusticas-tecnologia-militar\/\">\n                    <img decoding=\"async\"  class=\"lazy\" src=\"https:\/\/articulo30.org\/politica-defensa\/wp-content\/themes\/nerubian\/assets\/images\/layzyload-list.jpg\"  data-src=\"https:\/\/articulo30.org\/politica-defensa\/wp-content\/uploads\/275-292x190.jpg\" alt=\"post-image\"\/>\n                <\/a>\n                            <\/div>\n\n                \n    <\/div>\n    <div class=\"article-content \">\n\n        <div class=\"entry-header clearfix\">\n            <span class=\"post-cat\">                <a href=\"https:\/\/articulo30.org\/politica-defensa\/seccion\/espana\/\"   title=\"\" >Espa\u00f1a<\/a>\n                                             <a href=\"https:\/\/articulo30.org\/politica-defensa\/seccion\/industria-y-tecnologia\/\"  title=\"\" >Industria y Tecnolog\u00eda<\/a>\n            <\/span>\n            <header class=\"entry-header-title\">\n                <h3 class=\"entry-title\"><a href=\"https:\/\/articulo30.org\/politica-defensa\/armas-acusticas-tecnologia-militar\/\" rel=\"bookmark\">Armas ac\u00fasticas, \u00bfnueva capacidad tecnol\u00f3gica militar?<\/a><\/h3>            <\/header>\n        <\/div>\n        <div class=\"article-meta clearfix\">\n            <span class=\"posted-on\"><i class=\"fa fa-clock-o\" aria-hidden=\"true\"><\/i><span class=\"screen-reader-text\">Posted on <\/span><a href=\"https:\/\/articulo30.org\/politica-defensa\/armas-acusticas-tecnologia-militar\/\" rel=\"bookmark\"><time class=\"entry-date published\" datetime=\"2021-04-06T10:15:06+01:00\">06\/04\/2021<\/time><time class=\"updated\" datetime=\"2021-04-07T11:45:50+01:00\">07\/04\/2021<\/time><\/a><\/span>\t<div class=\"entry-meta-right\">\n\t\t\t\t\t<\/div>\n\n        <\/div>\n        <div class=\"entry-content\">\n            An\u00e1lisis 275 6 Abril 2021 Las armas ac\u00fasticas (tambi\u00e9n llamadas armas s\u00f3nicas o ultras\u00f3nicas, USW por sus siglas en ingl\u00e9s) son dispositivos que utilizan el efecto de las ondas...\n        <\/div>\n\n    <\/div>\n<\/article><!-- #post-## -->\n                        <\/div>\n\n                                            <\/div>\n    <\/div>\n\n                <div class=\"navigation pagination clearfix\">\r\n                                            <span class=\"page-numbers current\">1<\/span>\r\n                                                    <a href=\"https:\/\/articulo30.org\/politica-defensa\/wp-json\/wp\/v2\/pages\/2983\/page\/2\/\" class=\"inactive page-numbers\">2<\/a>\r\n                                                        <a href=\"https:\/\/articulo30.org\/politica-defensa\/wp-json\/wp\/v2\/pages\/2983\/page\/3\/\" class=\"inactive page-numbers\">3<\/a>\r\n                                                        <a href=\"https:\/\/articulo30.org\/politica-defensa\/wp-json\/wp\/v2\/pages\/2983\/page\/4\/\" class=\"inactive page-numbers\">4<\/a>\r\n                                                        <a href=\"https:\/\/articulo30.org\/politica-defensa\/wp-json\/wp\/v2\/pages\/2983\/page\/5\/\" class=\"inactive page-numbers\">5<\/a>\r\n                                                        <a href=\"https:\/\/articulo30.org\/politica-defensa\/wp-json\/wp\/v2\/pages\/2983\/page\/6\/\" class=\"inactive page-numbers\">6<\/a>\r\n                                                        <a href=\"https:\/\/articulo30.org\/politica-defensa\/wp-json\/wp\/v2\/pages\/2983\/page\/7\/\" class=\"inactive page-numbers\">7<\/a>\r\n                                                <a class=\"next page-numbers\" href=\"https:\/\/articulo30.org\/politica-defensa\/wp-json\/wp\/v2\/pages\/2983\/page\/2\/\"><i class=\"fa fa-angle-right\"><\/i><\/a>\r\n                            <\/div>\r\n            <\/div>\n","protected":false},"excerpt":{"rendered":"","protected":false},"author":4,"featured_media":0,"parent":0,"menu_order":0,"comment_status":"closed","ping_status":"closed","template":"","meta":{"footnotes":""},"class_list":["post-2983","page","type-page","status-publish","hentry"],"_links":{"self":[{"href":"https:\/\/articulo30.org\/politica-defensa\/wp-json\/wp\/v2\/pages\/2983","targetHints":{"allow":["GET"]}}],"collection":[{"href":"https:\/\/articulo30.org\/politica-defensa\/wp-json\/wp\/v2\/pages"}],"about":[{"href":"https:\/\/articulo30.org\/politica-defensa\/wp-json\/wp\/v2\/types\/page"}],"author":[{"embeddable":true,"href":"https:\/\/articulo30.org\/politica-defensa\/wp-json\/wp\/v2\/users\/4"}],"replies":[{"embeddable":true,"href":"https:\/\/articulo30.org\/politica-defensa\/wp-json\/wp\/v2\/comments?post=2983"}],"version-history":[{"count":3,"href":"https:\/\/articulo30.org\/politica-defensa\/wp-json\/wp\/v2\/pages\/2983\/revisions"}],"predecessor-version":[{"id":6199,"href":"https:\/\/articulo30.org\/politica-defensa\/wp-json\/wp\/v2\/pages\/2983\/revisions\/6199"}],"wp:attachment":[{"href":"https:\/\/articulo30.org\/politica-defensa\/wp-json\/wp\/v2\/media?parent=2983"}],"curies":[{"name":"wp","href":"https:\/\/api.w.org\/{rel}","templated":true}]}}