{"id":3544,"date":"2019-04-07T00:10:13","date_gmt":"2019-04-06T23:10:13","guid":{"rendered":"https:\/\/articulo30.org\/politica-defensa\/?page_id=3544"},"modified":"2022-11-29T13:43:54","modified_gmt":"2022-11-29T12:43:54","slug":"union-europea","status":"publish","type":"page","link":"https:\/\/articulo30.org\/politica-defensa\/union-europea\/","title":{"rendered":"Uni\u00f3n Europea"},"content":{"rendered":"\n\n<div class=\"wrapper-posts box-recent type-pagination layout-list\" data-layout=\"list\" data-paged=\"8\" data-col=\"col-xs-12 col-1\" data-cat=\"Uni\u00f3n Europea\" data-number=\"8\" data-ads=\"large-rectangle\">\n            <div class=\"box-title clearfix\">\n            <h2 class=\"title-left\">Uni\u00f3n Europea<\/h2>\n                    <\/div>\n        <span class=\"agr-loading\"><\/span>\n    <div class=\"tab-content\">\n        <div id=\"allCat\" class=\"archive-blog affect-isotope row active description-show\">\n                            \n                        <div class=\"col-item col-xs-12 col-1\">\n                            <article  class=\"post-item post-list clearfix post-6690 post type-post status-publish format-standard has-post-thumbnail hentry category-union-europea tag-analisis-de-conflictos tag-rusia tag-ucrania tag-union-europea\">\n    <div class=\"article-image\">\n                                <div class=\"post-image\">\n                <span class=\"bgr-item\"><\/span>\n                <a href=\"https:\/\/articulo30.org\/politica-defensa\/el-precio-del-miedo-jorge-salvadores\/\">\n                    <img decoding=\"async\"  class=\"lazy\" src=\"https:\/\/articulo30.org\/politica-defensa\/wp-content\/themes\/nerubian\/assets\/images\/layzyload-list.jpg\"  data-src=\"https:\/\/articulo30.org\/politica-defensa\/wp-content\/uploads\/301-292x190.jpg\" alt=\"post-image\"\/>\n                <\/a>\n                            <\/div>\n\n                \n    <\/div>\n    <div class=\"article-content \">\n\n        <div class=\"entry-header clearfix\">\n            <span class=\"post-cat\">                <a href=\"https:\/\/articulo30.org\/politica-defensa\/seccion\/union-europea\/\"   title=\"\" >Uni\u00f3n Europea<\/a>\n                            <\/span>\n            <header class=\"entry-header-title\">\n                <h3 class=\"entry-title\"><a href=\"https:\/\/articulo30.org\/politica-defensa\/el-precio-del-miedo-jorge-salvadores\/\" rel=\"bookmark\">El precio del miedo<\/a><\/h3>            <\/header>\n        <\/div>\n        <div class=\"article-meta clearfix\">\n            <span class=\"posted-on\"><i class=\"fa fa-clock-o\" aria-hidden=\"true\"><\/i><span class=\"screen-reader-text\">Posted on <\/span><a href=\"https:\/\/articulo30.org\/politica-defensa\/el-precio-del-miedo-jorge-salvadores\/\" rel=\"bookmark\"><time class=\"entry-date published\" datetime=\"2026-01-04T17:00:42+01:00\">04\/01\/2026<\/time><time class=\"updated\" datetime=\"2026-03-29T20:18:45+01:00\">29\/03\/2026<\/time><\/a><\/span>\t<div class=\"entry-meta-right\">\n\t\t\t\t\t<\/div>\n\n        <\/div>\n        <div class=\"entry-content\">\n            An\u00e1lisis 301 4 Enero 2026 Es natural sentir miedo a la guerra y tener aversi\u00f3n al riesgo cuando hay vidas humanas en juego. El espectro de las guerras mundiales...\n        <\/div>\n\n    <\/div>\n<\/article><!-- #post-## -->\n                        <\/div>\n\n                        \n                        <div class=\"col-item col-xs-12 col-1\">\n                            <article  class=\"post-item post-list clearfix post-6661 post type-post status-publish format-standard has-post-thumbnail hentry category-internacional category-union-europea tag-china tag-estados-unidos tag-estrategia tag-geopolitica tag-industria tag-inteligencia-artificial tag-legislacion tag-politica-de-defensa tag-tecnologia tag-union-europea\">\n    <div class=\"article-image\">\n                                <div class=\"post-image\">\n                <span class=\"bgr-item\"><\/span>\n                <a href=\"https:\/\/articulo30.org\/politica-defensa\/geopolitica-inteligencia-artificial-union-europea-lydia-zhuying\/\">\n                    <img decoding=\"async\"  class=\"lazy\" src=\"https:\/\/articulo30.org\/politica-defensa\/wp-content\/themes\/nerubian\/assets\/images\/layzyload-list.jpg\"  data-src=\"https:\/\/articulo30.org\/politica-defensa\/wp-content\/uploads\/300-292x190.jpg\" alt=\"post-image\"\/>\n                <\/a>\n                            <\/div>\n\n                \n    <\/div>\n    <div class=\"article-content \">\n\n        <div class=\"entry-header clearfix\">\n            <span class=\"post-cat\">                <a href=\"https:\/\/articulo30.org\/politica-defensa\/seccion\/internacional\/\"   title=\"\" >Internacional<\/a>\n                                             <a href=\"https:\/\/articulo30.org\/politica-defensa\/seccion\/union-europea\/\"  title=\"\" >Uni\u00f3n Europea<\/a>\n            <\/span>\n            <header class=\"entry-header-title\">\n                <h3 class=\"entry-title\"><a href=\"https:\/\/articulo30.org\/politica-defensa\/geopolitica-inteligencia-artificial-union-europea-lydia-zhuying\/\" rel=\"bookmark\">La geopol\u00edtica de la Inteligencia Artificial y el futuro de la Uni\u00f3n Europea<\/a><\/h3>            <\/header>\n        <\/div>\n        <div class=\"article-meta clearfix\">\n            <span class=\"posted-on\"><i class=\"fa fa-clock-o\" aria-hidden=\"true\"><\/i><span class=\"screen-reader-text\">Posted on <\/span><a href=\"https:\/\/articulo30.org\/politica-defensa\/geopolitica-inteligencia-artificial-union-europea-lydia-zhuying\/\" rel=\"bookmark\"><time class=\"entry-date published\" datetime=\"2025-07-11T09:52:44+01:00\">11\/07\/2025<\/time><time class=\"updated\" datetime=\"2025-11-13T21:30:42+01:00\">13\/11\/2025<\/time><\/a><\/span>\t<div class=\"entry-meta-right\">\n\t\t\t\t\t<\/div>\n\n        <\/div>\n        <div class=\"entry-content\">\n            An\u00e1lisis 300 11 Julio 2025 El auge de la Inteligencia Artificial (IA) est\u00e1 reconfigurando el orden internacional. La geopol\u00edtica de la IA ha situado a las econom\u00edas l\u00edderes a...\n        <\/div>\n\n    <\/div>\n<\/article><!-- #post-## -->\n                        <\/div>\n\n                        \n                        <div class=\"col-item col-xs-12 col-1\">\n                            <article  class=\"post-item post-list clearfix post-6607 post type-post status-publish format-standard has-post-thumbnail hentry category-internacional category-union-europea tag-analisis-de-conflictos tag-diplomacia tag-estados-unidos tag-rusia tag-ucrania tag-union-europea\">\n    <div class=\"article-image\">\n                                <div class=\"post-image\">\n                <span class=\"bgr-item\"><\/span>\n                <a href=\"https:\/\/articulo30.org\/politica-defensa\/europa-ucrania-jesus-de-ramon-laca\/\">\n                    <img decoding=\"async\"  class=\"lazy\" src=\"https:\/\/articulo30.org\/politica-defensa\/wp-content\/themes\/nerubian\/assets\/images\/layzyload-list.jpg\"  data-src=\"https:\/\/articulo30.org\/politica-defensa\/wp-content\/uploads\/294-1-292x190.jpg\" alt=\"post-image\"\/>\n                <\/a>\n                            <\/div>\n\n                \n    <\/div>\n    <div class=\"article-content \">\n\n        <div class=\"entry-header clearfix\">\n            <span class=\"post-cat\">                <a href=\"https:\/\/articulo30.org\/politica-defensa\/seccion\/internacional\/\"   title=\"\" >Internacional<\/a>\n                                             <a href=\"https:\/\/articulo30.org\/politica-defensa\/seccion\/union-europea\/\"  title=\"\" >Uni\u00f3n Europea<\/a>\n            <\/span>\n            <header class=\"entry-header-title\">\n                <h3 class=\"entry-title\"><a href=\"https:\/\/articulo30.org\/politica-defensa\/europa-ucrania-jesus-de-ramon-laca\/\" rel=\"bookmark\">Europa y Ucrania, una reflexi\u00f3n dist\u00f3pica<\/a><\/h3>            <\/header>\n        <\/div>\n        <div class=\"article-meta clearfix\">\n            <span class=\"posted-on\"><i class=\"fa fa-clock-o\" aria-hidden=\"true\"><\/i><span class=\"screen-reader-text\">Posted on <\/span><a href=\"https:\/\/articulo30.org\/politica-defensa\/europa-ucrania-jesus-de-ramon-laca\/\" rel=\"bookmark\"><time class=\"entry-date published\" datetime=\"2025-03-26T16:45:59+01:00\">26\/03\/2025<\/time><time class=\"updated\" datetime=\"2025-05-16T13:20:29+01:00\">16\/05\/2025<\/time><\/a><\/span>\t<div class=\"entry-meta-right\">\n\t\t\t\t\t<\/div>\n\n        <\/div>\n        <div class=\"entry-content\">\n            An\u00e1lisis 295 26 Marzo 2025 La historia como disciplina acad\u00e9mica trata de enumerar, simplificar y explicar hechos pasados. Adem\u00e1s de exponer cronol\u00f3gicamente los hechos, el an\u00e1lisis hist\u00f3rico intenta tambi\u00e9n...\n        <\/div>\n\n    <\/div>\n<\/article><!-- #post-## -->\n                        <\/div>\n\n                        \n                        <div class=\"col-item col-xs-12 col-1\">\n                            <article  class=\"post-item post-list clearfix post-6592 post type-post status-publish format-standard has-post-thumbnail hentry category-policy-papers category-union-europea tag-argelia tag-estados-unidos tag-industria tag-marruecos tag-otan tag-presupuesto tag-rusia tag-tecnologia tag-ucrania tag-union-europea\">\n    <div class=\"article-image\">\n                                <div class=\"post-image\">\n                <span class=\"bgr-item\"><\/span>\n                <a href=\"https:\/\/articulo30.org\/politica-defensa\/paper-58-rearme-de-europa-rebeca-radio\/\">\n                    <img decoding=\"async\"  class=\"lazy\" src=\"https:\/\/articulo30.org\/politica-defensa\/wp-content\/themes\/nerubian\/assets\/images\/layzyload-list.jpg\"  data-src=\"https:\/\/articulo30.org\/politica-defensa\/wp-content\/uploads\/paper-58-292x190.jpg\" alt=\"post-image\"\/>\n                <\/a>\n                            <\/div>\n\n                \n    <\/div>\n    <div class=\"article-content \">\n\n        <div class=\"entry-header clearfix\">\n            <span class=\"post-cat\">                <a href=\"https:\/\/articulo30.org\/politica-defensa\/seccion\/policy-papers\/\"   title=\"\" >Policy Papers<\/a>\n                                             <a href=\"https:\/\/articulo30.org\/politica-defensa\/seccion\/union-europea\/\"  title=\"\" >Uni\u00f3n Europea<\/a>\n            <\/span>\n            <header class=\"entry-header-title\">\n                <h3 class=\"entry-title\"><a href=\"https:\/\/articulo30.org\/politica-defensa\/paper-58-rearme-de-europa-rebeca-radio\/\" rel=\"bookmark\">El rearme de Europa: lecciones del pasado para la defensa del futuro<\/a><\/h3>            <\/header>\n        <\/div>\n        <div class=\"article-meta clearfix\">\n            <span class=\"posted-on\"><i class=\"fa fa-clock-o\" aria-hidden=\"true\"><\/i><span class=\"screen-reader-text\">Posted on <\/span><a href=\"https:\/\/articulo30.org\/politica-defensa\/paper-58-rearme-de-europa-rebeca-radio\/\" rel=\"bookmark\"><time class=\"entry-date published\" datetime=\"2025-03-18T20:21:18+01:00\">18\/03\/2025<\/time><time class=\"updated\" datetime=\"2025-04-22T13:45:31+01:00\">22\/04\/2025<\/time><\/a><\/span>\t<div class=\"entry-meta-right\">\n\t\t\t\t\t<\/div>\n\n        <\/div>\n        <div class=\"entry-content\">\n            Paper 58 18 Marzo 2025 Es com\u00fan ver c\u00f3mo ciertos patrones hist\u00f3ricos tienden a repetirse bajo nuevas circunstancias, incluso con las mismas amenazas. En este sentido, la reciente cumbre...\n        <\/div>\n\n    <\/div>\n<\/article><!-- #post-## -->\n                        <\/div>\n\n                        \n                        <div class=\"col-item col-xs-12 col-1\">\n                            <article  class=\"post-item post-list clearfix post-6586 post type-post status-publish format-standard has-post-thumbnail hentry category-internacional category-union-europea tag-diplomacia tag-estados-unidos tag-otan tag-rusia tag-ucrania tag-union-europea\">\n    <div class=\"article-image\">\n                                <div class=\"post-image\">\n                <span class=\"bgr-item\"><\/span>\n                <a href=\"https:\/\/articulo30.org\/politica-defensa\/europa-eeuu-trump-jesus-de-ramon-laca\/\">\n                    <img decoding=\"async\"  class=\"lazy\" src=\"https:\/\/articulo30.org\/politica-defensa\/wp-content\/themes\/nerubian\/assets\/images\/layzyload-list.jpg\"  data-src=\"https:\/\/articulo30.org\/politica-defensa\/wp-content\/uploads\/294-292x190.jpg\" alt=\"post-image\"\/>\n                <\/a>\n                            <\/div>\n\n                \n    <\/div>\n    <div class=\"article-content \">\n\n        <div class=\"entry-header clearfix\">\n            <span class=\"post-cat\">                <a href=\"https:\/\/articulo30.org\/politica-defensa\/seccion\/internacional\/\"   title=\"\" >Internacional<\/a>\n                                             <a href=\"https:\/\/articulo30.org\/politica-defensa\/seccion\/union-europea\/\"  title=\"\" >Uni\u00f3n Europea<\/a>\n            <\/span>\n            <header class=\"entry-header-title\">\n                <h3 class=\"entry-title\"><a href=\"https:\/\/articulo30.org\/politica-defensa\/europa-eeuu-trump-jesus-de-ramon-laca\/\" rel=\"bookmark\">Europa y EEUU con Trump 2.0<\/a><\/h3>            <\/header>\n        <\/div>\n        <div class=\"article-meta clearfix\">\n            <span class=\"posted-on\"><i class=\"fa fa-clock-o\" aria-hidden=\"true\"><\/i><span class=\"screen-reader-text\">Posted on <\/span><a href=\"https:\/\/articulo30.org\/politica-defensa\/europa-eeuu-trump-jesus-de-ramon-laca\/\" rel=\"bookmark\"><time class=\"entry-date published\" datetime=\"2025-03-01T11:33:11+01:00\">01\/03\/2025<\/time><time class=\"updated\" datetime=\"2025-03-01T11:34:42+01:00\">01\/03\/2025<\/time><\/a><\/span>\t<div class=\"entry-meta-right\">\n\t\t\t\t\t<\/div>\n\n        <\/div>\n        <div class=\"entry-content\">\n            An\u00e1lisis 294 01 Marzo 2025 Fases de una dura desintoxicaci\u00f3n Las etapas que atraviesa un adicto durante su desintoxicaci\u00f3n se suelen enumerar como precontemplaci\u00f3n, contemplaci\u00f3n, preparaci\u00f3n, acci\u00f3n o decisi\u00f3n,...\n        <\/div>\n\n    <\/div>\n<\/article><!-- #post-## -->\n                        <\/div>\n\n                        \n                        <div class=\"col-item col-xs-12 col-1\">\n                            <article  class=\"post-item post-list clearfix post-6495 post type-post status-publish format-standard has-post-thumbnail hentry category-cultura-estrategica category-iniciativas category-union-europea tag-conflictos tag-fuerzas-armadas tag-geopolitica tag-seguriad tag-union-europea\">\n    <div class=\"article-image\">\n                                <div class=\"post-image\">\n                <span class=\"bgr-item\"><\/span>\n                <a href=\"https:\/\/articulo30.org\/politica-defensa\/coloquios-con-faes\/\">\n                    <img decoding=\"async\"  class=\"lazy\" src=\"https:\/\/articulo30.org\/politica-defensa\/wp-content\/themes\/nerubian\/assets\/images\/layzyload-list.jpg\"  data-src=\"https:\/\/articulo30.org\/politica-defensa\/wp-content\/uploads\/Captura-video-FAES-292x190.png\" alt=\"post-image\"\/>\n                <\/a>\n                            <\/div>\n\n                \n    <\/div>\n    <div class=\"article-content \">\n\n        <div class=\"entry-header clearfix\">\n            <span class=\"post-cat\">                <a href=\"https:\/\/articulo30.org\/politica-defensa\/seccion\/cultura-estrategica\/\"   title=\"\" >Cultura Estrat\u00e9gica<\/a>\n                                             <a href=\"https:\/\/articulo30.org\/politica-defensa\/seccion\/iniciativas\/\"  title=\"\" >Iniciativas<\/a>\n                             <a href=\"https:\/\/articulo30.org\/politica-defensa\/seccion\/union-europea\/\"  title=\"\" >Uni\u00f3n Europea<\/a>\n            <\/span>\n            <header class=\"entry-header-title\">\n                <h3 class=\"entry-title\"><a href=\"https:\/\/articulo30.org\/politica-defensa\/coloquios-con-faes\/\" rel=\"bookmark\">Di\u00e1logos FAES | \u00abLa seguridad compartida en el entorno de la UE\u00bb<\/a><\/h3>            <\/header>\n        <\/div>\n        <div class=\"article-meta clearfix\">\n            <span class=\"posted-on\"><i class=\"fa fa-clock-o\" aria-hidden=\"true\"><\/i><span class=\"screen-reader-text\">Posted on <\/span><a href=\"https:\/\/articulo30.org\/politica-defensa\/coloquios-con-faes\/\" rel=\"bookmark\"><time class=\"entry-date published\" datetime=\"2024-11-25T17:15:07+01:00\">25\/11\/2024<\/time><time class=\"updated\" datetime=\"2025-01-20T20:36:15+01:00\">20\/01\/2025<\/time><\/a><\/span>\t<div class=\"entry-meta-right\">\n\t\t\t\t\t<\/div>\n\n        <\/div>\n        <div class=\"entry-content\">\n            3 Octubre 2024 El coronel (R) Jos\u00e9 Luis Pontijas, doctor en Econom\u00eda Aplicada y profesor de Estudios Estrat\u00e9gicos en la Universidad Carlos III, y Ver\u00f3nica Dom\u00ednguez, secretaria general del&nbsp;think-thank&nbsp;Art\u00edculo...\n        <\/div>\n\n    <\/div>\n<\/article><!-- #post-## -->\n                        <\/div>\n\n                        \n                        <div class=\"col-item col-xs-12 col-1\">\n                            <article  class=\"post-item post-list clearfix post-6478 post type-post status-publish format-standard has-post-thumbnail hentry category-cultura-estrategica category-internacional category-union-europea tag-defensa tag-eeuu tag-europa tag-geopolitica tag-otan tag-ucrania\">\n    <div class=\"article-image\">\n                                <div class=\"post-image\">\n                <span class=\"bgr-item\"><\/span>\n                <a href=\"https:\/\/articulo30.org\/politica-defensa\/la-union-europea-y-la-interdependencia-estrategica-con-ee-uu\/\">\n                    <img decoding=\"async\"  class=\"lazy\" src=\"https:\/\/articulo30.org\/politica-defensa\/wp-content\/themes\/nerubian\/assets\/images\/layzyload-list.jpg\"  data-src=\"https:\/\/articulo30.org\/politica-defensa\/wp-content\/uploads\/eeuu-ue_v2-292x190.jpg\" alt=\"post-image\"\/>\n                <\/a>\n                            <\/div>\n\n                \n    <\/div>\n    <div class=\"article-content \">\n\n        <div class=\"entry-header clearfix\">\n            <span class=\"post-cat\">                <a href=\"https:\/\/articulo30.org\/politica-defensa\/seccion\/cultura-estrategica\/\"   title=\"\" >Cultura Estrat\u00e9gica<\/a>\n                                             <a href=\"https:\/\/articulo30.org\/politica-defensa\/seccion\/internacional\/\"  title=\"\" >Internacional<\/a>\n                             <a href=\"https:\/\/articulo30.org\/politica-defensa\/seccion\/union-europea\/\"  title=\"\" >Uni\u00f3n Europea<\/a>\n            <\/span>\n            <header class=\"entry-header-title\">\n                <h3 class=\"entry-title\"><a href=\"https:\/\/articulo30.org\/politica-defensa\/la-union-europea-y-la-interdependencia-estrategica-con-ee-uu\/\" rel=\"bookmark\">La Uni\u00f3n Europea y la interdependencia estrat\u00e9gica con EE.UU.<\/a><\/h3>            <\/header>\n        <\/div>\n        <div class=\"article-meta clearfix\">\n            <span class=\"posted-on\"><i class=\"fa fa-clock-o\" aria-hidden=\"true\"><\/i><span class=\"screen-reader-text\">Posted on <\/span><a href=\"https:\/\/articulo30.org\/politica-defensa\/la-union-europea-y-la-interdependencia-estrategica-con-ee-uu\/\" rel=\"bookmark\"><time class=\"entry-date published\" datetime=\"2024-10-24T19:36:06+01:00\">24\/10\/2024<\/time><time class=\"updated\" datetime=\"2025-01-24T15:54:42+01:00\">24\/01\/2025<\/time><\/a><\/span>\t<div class=\"entry-meta-right\">\n\t\t\t\t\t<\/div>\n\n        <\/div>\n        <div class=\"entry-content\">\n            An\u00e1lisis 290 24 Octubre 2024 Desde la invasi\u00f3n de Ucrania por Rusia, en febrero de 2022, el debate sobre la autonom\u00eda estrat\u00e9gica europea parece haber desaparecido, siendo sustituido por...\n        <\/div>\n\n    <\/div>\n<\/article><!-- #post-## -->\n                        <\/div>\n\n                        \n                        <div class=\"col-item col-xs-12 col-1\">\n                            <article  class=\"post-item post-list clearfix post-6439 post type-post status-publish format-standard has-post-thumbnail hentry category-espana category-seguridad-nacional category-union-europea tag-espana tag-fronteras tag-guardia-civil tag-narcotrafico tag-onu tag-seguridad-nacional tag-union-europea\">\n    <div class=\"article-image\">\n                                <div class=\"post-image\">\n                <span class=\"bgr-item\"><\/span>\n                <a href=\"https:\/\/articulo30.org\/politica-defensa\/hostis-generis-humani\/\">\n                    <img decoding=\"async\"  class=\"lazy\" src=\"https:\/\/articulo30.org\/politica-defensa\/wp-content\/themes\/nerubian\/assets\/images\/layzyload-list.jpg\"  data-src=\"https:\/\/articulo30.org\/politica-defensa\/wp-content\/uploads\/patrulla-guardia-civil-292x190.jpeg\" alt=\"post-image\"\/>\n                <\/a>\n                            <\/div>\n\n                \n    <\/div>\n    <div class=\"article-content \">\n\n        <div class=\"entry-header clearfix\">\n            <span class=\"post-cat\">                <a href=\"https:\/\/articulo30.org\/politica-defensa\/seccion\/espana\/\"   title=\"\" >Espa\u00f1a<\/a>\n                                             <a href=\"https:\/\/articulo30.org\/politica-defensa\/seccion\/seguridad-nacional\/\"  title=\"\" >Seguridad Nacional<\/a>\n                             <a href=\"https:\/\/articulo30.org\/politica-defensa\/seccion\/union-europea\/\"  title=\"\" >Uni\u00f3n Europea<\/a>\n            <\/span>\n            <header class=\"entry-header-title\">\n                <h3 class=\"entry-title\"><a href=\"https:\/\/articulo30.org\/politica-defensa\/hostis-generis-humani\/\" rel=\"bookmark\">\u00abHostis Generis Humani\u00bb o la necesaria supremac\u00eda del Estado de Derecho<\/a><\/h3>            <\/header>\n        <\/div>\n        <div class=\"article-meta clearfix\">\n            <span class=\"posted-on\"><i class=\"fa fa-clock-o\" aria-hidden=\"true\"><\/i><span class=\"screen-reader-text\">Posted on <\/span><a href=\"https:\/\/articulo30.org\/politica-defensa\/hostis-generis-humani\/\" rel=\"bookmark\"><time class=\"entry-date published\" datetime=\"2024-03-18T11:46:31+01:00\">18\/03\/2024<\/time><time class=\"updated\" datetime=\"2025-01-20T20:22:46+01:00\">20\/01\/2025<\/time><\/a><\/span>\t<div class=\"entry-meta-right\">\n\t\t\t\t\t<\/div>\n\n        <\/div>\n        <div class=\"entry-content\">\n            18 Marzo 2024 El pasado viernes 9 de febrero dos guardias civiles fueron brutalmente asesinados al ser arrollada su peque\u00f1a embarcaci\u00f3n por una potente narcolancha que se encontraba en...\n        <\/div>\n\n    <\/div>\n<\/article><!-- #post-## -->\n                        <\/div>\n\n                                            <\/div>\n    <\/div>\n\n                <div class=\"navigation pagination clearfix\">\r\n                                            <span class=\"page-numbers current\">1<\/span>\r\n                                                    <a href=\"https:\/\/articulo30.org\/politica-defensa\/wp-json\/wp\/v2\/pages\/3544\/page\/2\/\" class=\"inactive page-numbers\">2<\/a>\r\n                                                        <a href=\"https:\/\/articulo30.org\/politica-defensa\/wp-json\/wp\/v2\/pages\/3544\/page\/3\/\" class=\"inactive page-numbers\">3<\/a>\r\n                                                        <a href=\"https:\/\/articulo30.org\/politica-defensa\/wp-json\/wp\/v2\/pages\/3544\/page\/4\/\" class=\"inactive page-numbers\">4<\/a>\r\n                                                <a class=\"next page-numbers\" href=\"https:\/\/articulo30.org\/politica-defensa\/wp-json\/wp\/v2\/pages\/3544\/page\/2\/\"><i class=\"fa fa-angle-right\"><\/i><\/a>\r\n                            <\/div>\r\n            <\/div>\n","protected":false},"excerpt":{"rendered":"","protected":false},"author":4,"featured_media":0,"parent":0,"menu_order":0,"comment_status":"closed","ping_status":"closed","template":"","meta":{"footnotes":""},"class_list":["post-3544","page","type-page","status-publish","hentry"],"_links":{"self":[{"href":"https:\/\/articulo30.org\/politica-defensa\/wp-json\/wp\/v2\/pages\/3544","targetHints":{"allow":["GET"]}}],"collection":[{"href":"https:\/\/articulo30.org\/politica-defensa\/wp-json\/wp\/v2\/pages"}],"about":[{"href":"https:\/\/articulo30.org\/politica-defensa\/wp-json\/wp\/v2\/types\/page"}],"author":[{"embeddable":true,"href":"https:\/\/articulo30.org\/politica-defensa\/wp-json\/wp\/v2\/users\/4"}],"replies":[{"embeddable":true,"href":"https:\/\/articulo30.org\/politica-defensa\/wp-json\/wp\/v2\/comments?post=3544"}],"version-history":[{"count":3,"href":"https:\/\/articulo30.org\/politica-defensa\/wp-json\/wp\/v2\/pages\/3544\/revisions"}],"predecessor-version":[{"id":6195,"href":"https:\/\/articulo30.org\/politica-defensa\/wp-json\/wp\/v2\/pages\/3544\/revisions\/6195"}],"wp:attachment":[{"href":"https:\/\/articulo30.org\/politica-defensa\/wp-json\/wp\/v2\/media?parent=3544"}],"curies":[{"name":"wp","href":"https:\/\/api.w.org\/{rel}","templated":true}]}}