{"id":3546,"date":"2019-04-07T00:11:09","date_gmt":"2019-04-06T23:11:09","guid":{"rendered":"https:\/\/articulo30.org\/politica-defensa\/?page_id=3546"},"modified":"2022-11-29T13:43:41","modified_gmt":"2022-11-29T12:43:41","slug":"otan-2","status":"publish","type":"page","link":"https:\/\/articulo30.org\/politica-defensa\/otan-2\/","title":{"rendered":"OTAN"},"content":{"rendered":"\n\n<div class=\"wrapper-posts box-recent type-pagination layout-list\" data-layout=\"list\" data-paged=\"4\" data-col=\"col-xs-12 col-1\" data-cat=\"OTAN\" data-number=\"8\" data-ads=\"large-rectangle\">\n            <div class=\"box-title clearfix\">\n            <h2 class=\"title-left\">OTAN<\/h2>\n                    <\/div>\n        <span class=\"agr-loading\"><\/span>\n    <div class=\"tab-content\">\n        <div id=\"allCat\" class=\"archive-blog affect-isotope row active description-show\">\n                            \n                        <div class=\"col-item col-xs-12 col-1\">\n                            <article  class=\"post-item post-list clearfix post-5781 post type-post status-publish format-standard has-post-thumbnail hentry category-iniciativas category-otan category-podcast tag-diplomacia tag-disuasion tag-estrategia tag-fuerzas-armadas tag-misiones-internacionales tag-otan tag-rusia\">\n    <div class=\"article-image\">\n                                <div class=\"post-image\">\n                <span class=\"bgr-item\"><\/span>\n                <a href=\"https:\/\/articulo30.org\/politica-defensa\/podcast-11-espana-mision-otan-mar-negro-ieee\/\">\n                    <img decoding=\"async\"  class=\"lazy\" src=\"https:\/\/articulo30.org\/politica-defensa\/wp-content\/themes\/nerubian\/assets\/images\/layzyload-list.jpg\"  data-src=\"https:\/\/articulo30.org\/politica-defensa\/wp-content\/uploads\/poscast-12-Audio30-292x190.jpg\" alt=\"post-image\"\/>\n                <\/a>\n                            <\/div>\n\n                \n    <\/div>\n    <div class=\"article-content \">\n\n        <div class=\"entry-header clearfix\">\n            <span class=\"post-cat\">                <a href=\"https:\/\/articulo30.org\/politica-defensa\/seccion\/iniciativas\/\"   title=\"\" >Iniciativas<\/a>\n                                             <a href=\"https:\/\/articulo30.org\/politica-defensa\/seccion\/otan\/\"  title=\"\" >OTAN<\/a>\n                             <a href=\"https:\/\/articulo30.org\/politica-defensa\/seccion\/podcast\/\"  title=\"\" >Podcast<\/a>\n            <\/span>\n            <header class=\"entry-header-title\">\n                <h3 class=\"entry-title\"><a href=\"https:\/\/articulo30.org\/politica-defensa\/podcast-11-espana-mision-otan-mar-negro-ieee\/\" rel=\"bookmark\">Podcast 11 \u00b7 \u00bfQu\u00e9 hace Espa\u00f1a en los cielos del Mar Negro?<\/a><\/h3>            <\/header>\n        <\/div>\n        <div class=\"article-meta clearfix\">\n            <span class=\"posted-on\"><i class=\"fa fa-clock-o\" aria-hidden=\"true\"><\/i><span class=\"screen-reader-text\">Posted on <\/span><a href=\"https:\/\/articulo30.org\/politica-defensa\/podcast-11-espana-mision-otan-mar-negro-ieee\/\" rel=\"bookmark\"><time class=\"entry-date published\" datetime=\"2021-05-20T15:00:11+01:00\">20\/05\/2021<\/time><time class=\"updated\" datetime=\"2021-06-01T15:57:29+01:00\">01\/06\/2021<\/time><\/a><\/span>\t<div class=\"entry-meta-right\">\n\t\t\t\t\t<\/div>\n\n        <\/div>\n        <div class=\"entry-content\">\n            20 Mayo 2021 Hoy abordamos la situaci\u00f3n geoestrat\u00e9gica del mar Negro y la presencia espa\u00f1ola en la regi\u00f3n con la reciente misi\u00f3n de polic\u00eda a\u00e9rea de la OTAN, que...\n        <\/div>\n\n    <\/div>\n<\/article><!-- #post-## -->\n                        <\/div>\n\n                        \n                        <div class=\"col-item col-xs-12 col-1\">\n                            <article  class=\"post-item post-list clearfix post-5508 post type-post status-publish format-standard has-post-thumbnail hentry category-iniciativas category-otan category-podcast tag-fuerzas-armadas tag-geopolitica tag-otan tag-resolucion-de-conflictos tag-union-europea\">\n    <div class=\"article-image\">\n                                <div class=\"post-image\">\n                <span class=\"bgr-item\"><\/span>\n                <a href=\"https:\/\/articulo30.org\/politica-defensa\/ha-muerto-la-otan\/\">\n                    <img decoding=\"async\"  class=\"lazy\" src=\"https:\/\/articulo30.org\/politica-defensa\/wp-content\/themes\/nerubian\/assets\/images\/layzyload-list.jpg\"  data-src=\"https:\/\/articulo30.org\/politica-defensa\/wp-content\/uploads\/podcast-OTAN-audio30-292x190.jpeg\" alt=\"post-image\"\/>\n                <\/a>\n                            <\/div>\n\n                \n    <\/div>\n    <div class=\"article-content \">\n\n        <div class=\"entry-header clearfix\">\n            <span class=\"post-cat\">                <a href=\"https:\/\/articulo30.org\/politica-defensa\/seccion\/iniciativas\/\"   title=\"\" >Iniciativas<\/a>\n                                             <a href=\"https:\/\/articulo30.org\/politica-defensa\/seccion\/otan\/\"  title=\"\" >OTAN<\/a>\n                             <a href=\"https:\/\/articulo30.org\/politica-defensa\/seccion\/podcast\/\"  title=\"\" >Podcast<\/a>\n            <\/span>\n            <header class=\"entry-header-title\">\n                <h3 class=\"entry-title\"><a href=\"https:\/\/articulo30.org\/politica-defensa\/ha-muerto-la-otan\/\" rel=\"bookmark\">\u00bfHa muerto la OTAN?<\/a><\/h3>            <\/header>\n        <\/div>\n        <div class=\"article-meta clearfix\">\n            <span class=\"posted-on\"><i class=\"fa fa-clock-o\" aria-hidden=\"true\"><\/i><span class=\"screen-reader-text\">Posted on <\/span><a href=\"https:\/\/articulo30.org\/politica-defensa\/ha-muerto-la-otan\/\" rel=\"bookmark\"><time class=\"entry-date published\" datetime=\"2020-06-16T12:30:59+01:00\">16\/06\/2020<\/time><time class=\"updated\" datetime=\"2021-02-12T13:02:09+01:00\">12\/02\/2021<\/time><\/a><\/span>\t<div class=\"entry-meta-right\">\n\t\t\t\t\t<\/div>\n\n        <\/div>\n        <div class=\"entry-content\">\n            Podcast 1 16 Junio 2020 La OTAN ha sido recientemente criticada por sus l\u00edderes m\u00e1s influyentes. Lleva 70 a\u00f1os en activo, aunque el nuevo escenario geopol\u00edtico y los retos...\n        <\/div>\n\n    <\/div>\n<\/article><!-- #post-## -->\n                        <\/div>\n\n                        \n                        <div class=\"col-item col-xs-12 col-1\">\n                            <article  class=\"post-item post-list clearfix post-4606 post type-post status-publish format-standard has-post-thumbnail hentry category-espana category-otan tag-conflictos-hibridos tag-opinion-publica tag-otan tag-propaganda\">\n    <div class=\"article-image\">\n                                <div class=\"post-image\">\n                <span class=\"bgr-item\"><\/span>\n                <a href=\"https:\/\/articulo30.org\/politica-defensa\/virus-desinformacion-paloma-garrido\/\">\n                    <img decoding=\"async\"  class=\"lazy\" src=\"https:\/\/articulo30.org\/politica-defensa\/wp-content\/themes\/nerubian\/assets\/images\/layzyload-list.jpg\"  data-src=\"https:\/\/articulo30.org\/politica-defensa\/wp-content\/uploads\/articulo-30-252-292x190.jpg\" alt=\"post-image\"\/>\n                <\/a>\n                            <\/div>\n\n                \n    <\/div>\n    <div class=\"article-content \">\n\n        <div class=\"entry-header clearfix\">\n            <span class=\"post-cat\">                <a href=\"https:\/\/articulo30.org\/politica-defensa\/seccion\/espana\/\"   title=\"\" >Espa\u00f1a<\/a>\n                                             <a href=\"https:\/\/articulo30.org\/politica-defensa\/seccion\/otan\/\"  title=\"\" >OTAN<\/a>\n            <\/span>\n            <header class=\"entry-header-title\">\n                <h3 class=\"entry-title\"><a href=\"https:\/\/articulo30.org\/politica-defensa\/virus-desinformacion-paloma-garrido\/\" rel=\"bookmark\">El virus de la desinformaci\u00f3n<\/a><\/h3>            <\/header>\n        <\/div>\n        <div class=\"article-meta clearfix\">\n            <span class=\"posted-on\"><i class=\"fa fa-clock-o\" aria-hidden=\"true\"><\/i><span class=\"screen-reader-text\">Posted on <\/span><a href=\"https:\/\/articulo30.org\/politica-defensa\/virus-desinformacion-paloma-garrido\/\" rel=\"bookmark\"><time class=\"entry-date published\" datetime=\"2020-04-27T23:50:32+01:00\">27\/04\/2020<\/time><time class=\"updated\" datetime=\"2020-05-14T17:13:46+01:00\">14\/05\/2020<\/time><\/a><\/span>\t<div class=\"entry-meta-right\">\n\t\t\t\t\t<\/div>\n\n        <\/div>\n        <div class=\"entry-content\">\n            An\u00e1lisis 252 Titulares como \u201cEscriv\u00e1 acusa a \u2018una asociaci\u00f3n\u2019 de \u2018desinformar\u2019 a los aut\u00f3nomos \u2018para que no pidieran prestaci\u00f3n\u201d (Europa Press) o \u201cM\u00e1s organizada y radicalizada: la extrema derecha...\n        <\/div>\n\n    <\/div>\n<\/article><!-- #post-## -->\n                        <\/div>\n\n                        \n                        <div class=\"col-item col-xs-12 col-1\">\n                            <article  class=\"post-item post-list clearfix post-4550 post type-post status-publish format-standard has-post-thumbnail hentry category-cultura-estrategica category-otan category-policy-papers tag-actores-no-estatales tag-china tag-diplomacia tag-disuasion tag-opinion-publica tag-otan tag-rusia\">\n    <div class=\"article-image\">\n                                <div class=\"post-image\">\n                <span class=\"bgr-item\"><\/span>\n                <a href=\"https:\/\/articulo30.org\/politica-defensa\/otan-70-aniversario-gabriel-cortina\/\">\n                    <img decoding=\"async\"  class=\"lazy\" src=\"https:\/\/articulo30.org\/politica-defensa\/wp-content\/themes\/nerubian\/assets\/images\/layzyload-list.jpg\"  data-src=\"https:\/\/articulo30.org\/politica-defensa\/wp-content\/uploads\/gabriel-cortina-otan-292x190.jpg\" alt=\"post-image\"\/>\n                <\/a>\n                            <\/div>\n\n                \n    <\/div>\n    <div class=\"article-content \">\n\n        <div class=\"entry-header clearfix\">\n            <span class=\"post-cat\">                <a href=\"https:\/\/articulo30.org\/politica-defensa\/seccion\/cultura-estrategica\/\"   title=\"\" >Cultura Estrat\u00e9gica<\/a>\n                                             <a href=\"https:\/\/articulo30.org\/politica-defensa\/seccion\/otan\/\"  title=\"\" >OTAN<\/a>\n                             <a href=\"https:\/\/articulo30.org\/politica-defensa\/seccion\/policy-papers\/\"  title=\"\" >Policy Papers<\/a>\n            <\/span>\n            <header class=\"entry-header-title\">\n                <h3 class=\"entry-title\"><a href=\"https:\/\/articulo30.org\/politica-defensa\/otan-70-aniversario-gabriel-cortina\/\" rel=\"bookmark\">Qu\u00e9 ocurre en la OTAN<\/a><\/h3>            <\/header>\n        <\/div>\n        <div class=\"article-meta clearfix\">\n            <span class=\"posted-on\"><i class=\"fa fa-clock-o\" aria-hidden=\"true\"><\/i><span class=\"screen-reader-text\">Posted on <\/span><a href=\"https:\/\/articulo30.org\/politica-defensa\/otan-70-aniversario-gabriel-cortina\/\" rel=\"bookmark\"><time class=\"entry-date published\" datetime=\"2020-02-08T11:10:16+01:00\">08\/02\/2020<\/time><time class=\"updated\" datetime=\"2020-03-25T11:21:02+01:00\">25\/03\/2020<\/time><\/a><\/span>\t<div class=\"entry-meta-right\">\n\t\t\t\t\t<\/div>\n\n        <\/div>\n        <div class=\"entry-content\">\n            Paper 20 \/ 2020 La celebraci\u00f3n del 70 aniversario de la Organizaci\u00f3n del Tratado del Atl\u00e1ntico Norte (OTAN) supone un motivo de reflexi\u00f3n sobre los retos y los principales...\n        <\/div>\n\n    <\/div>\n<\/article><!-- #post-## -->\n                        <\/div>\n\n                        \n                        <div class=\"col-item col-xs-12 col-1\">\n                            <article  class=\"post-item post-list clearfix post-4235 post type-post status-publish format-standard has-post-thumbnail hentry category-ciberseguridad category-espana category-otan tag-ciberseguridad tag-guardia-civil tag-otan\">\n    <div class=\"article-image\">\n                                <div class=\"post-image\">\n                <span class=\"bgr-item\"><\/span>\n                <a href=\"https:\/\/articulo30.org\/politica-defensa\/vision-atlantica-retos-ciberespacio-andrea-rodriguez\/\">\n                    <img decoding=\"async\"  class=\"lazy\" src=\"https:\/\/articulo30.org\/politica-defensa\/wp-content\/themes\/nerubian\/assets\/images\/layzyload-list.jpg\"  data-src=\"https:\/\/articulo30.org\/politica-defensa\/wp-content\/uploads\/238-292x190.jpg\" alt=\"post-image\"\/>\n                <\/a>\n                            <\/div>\n\n                \n    <\/div>\n    <div class=\"article-content \">\n\n        <div class=\"entry-header clearfix\">\n            <span class=\"post-cat\">                <a href=\"https:\/\/articulo30.org\/politica-defensa\/seccion\/ciberseguridad\/\"   title=\"\" >Ciberseguridad<\/a>\n                                             <a href=\"https:\/\/articulo30.org\/politica-defensa\/seccion\/espana\/\"  title=\"\" >Espa\u00f1a<\/a>\n                             <a href=\"https:\/\/articulo30.org\/politica-defensa\/seccion\/otan\/\"  title=\"\" >OTAN<\/a>\n            <\/span>\n            <header class=\"entry-header-title\">\n                <h3 class=\"entry-title\"><a href=\"https:\/\/articulo30.org\/politica-defensa\/vision-atlantica-retos-ciberespacio-andrea-rodriguez\/\" rel=\"bookmark\">Una visi\u00f3n atl\u00e1ntica de los retos en el ciberespacio<\/a><\/h3>            <\/header>\n        <\/div>\n        <div class=\"article-meta clearfix\">\n            <span class=\"posted-on\"><i class=\"fa fa-clock-o\" aria-hidden=\"true\"><\/i><span class=\"screen-reader-text\">Posted on <\/span><a href=\"https:\/\/articulo30.org\/politica-defensa\/vision-atlantica-retos-ciberespacio-andrea-rodriguez\/\" rel=\"bookmark\"><time class=\"entry-date published\" datetime=\"2019-11-15T15:46:53+01:00\">15\/11\/2019<\/time><time class=\"updated\" datetime=\"2019-11-15T16:05:07+01:00\">15\/11\/2019<\/time><\/a><\/span>\t<div class=\"entry-meta-right\">\n\t\t\t\t\t<\/div>\n\n        <\/div>\n        <div class=\"entry-content\">\n            An\u00e1lisis 238 El t\u00e9rmino \u201cciberguerra\u201d es comprometido. Si nos guiamos por las definiciones actuales, incluyendo la definici\u00f3n b\u00e1sica de arma cibern\u00e9tica, podr\u00edamos llegar a un impasse que nos limitar\u00eda...\n        <\/div>\n\n    <\/div>\n<\/article><!-- #post-## -->\n                        <\/div>\n\n                        \n                        <div class=\"col-item col-xs-12 col-1\">\n                            <article  class=\"post-item post-list clearfix post-4101 post type-post status-publish format-standard has-post-thumbnail hentry category-iniciativas category-otan tag-otan\">\n    <div class=\"article-image\">\n                                <div class=\"post-image\">\n                <span class=\"bgr-item\"><\/span>\n                <a href=\"https:\/\/articulo30.org\/politica-defensa\/youth-mediterranean-dialogue-2019\/\">\n                    <img decoding=\"async\"  class=\"lazy\" src=\"https:\/\/articulo30.org\/politica-defensa\/wp-content\/themes\/nerubian\/assets\/images\/layzyload-list.jpg\"  data-src=\"https:\/\/articulo30.org\/politica-defensa\/wp-content\/uploads\/YMD2019-web-292x190.jpg\" alt=\"post-image\"\/>\n                <\/a>\n                            <\/div>\n\n                \n    <\/div>\n    <div class=\"article-content \">\n\n        <div class=\"entry-header clearfix\">\n            <span class=\"post-cat\">                <a href=\"https:\/\/articulo30.org\/politica-defensa\/seccion\/iniciativas\/\"   title=\"\" >Iniciativas<\/a>\n                                             <a href=\"https:\/\/articulo30.org\/politica-defensa\/seccion\/otan\/\"  title=\"\" >OTAN<\/a>\n            <\/span>\n            <header class=\"entry-header-title\">\n                <h3 class=\"entry-title\"><a href=\"https:\/\/articulo30.org\/politica-defensa\/youth-mediterranean-dialogue-2019\/\" rel=\"bookmark\">Youth Mediterranean Dialogue 2019<\/a><\/h3>            <\/header>\n        <\/div>\n        <div class=\"article-meta clearfix\">\n            <span class=\"posted-on\"><i class=\"fa fa-clock-o\" aria-hidden=\"true\"><\/i><span class=\"screen-reader-text\">Posted on <\/span><a href=\"https:\/\/articulo30.org\/politica-defensa\/youth-mediterranean-dialogue-2019\/\" rel=\"bookmark\"><time class=\"entry-date published\" datetime=\"2019-10-04T20:20:13+01:00\">04\/10\/2019<\/time><time class=\"updated\" datetime=\"2019-10-25T13:07:28+01:00\">25\/10\/2019<\/time><\/a><\/span>\t<div class=\"entry-meta-right\">\n\t\t\t\t\t<\/div>\n\n        <\/div>\n        <div class=\"entry-content\">\n            El Youth Mediterranean Dialogue (YMD) es un evento internacional que tiene lugar desde hace seis a\u00f1os en Madrid durante el mes de septiembre. Consiste en la reuni\u00f3n de j\u00f3venes...\n        <\/div>\n\n    <\/div>\n<\/article><!-- #post-## -->\n                        <\/div>\n\n                        \n                        <div class=\"col-item col-xs-12 col-1\">\n                            <article  class=\"post-item post-list clearfix post-3818 post type-post status-publish format-standard has-post-thumbnail hentry category-internacional category-otan tag-cooperacion tag-estados-unidos tag-europa tag-otan tag-presupuesto\">\n    <div class=\"article-image\">\n                                <div class=\"post-image\">\n                <span class=\"bgr-item\"><\/span>\n                <a href=\"https:\/\/articulo30.org\/politica-defensa\/otan-post-trump-lauren-olsen\/\">\n                    <img decoding=\"async\"  class=\"lazy\" src=\"https:\/\/articulo30.org\/politica-defensa\/wp-content\/themes\/nerubian\/assets\/images\/layzyload-list.jpg\"  data-src=\"https:\/\/articulo30.org\/politica-defensa\/wp-content\/uploads\/219-292x190.jpg\" alt=\"post-image\"\/>\n                <\/a>\n                            <\/div>\n\n                \n    <\/div>\n    <div class=\"article-content \">\n\n        <div class=\"entry-header clearfix\">\n            <span class=\"post-cat\">                <a href=\"https:\/\/articulo30.org\/politica-defensa\/seccion\/internacional\/\"   title=\"\" >Internacional<\/a>\n                                             <a href=\"https:\/\/articulo30.org\/politica-defensa\/seccion\/otan\/\"  title=\"\" >OTAN<\/a>\n            <\/span>\n            <header class=\"entry-header-title\">\n                <h3 class=\"entry-title\"><a href=\"https:\/\/articulo30.org\/politica-defensa\/otan-post-trump-lauren-olsen\/\" rel=\"bookmark\">OTAN post-Trump. Una perspectiva estadounidense<\/a><\/h3>            <\/header>\n        <\/div>\n        <div class=\"article-meta clearfix\">\n            <span class=\"posted-on\"><i class=\"fa fa-clock-o\" aria-hidden=\"true\"><\/i><span class=\"screen-reader-text\">Posted on <\/span><a href=\"https:\/\/articulo30.org\/politica-defensa\/otan-post-trump-lauren-olsen\/\" rel=\"bookmark\"><time class=\"entry-date published\" datetime=\"2019-06-03T14:15:18+01:00\">03\/06\/2019<\/time><time class=\"updated\" datetime=\"2019-06-19T01:43:22+01:00\">19\/06\/2019<\/time><\/a><\/span>\t<div class=\"entry-meta-right\">\n\t\t\t\t\t<\/div>\n\n        <\/div>\n        <div class=\"entry-content\">\n            An\u00e1lisis 219 Desde su formaci\u00f3n en 1949, la OTAN ha sido un instrumento estrat\u00e9gico vital tanto para los Estados Unidos como para Europa. Durante 70 a\u00f1os, los Estados Unidos...\n        <\/div>\n\n    <\/div>\n<\/article><!-- #post-## -->\n                        <\/div>\n\n                        \n                        <div class=\"col-item col-xs-12 col-1\">\n                            <article  class=\"post-item post-list clearfix post-3363 post type-post status-publish format-standard has-post-thumbnail hentry category-espana category-inteligencia category-otan category-union-europea tag-capacidades tag-presupuestos tag-programas\">\n    <div class=\"article-image\">\n                                <div class=\"post-image\">\n                <span class=\"bgr-item\"><\/span>\n                <a href=\"https:\/\/articulo30.org\/politica-defensa\/presupuestos-2019-pablo-zuazo\/\">\n                    <img decoding=\"async\"  class=\"lazy\" src=\"https:\/\/articulo30.org\/politica-defensa\/wp-content\/themes\/nerubian\/assets\/images\/layzyload-list.jpg\"  data-src=\"https:\/\/articulo30.org\/politica-defensa\/wp-content\/uploads\/2121-292x190.jpeg\" alt=\"post-image\"\/>\n                <\/a>\n                            <\/div>\n\n                \n    <\/div>\n    <div class=\"article-content \">\n\n        <div class=\"entry-header clearfix\">\n            <span class=\"post-cat\">                <a href=\"https:\/\/articulo30.org\/politica-defensa\/seccion\/espana\/\"   title=\"\" >Espa\u00f1a<\/a>\n                                             <a href=\"https:\/\/articulo30.org\/politica-defensa\/seccion\/inteligencia\/\"  title=\"\" >Inteligencia<\/a>\n                             <a href=\"https:\/\/articulo30.org\/politica-defensa\/seccion\/otan\/\"  title=\"\" >OTAN<\/a>\n                             <a href=\"https:\/\/articulo30.org\/politica-defensa\/seccion\/union-europea\/\"  title=\"\" >Uni\u00f3n Europea<\/a>\n            <\/span>\n            <header class=\"entry-header-title\">\n                <h3 class=\"entry-title\"><a href=\"https:\/\/articulo30.org\/politica-defensa\/presupuestos-2019-pablo-zuazo\/\" rel=\"bookmark\">Presupuestos 2019 y Defensa<\/a><\/h3>            <\/header>\n        <\/div>\n        <div class=\"article-meta clearfix\">\n            <span class=\"posted-on\"><i class=\"fa fa-clock-o\" aria-hidden=\"true\"><\/i><span class=\"screen-reader-text\">Posted on <\/span><a href=\"https:\/\/articulo30.org\/politica-defensa\/presupuestos-2019-pablo-zuazo\/\" rel=\"bookmark\"><time class=\"entry-date published\" datetime=\"2019-02-05T22:10:37+01:00\">05\/02\/2019<\/time><time class=\"updated\" datetime=\"2019-04-07T00:27:25+01:00\">07\/04\/2019<\/time><\/a><\/span>\t<div class=\"entry-meta-right\">\n\t\t\t\t\t<\/div>\n\n        <\/div>\n        <div class=\"entry-content\">\n            An\u00e1lisis N\u00ba 212 Pablo Zuazo A pesar de que la realidad muestre durante a\u00f1os una evidencia, parece que los problemas pol\u00edticos solo existen cuando los responsables p\u00fablicos los reconocen....\n        <\/div>\n\n    <\/div>\n<\/article><!-- #post-## -->\n                        <\/div>\n\n                                            <\/div>\n    <\/div>\n\n                <div class=\"navigation pagination clearfix\">\r\n                                            <span class=\"page-numbers current\">1<\/span>\r\n                                                    <a href=\"https:\/\/articulo30.org\/politica-defensa\/wp-json\/wp\/v2\/pages\/3546\/page\/2\/\" class=\"inactive page-numbers\">2<\/a>\r\n                                                        <a href=\"https:\/\/articulo30.org\/politica-defensa\/wp-json\/wp\/v2\/pages\/3546\/page\/3\/\" class=\"inactive page-numbers\">3<\/a>\r\n                                                        <a href=\"https:\/\/articulo30.org\/politica-defensa\/wp-json\/wp\/v2\/pages\/3546\/page\/4\/\" class=\"inactive page-numbers\">4<\/a>\r\n                                                <a class=\"next page-numbers\" href=\"https:\/\/articulo30.org\/politica-defensa\/wp-json\/wp\/v2\/pages\/3546\/page\/2\/\"><i class=\"fa fa-angle-right\"><\/i><\/a>\r\n                            <\/div>\r\n            <\/div>\n","protected":false},"excerpt":{"rendered":"","protected":false},"author":4,"featured_media":0,"parent":0,"menu_order":0,"comment_status":"closed","ping_status":"closed","template":"","meta":{"footnotes":""},"class_list":["post-3546","page","type-page","status-publish","hentry"],"_links":{"self":[{"href":"https:\/\/articulo30.org\/politica-defensa\/wp-json\/wp\/v2\/pages\/3546","targetHints":{"allow":["GET"]}}],"collection":[{"href":"https:\/\/articulo30.org\/politica-defensa\/wp-json\/wp\/v2\/pages"}],"about":[{"href":"https:\/\/articulo30.org\/politica-defensa\/wp-json\/wp\/v2\/types\/page"}],"author":[{"embeddable":true,"href":"https:\/\/articulo30.org\/politica-defensa\/wp-json\/wp\/v2\/users\/4"}],"replies":[{"embeddable":true,"href":"https:\/\/articulo30.org\/politica-defensa\/wp-json\/wp\/v2\/comments?post=3546"}],"version-history":[{"count":3,"href":"https:\/\/articulo30.org\/politica-defensa\/wp-json\/wp\/v2\/pages\/3546\/revisions"}],"predecessor-version":[{"id":6194,"href":"https:\/\/articulo30.org\/politica-defensa\/wp-json\/wp\/v2\/pages\/3546\/revisions\/6194"}],"wp:attachment":[{"href":"https:\/\/articulo30.org\/politica-defensa\/wp-json\/wp\/v2\/media?parent=3546"}],"curies":[{"name":"wp","href":"https:\/\/api.w.org\/{rel}","templated":true}]}}