{"id":3550,"date":"2019-04-07T00:15:43","date_gmt":"2019-04-06T23:15:43","guid":{"rendered":"https:\/\/articulo30.org\/politica-defensa\/?page_id=3550"},"modified":"2022-11-29T13:44:41","modified_gmt":"2022-11-29T12:44:41","slug":"conflictos","status":"publish","type":"page","link":"https:\/\/articulo30.org\/politica-defensa\/conflictos\/","title":{"rendered":"Conflictos"},"content":{"rendered":"\n\n<div class=\"wrapper-posts box-recent type-pagination layout-list\" data-layout=\"list\" data-paged=\"10\" data-col=\"col-xs-12 col-1\" data-cat=\"conflictos\" data-number=\"8\" data-ads=\"large-rectangle\">\n            <div class=\"box-title clearfix\">\n            <h2 class=\"title-left\">Conflictos<\/h2>\n                    <\/div>\n        <span class=\"agr-loading\"><\/span>\n    <div class=\"tab-content\">\n        <div id=\"allCat\" class=\"archive-blog affect-isotope row active description-show\">\n                            \n                        <div class=\"col-item col-xs-12 col-1\">\n                            <article  class=\"post-item post-list clearfix post-6654 post type-post status-publish format-standard has-post-thumbnail hentry category-conflictos category-internacional tag-conflictos tag-disuasion-nuclear tag-estados-unidos tag-estrategia tag-iran tag-israel tag-oriente-medio tag-tecnologia\">\n    <div class=\"article-image\">\n                                <div class=\"post-image\">\n                <span class=\"bgr-item\"><\/span>\n                <a href=\"https:\/\/articulo30.org\/politica-defensa\/eeuu-israel-iran-disuasion-extendida-rebeca-radio\/\">\n                    <img decoding=\"async\"  class=\"lazy\" src=\"https:\/\/articulo30.org\/politica-defensa\/wp-content\/themes\/nerubian\/assets\/images\/layzyload-list.jpg\"  data-src=\"https:\/\/articulo30.org\/politica-defensa\/wp-content\/uploads\/299-292x190.jpg\" alt=\"post-image\"\/>\n                <\/a>\n                            <\/div>\n\n                \n    <\/div>\n    <div class=\"article-content \">\n\n        <div class=\"entry-header clearfix\">\n            <span class=\"post-cat\">                <a href=\"https:\/\/articulo30.org\/politica-defensa\/seccion\/conflictos\/\"   title=\"\" >Conflictos<\/a>\n                                             <a href=\"https:\/\/articulo30.org\/politica-defensa\/seccion\/internacional\/\"  title=\"\" >Internacional<\/a>\n            <\/span>\n            <header class=\"entry-header-title\">\n                <h3 class=\"entry-title\"><a href=\"https:\/\/articulo30.org\/politica-defensa\/eeuu-israel-iran-disuasion-extendida-rebeca-radio\/\" rel=\"bookmark\">Estados Unidos, Israel e Ir\u00e1n: el regreso de la disuasi\u00f3n extendida como eje estrat\u00e9gico<\/a><\/h3>            <\/header>\n        <\/div>\n        <div class=\"article-meta clearfix\">\n            <span class=\"posted-on\"><i class=\"fa fa-clock-o\" aria-hidden=\"true\"><\/i><span class=\"screen-reader-text\">Posted on <\/span><a href=\"https:\/\/articulo30.org\/politica-defensa\/eeuu-israel-iran-disuasion-extendida-rebeca-radio\/\" rel=\"bookmark\"><time class=\"entry-date published\" datetime=\"2025-06-22T17:30:42+01:00\">22\/06\/2025<\/time><time class=\"updated\" datetime=\"2025-07-29T23:32:59+01:00\">29\/07\/2025<\/time><\/a><\/span>\t<div class=\"entry-meta-right\">\n\t\t\t\t\t<\/div>\n\n        <\/div>\n        <div class=\"entry-content\">\n            An\u00e1lisis 299 22 Junio 2025 En un contexto internacional marcado por la creciente rivalidad entre potencias, los recientes ataques cruzados entre Ir\u00e1n e Israel y la posterior implicaci\u00f3n militar...\n        <\/div>\n\n    <\/div>\n<\/article><!-- #post-## -->\n                        <\/div>\n\n                        \n                        <div class=\"col-item col-xs-12 col-1\">\n                            <article  class=\"post-item post-list clearfix post-6532 post type-post status-publish format-standard has-post-thumbnail hentry category-actores-no-estatales category-conflictos category-policy-papers tag-actores-no-estatales tag-conflictos tag-estrategia tag-geopolitica tag-iran tag-oriente-medio\">\n    <div class=\"article-image\">\n                                <div class=\"post-image\">\n                <span class=\"bgr-item\"><\/span>\n                <a href=\"https:\/\/articulo30.org\/politica-defensa\/paper-56-proxies-aliados-iran-julie-bonin\/\">\n                    <img decoding=\"async\"  class=\"lazy\" src=\"https:\/\/articulo30.org\/politica-defensa\/wp-content\/themes\/nerubian\/assets\/images\/layzyload-list.jpg\"  data-src=\"https:\/\/articulo30.org\/politica-defensa\/wp-content\/uploads\/paper-56-292x190.jpg\" alt=\"post-image\"\/>\n                <\/a>\n                            <\/div>\n\n                \n    <\/div>\n    <div class=\"article-content \">\n\n        <div class=\"entry-header clearfix\">\n            <span class=\"post-cat\">                <a href=\"https:\/\/articulo30.org\/politica-defensa\/seccion\/actores-no-estatales\/\"   title=\"\" >Actores no estatales<\/a>\n                                             <a href=\"https:\/\/articulo30.org\/politica-defensa\/seccion\/conflictos\/\"  title=\"\" >Conflictos<\/a>\n                             <a href=\"https:\/\/articulo30.org\/politica-defensa\/seccion\/policy-papers\/\"  title=\"\" >Policy Papers<\/a>\n            <\/span>\n            <header class=\"entry-header-title\">\n                <h3 class=\"entry-title\"><a href=\"https:\/\/articulo30.org\/politica-defensa\/paper-56-proxies-aliados-iran-julie-bonin\/\" rel=\"bookmark\">\u00abProxies\u00bb o aliados: la ambigua relaci\u00f3n de Ir\u00e1n con los grupos armados no estatales<\/a><\/h3>            <\/header>\n        <\/div>\n        <div class=\"article-meta clearfix\">\n            <span class=\"posted-on\"><i class=\"fa fa-clock-o\" aria-hidden=\"true\"><\/i><span class=\"screen-reader-text\">Posted on <\/span><a href=\"https:\/\/articulo30.org\/politica-defensa\/paper-56-proxies-aliados-iran-julie-bonin\/\" rel=\"bookmark\"><time class=\"entry-date published\" datetime=\"2025-01-21T10:17:24+01:00\">21\/01\/2025<\/time><time class=\"updated\" datetime=\"2025-02-12T12:51:39+01:00\">12\/02\/2025<\/time><\/a><\/span>\t<div class=\"entry-meta-right\">\n\t\t\t\t\t<\/div>\n\n        <\/div>\n        <div class=\"entry-content\">\n            Paper 56 21 Enero 2025 Desde su fundaci\u00f3n en 1979, la Rep\u00fablica Isl\u00e1mica de Ir\u00e1n ha desarrollado una extensa y compleja red de alianzas con grupos armados no estatales...\n        <\/div>\n\n    <\/div>\n<\/article><!-- #post-## -->\n                        <\/div>\n\n                        \n                        <div class=\"col-item col-xs-12 col-1\">\n                            <article  class=\"post-item post-list clearfix post-6458 post type-post status-publish format-standard has-post-thumbnail hentry category-conflictos category-cultura-estrategica category-estrategias category-iniciativas category-workshops tag-cultura-de-defensa tag-estrategia tag-geopolitica\">\n    <div class=\"article-image\">\n                                <div class=\"post-image\">\n                <span class=\"bgr-item\"><\/span>\n                <a href=\"https:\/\/articulo30.org\/politica-defensa\/guerra-comprender-conflictos-siglo-xxi\/\">\n                    <img decoding=\"async\"  class=\"lazy\" src=\"https:\/\/articulo30.org\/politica-defensa\/wp-content\/themes\/nerubian\/assets\/images\/layzyload-list.jpg\"  data-src=\"https:\/\/articulo30.org\/politica-defensa\/wp-content\/uploads\/WebinarA30-292x190.jpg\" alt=\"post-image\"\/>\n                <\/a>\n                            <\/div>\n\n                \n    <\/div>\n    <div class=\"article-content \">\n\n        <div class=\"entry-header clearfix\">\n            <span class=\"post-cat\">                <a href=\"https:\/\/articulo30.org\/politica-defensa\/seccion\/conflictos\/\"   title=\"\" >Conflictos<\/a>\n                                             <a href=\"https:\/\/articulo30.org\/politica-defensa\/seccion\/cultura-estrategica\/\"  title=\"\" >Cultura Estrat\u00e9gica<\/a>\n                             <a href=\"https:\/\/articulo30.org\/politica-defensa\/seccion\/estrategias\/\"  title=\"\" >Estrategias<\/a>\n                             <a href=\"https:\/\/articulo30.org\/politica-defensa\/seccion\/iniciativas\/\"  title=\"\" >Iniciativas<\/a>\n                             <a href=\"https:\/\/articulo30.org\/politica-defensa\/seccion\/workshops\/\"  title=\"\" >Workshops<\/a>\n            <\/span>\n            <header class=\"entry-header-title\">\n                <h3 class=\"entry-title\"><a href=\"https:\/\/articulo30.org\/politica-defensa\/guerra-comprender-conflictos-siglo-xxi\/\" rel=\"bookmark\">La Guerra. Comprender los conflictos del siglo XXI<\/a><\/h3>            <\/header>\n        <\/div>\n        <div class=\"article-meta clearfix\">\n            <span class=\"posted-on\"><i class=\"fa fa-clock-o\" aria-hidden=\"true\"><\/i><span class=\"screen-reader-text\">Posted on <\/span><a href=\"https:\/\/articulo30.org\/politica-defensa\/guerra-comprender-conflictos-siglo-xxi\/\" rel=\"bookmark\"><time class=\"entry-date published\" datetime=\"2024-05-21T15:32:05+01:00\">21\/05\/2024<\/time><time class=\"updated\" datetime=\"2025-01-21T10:23:06+01:00\">21\/01\/2025<\/time><\/a><\/span>\t<div class=\"entry-meta-right\">\n\t\t\t\t\t<\/div>\n\n        <\/div>\n        <div class=\"entry-content\">\n            CF Federico Aznar Fern\u00e1ndez-Montesinos Doctor y analista del Instituto Espa\u00f1ol de Estudios Estrat\u00e9gicos (IEEE) El objetivo de este webinar es profundizar en el pensamiento estrat\u00e9gico y poder comprender la...\n        <\/div>\n\n    <\/div>\n<\/article><!-- #post-## -->\n                        <\/div>\n\n                        \n                        <div class=\"col-item col-xs-12 col-1\">\n                            <article  class=\"post-item post-list clearfix post-6428 post type-post status-publish format-standard has-post-thumbnail hentry category-conflictos category-cultura-estrategica category-internacional tag-analisis-de-conflictos tag-asia-pacifico tag-china tag-disuasion-nuclear tag-geopolitica tag-india tag-onu tag-pakistan\">\n    <div class=\"article-image\">\n                                <div class=\"post-image\">\n                <span class=\"bgr-item\"><\/span>\n                <a href=\"https:\/\/articulo30.org\/politica-defensa\/india-geopolitica-de-un-pais-continente\/\">\n                    <img decoding=\"async\"  class=\"lazy\" src=\"https:\/\/articulo30.org\/politica-defensa\/wp-content\/themes\/nerubian\/assets\/images\/layzyload-list.jpg\"  data-src=\"https:\/\/articulo30.org\/politica-defensa\/wp-content\/uploads\/India-Submarinos-292x190.jpg\" alt=\"post-image\"\/>\n                <\/a>\n                            <\/div>\n\n                \n    <\/div>\n    <div class=\"article-content \">\n\n        <div class=\"entry-header clearfix\">\n            <span class=\"post-cat\">                <a href=\"https:\/\/articulo30.org\/politica-defensa\/seccion\/conflictos\/\"   title=\"\" >Conflictos<\/a>\n                                             <a href=\"https:\/\/articulo30.org\/politica-defensa\/seccion\/cultura-estrategica\/\"  title=\"\" >Cultura Estrat\u00e9gica<\/a>\n                             <a href=\"https:\/\/articulo30.org\/politica-defensa\/seccion\/internacional\/\"  title=\"\" >Internacional<\/a>\n            <\/span>\n            <header class=\"entry-header-title\">\n                <h3 class=\"entry-title\"><a href=\"https:\/\/articulo30.org\/politica-defensa\/india-geopolitica-de-un-pais-continente\/\" rel=\"bookmark\">India, la geopol\u00edtica de un \u00abpa\u00eds-continente\u00bb<\/a><\/h3>            <\/header>\n        <\/div>\n        <div class=\"article-meta clearfix\">\n            <span class=\"posted-on\"><i class=\"fa fa-clock-o\" aria-hidden=\"true\"><\/i><span class=\"screen-reader-text\">Posted on <\/span><a href=\"https:\/\/articulo30.org\/politica-defensa\/india-geopolitica-de-un-pais-continente\/\" rel=\"bookmark\"><time class=\"entry-date published\" datetime=\"2024-01-15T21:00:59+01:00\">15\/01\/2024<\/time><time class=\"updated\" datetime=\"2024-08-26T14:34:21+01:00\">26\/08\/2024<\/time><\/a><\/span>\t<div class=\"entry-meta-right\">\n\t\t\t\t\t<\/div>\n\n        <\/div>\n        <div class=\"entry-content\">\n            An\u00e1lisis 288 15 Enero 2024 Los recientes datos publicados sobre la poblaci\u00f3n de India indican que ha superado a China porque su censo asciende a m\u00e1s de 1.400 millones...\n        <\/div>\n\n    <\/div>\n<\/article><!-- #post-## -->\n                        <\/div>\n\n                        \n                        <div class=\"col-item col-xs-12 col-1\">\n                            <article  class=\"post-item post-list clearfix post-6383 post type-post status-publish format-standard has-post-thumbnail hentry category-conflictos category-internacional category-union-europea tag-africa tag-geopolitica tag-rusia\">\n    <div class=\"article-image\">\n                                <div class=\"post-image\">\n                <span class=\"bgr-item\"><\/span>\n                <a href=\"https:\/\/articulo30.org\/politica-defensa\/el-futuro-de-wagner-en-africa\/\">\n                    <img decoding=\"async\"  class=\"lazy\" src=\"https:\/\/articulo30.org\/politica-defensa\/wp-content\/themes\/nerubian\/assets\/images\/layzyload-list.jpg\"  data-src=\"https:\/\/articulo30.org\/politica-defensa\/wp-content\/uploads\/logo-wagner-292x190.png\" alt=\"post-image\"\/>\n                <\/a>\n                            <\/div>\n\n                \n    <\/div>\n    <div class=\"article-content \">\n\n        <div class=\"entry-header clearfix\">\n            <span class=\"post-cat\">                <a href=\"https:\/\/articulo30.org\/politica-defensa\/seccion\/conflictos\/\"   title=\"\" >Conflictos<\/a>\n                                             <a href=\"https:\/\/articulo30.org\/politica-defensa\/seccion\/internacional\/\"  title=\"\" >Internacional<\/a>\n                             <a href=\"https:\/\/articulo30.org\/politica-defensa\/seccion\/union-europea\/\"  title=\"\" >Uni\u00f3n Europea<\/a>\n            <\/span>\n            <header class=\"entry-header-title\">\n                <h3 class=\"entry-title\"><a href=\"https:\/\/articulo30.org\/politica-defensa\/el-futuro-de-wagner-en-africa\/\" rel=\"bookmark\">El futuro de Wagner en \u00c1frica<\/a><\/h3>            <\/header>\n        <\/div>\n        <div class=\"article-meta clearfix\">\n            <span class=\"posted-on\"><i class=\"fa fa-clock-o\" aria-hidden=\"true\"><\/i><span class=\"screen-reader-text\">Posted on <\/span><a href=\"https:\/\/articulo30.org\/politica-defensa\/el-futuro-de-wagner-en-africa\/\" rel=\"bookmark\"><time class=\"entry-date published\" datetime=\"2023-08-04T16:46:20+01:00\">04\/08\/2023<\/time><time class=\"updated\" datetime=\"2023-10-17T09:34:11+01:00\">17\/10\/2023<\/time><\/a><\/span>\t<div class=\"entry-meta-right\">\n\t\t\t\t\t<\/div>\n\n        <\/div>\n        <div class=\"entry-content\">\n            An\u00e1lisis 286 4 Agosto 2023 \u00a0 El pasado 23 de junio, el conato de rebeli\u00f3n del l\u00edder de la compa\u00f1\u00eda de seguridad privada Wagner, Yevgueni Prigozhin, puso sobre la...\n        <\/div>\n\n    <\/div>\n<\/article><!-- #post-## -->\n                        <\/div>\n\n                        \n                        <div class=\"col-item col-xs-12 col-1\">\n                            <article  class=\"post-item post-list clearfix post-6292 post type-post status-publish format-standard has-post-thumbnail hentry category-conflictos category-cultura-estrategica category-internacional category-policy-papers tag-analisis-de-conflictos tag-rusia tag-ucrania\">\n    <div class=\"article-image\">\n                                <div class=\"post-image\">\n                <span class=\"bgr-item\"><\/span>\n                <a href=\"https:\/\/articulo30.org\/politica-defensa\/primer-ano-guerra-ucrania\/\">\n                    <img decoding=\"async\"  class=\"lazy\" src=\"https:\/\/articulo30.org\/politica-defensa\/wp-content\/themes\/nerubian\/assets\/images\/layzyload-list.jpg\"  data-src=\"https:\/\/articulo30.org\/politica-defensa\/wp-content\/uploads\/guerra-ucrania-2023-292x190.jpg\" alt=\"post-image\"\/>\n                <\/a>\n                            <\/div>\n\n                \n    <\/div>\n    <div class=\"article-content \">\n\n        <div class=\"entry-header clearfix\">\n            <span class=\"post-cat\">                <a href=\"https:\/\/articulo30.org\/politica-defensa\/seccion\/conflictos\/\"   title=\"\" >Conflictos<\/a>\n                                             <a href=\"https:\/\/articulo30.org\/politica-defensa\/seccion\/cultura-estrategica\/\"  title=\"\" >Cultura Estrat\u00e9gica<\/a>\n                             <a href=\"https:\/\/articulo30.org\/politica-defensa\/seccion\/internacional\/\"  title=\"\" >Internacional<\/a>\n                             <a href=\"https:\/\/articulo30.org\/politica-defensa\/seccion\/policy-papers\/\"  title=\"\" >Policy Papers<\/a>\n            <\/span>\n            <header class=\"entry-header-title\">\n                <h3 class=\"entry-title\"><a href=\"https:\/\/articulo30.org\/politica-defensa\/primer-ano-guerra-ucrania\/\" rel=\"bookmark\">Primer a\u00f1o de la guerra de Ucrania<\/a><\/h3>            <\/header>\n        <\/div>\n        <div class=\"article-meta clearfix\">\n            <span class=\"posted-on\"><i class=\"fa fa-clock-o\" aria-hidden=\"true\"><\/i><span class=\"screen-reader-text\">Posted on <\/span><a href=\"https:\/\/articulo30.org\/politica-defensa\/primer-ano-guerra-ucrania\/\" rel=\"bookmark\"><time class=\"entry-date published\" datetime=\"2023-02-24T14:00:17+01:00\">24\/02\/2023<\/time><time class=\"updated\" datetime=\"2024-01-18T21:50:23+01:00\">18\/01\/2024<\/time><\/a><\/span>\t<div class=\"entry-meta-right\">\n\t\t\t\t\t<\/div>\n\n        <\/div>\n        <div class=\"entry-content\">\n            Paper 54 24 Febrero 2023 Al celebrarse el primer a\u00f1o de la invasi\u00f3n de Rusia a Ucrania, ofrecemos un balance del conflicto desde el punto de vista del an\u00e1lisis...\n        <\/div>\n\n    <\/div>\n<\/article><!-- #post-## -->\n                        <\/div>\n\n                        \n                        <div class=\"col-item col-xs-12 col-1\">\n                            <article  class=\"post-item post-list clearfix post-6124 post type-post status-publish format-standard has-post-thumbnail hentry category-conflictos category-internacional tag-analisis-de-conflictos tag-diplomacia tag-geopolitica tag-onu tag-rusia tag-sudafrica tag-ucrania\">\n    <div class=\"article-image\">\n                                <div class=\"post-image\">\n                <span class=\"bgr-item\"><\/span>\n                <a href=\"https:\/\/articulo30.org\/politica-defensa\/posicion-sudafrica-conflicto-rusia-ucrania-paige-dorning\/\">\n                    <img decoding=\"async\"  class=\"lazy\" src=\"https:\/\/articulo30.org\/politica-defensa\/wp-content\/themes\/nerubian\/assets\/images\/layzyload-list.jpg\"  data-src=\"https:\/\/articulo30.org\/politica-defensa\/wp-content\/uploads\/283-292x190.jpg\" alt=\"post-image\"\/>\n                <\/a>\n                            <\/div>\n\n                \n    <\/div>\n    <div class=\"article-content \">\n\n        <div class=\"entry-header clearfix\">\n            <span class=\"post-cat\">                <a href=\"https:\/\/articulo30.org\/politica-defensa\/seccion\/conflictos\/\"   title=\"\" >Conflictos<\/a>\n                                             <a href=\"https:\/\/articulo30.org\/politica-defensa\/seccion\/internacional\/\"  title=\"\" >Internacional<\/a>\n            <\/span>\n            <header class=\"entry-header-title\">\n                <h3 class=\"entry-title\"><a href=\"https:\/\/articulo30.org\/politica-defensa\/posicion-sudafrica-conflicto-rusia-ucrania-paige-dorning\/\" rel=\"bookmark\">La posici\u00f3n de Sud\u00e1frica en el conflicto Rusia-Ucrania<\/a><\/h3>            <\/header>\n        <\/div>\n        <div class=\"article-meta clearfix\">\n            <span class=\"posted-on\"><i class=\"fa fa-clock-o\" aria-hidden=\"true\"><\/i><span class=\"screen-reader-text\">Posted on <\/span><a href=\"https:\/\/articulo30.org\/politica-defensa\/posicion-sudafrica-conflicto-rusia-ucrania-paige-dorning\/\" rel=\"bookmark\"><time class=\"entry-date published\" datetime=\"2022-05-04T12:45:22+01:00\">04\/05\/2022<\/time><time class=\"updated\" datetime=\"2022-08-03T15:20:36+01:00\">03\/08\/2022<\/time><\/a><\/span>\t<div class=\"entry-meta-right\">\n\t\t\t\t\t<\/div>\n\n        <\/div>\n        <div class=\"entry-content\">\n            An\u00e1lisis 283 4 Mayo 2022 La postura imparcial de Sud\u00e1frica en el conflicto de Ucrania ha sido ampliamente especulada y criticada tanto por la comunidad nacional como por la...\n        <\/div>\n\n    <\/div>\n<\/article><!-- #post-## -->\n                        <\/div>\n\n                        \n                        <div class=\"col-item col-xs-12 col-1\">\n                            <article  class=\"post-item post-list clearfix post-6093 post type-post status-publish format-standard has-post-thumbnail hentry category-conflictos category-iniciativas category-workshops tag-africa tag-analisis-de-conflictos tag-etiopia tag-webinar\">\n    <div class=\"article-image\">\n                                <div class=\"post-image\">\n                <span class=\"bgr-item\"><\/span>\n                <a href=\"https:\/\/articulo30.org\/politica-defensa\/analisis-conflicto-etiopia\/\">\n                    <img decoding=\"async\"  class=\"lazy\" src=\"https:\/\/articulo30.org\/politica-defensa\/wp-content\/themes\/nerubian\/assets\/images\/layzyload-list.jpg\"  data-src=\"https:\/\/articulo30.org\/politica-defensa\/wp-content\/uploads\/Etiopia1-292x190.jpg\" alt=\"post-image\"\/>\n                <\/a>\n                            <\/div>\n\n                \n    <\/div>\n    <div class=\"article-content \">\n\n        <div class=\"entry-header clearfix\">\n            <span class=\"post-cat\">                <a href=\"https:\/\/articulo30.org\/politica-defensa\/seccion\/conflictos\/\"   title=\"\" >Conflictos<\/a>\n                                             <a href=\"https:\/\/articulo30.org\/politica-defensa\/seccion\/iniciativas\/\"  title=\"\" >Iniciativas<\/a>\n                             <a href=\"https:\/\/articulo30.org\/politica-defensa\/seccion\/workshops\/\"  title=\"\" >Workshops<\/a>\n            <\/span>\n            <header class=\"entry-header-title\">\n                <h3 class=\"entry-title\"><a href=\"https:\/\/articulo30.org\/politica-defensa\/analisis-conflicto-etiopia\/\" rel=\"bookmark\">El conflicto de Etiop\u00eda, \u00bfposible guerra civil?<\/a><\/h3>            <\/header>\n        <\/div>\n        <div class=\"article-meta clearfix\">\n            <span class=\"posted-on\"><i class=\"fa fa-clock-o\" aria-hidden=\"true\"><\/i><span class=\"screen-reader-text\">Posted on <\/span><a href=\"https:\/\/articulo30.org\/politica-defensa\/analisis-conflicto-etiopia\/\" rel=\"bookmark\"><time class=\"entry-date published\" datetime=\"2022-03-29T21:00:12+01:00\">29\/03\/2022<\/time><time class=\"updated\" datetime=\"2022-08-03T13:14:46+01:00\">03\/08\/2022<\/time><\/a><\/span>\t<div class=\"entry-meta-right\">\n\t\t\t\t\t<\/div>\n\n        <\/div>\n        <div class=\"entry-content\">\n            WEBINAR 29 Marzo 2022 En noviembre de 2020 se desencaden\u00f3 en Etiop\u00eda una&nbsp;ofensiva militar contra el Frente de Liberaci\u00f3n Popular de Tigray&nbsp;(FLPT), el partido nacionalista que gobierna en la...\n        <\/div>\n\n    <\/div>\n<\/article><!-- #post-## -->\n                        <\/div>\n\n                                            <\/div>\n    <\/div>\n\n                <div class=\"navigation pagination clearfix\">\r\n                                            <span class=\"page-numbers current\">1<\/span>\r\n                                                    <a href=\"https:\/\/articulo30.org\/politica-defensa\/wp-json\/wp\/v2\/pages\/3550\/page\/2\/\" class=\"inactive page-numbers\">2<\/a>\r\n                                                        <a href=\"https:\/\/articulo30.org\/politica-defensa\/wp-json\/wp\/v2\/pages\/3550\/page\/3\/\" class=\"inactive page-numbers\">3<\/a>\r\n                                                        <a href=\"https:\/\/articulo30.org\/politica-defensa\/wp-json\/wp\/v2\/pages\/3550\/page\/4\/\" class=\"inactive page-numbers\">4<\/a>\r\n                                                <a class=\"next page-numbers\" href=\"https:\/\/articulo30.org\/politica-defensa\/wp-json\/wp\/v2\/pages\/3550\/page\/2\/\"><i class=\"fa fa-angle-right\"><\/i><\/a>\r\n                            <\/div>\r\n            <\/div>\n","protected":false},"excerpt":{"rendered":"","protected":false},"author":4,"featured_media":0,"parent":0,"menu_order":0,"comment_status":"closed","ping_status":"closed","template":"","meta":{"footnotes":""},"class_list":["post-3550","page","type-page","status-publish","hentry"],"_links":{"self":[{"href":"https:\/\/articulo30.org\/politica-defensa\/wp-json\/wp\/v2\/pages\/3550","targetHints":{"allow":["GET"]}}],"collection":[{"href":"https:\/\/articulo30.org\/politica-defensa\/wp-json\/wp\/v2\/pages"}],"about":[{"href":"https:\/\/articulo30.org\/politica-defensa\/wp-json\/wp\/v2\/types\/page"}],"author":[{"embeddable":true,"href":"https:\/\/articulo30.org\/politica-defensa\/wp-json\/wp\/v2\/users\/4"}],"replies":[{"embeddable":true,"href":"https:\/\/articulo30.org\/politica-defensa\/wp-json\/wp\/v2\/comments?post=3550"}],"version-history":[{"count":3,"href":"https:\/\/articulo30.org\/politica-defensa\/wp-json\/wp\/v2\/pages\/3550\/revisions"}],"predecessor-version":[{"id":6197,"href":"https:\/\/articulo30.org\/politica-defensa\/wp-json\/wp\/v2\/pages\/3550\/revisions\/6197"}],"wp:attachment":[{"href":"https:\/\/articulo30.org\/politica-defensa\/wp-json\/wp\/v2\/media?parent=3550"}],"curies":[{"name":"wp","href":"https:\/\/api.w.org\/{rel}","templated":true}]}}