{"id":3667,"date":"2019-04-25T01:49:49","date_gmt":"2019-04-25T00:49:49","guid":{"rendered":"https:\/\/articulo30.org\/politica-defensa\/?page_id=3667"},"modified":"2022-11-29T13:29:51","modified_gmt":"2022-11-29T12:29:51","slug":"iniciativas","status":"publish","type":"page","link":"https:\/\/articulo30.org\/politica-defensa\/iniciativas\/","title":{"rendered":"Iniciativas"},"content":{"rendered":"\n\n<div class=\"wrapper-posts box-recent type-pagination layout-list\" data-layout=\"list\" data-paged=\"6\" data-col=\"col-xs-12 col-1\" data-cat=\"iniciativas\" data-number=\"8\" data-ads=\"large-rectangle\">\n            <div class=\"box-title clearfix\">\n            <h2 class=\"title-left\">Iniciativas<\/h2>\n                    <\/div>\n        <span class=\"agr-loading\"><\/span>\n    <div class=\"tab-content\">\n        <div id=\"allCat\" class=\"archive-blog affect-isotope row active description-show\">\n                            \n                        <div class=\"col-item col-xs-12 col-1\">\n                            <article  class=\"post-item post-list clearfix post-6498 post type-post status-publish format-standard has-post-thumbnail hentry category-cultura-estrategica category-industria-y-tecnologia category-iniciativas tag-defensa tag-politica-gobierno tag-presupuesto tag-programas tag-tecnologia\">\n    <div class=\"article-image\">\n                                <div class=\"post-image\">\n                <span class=\"bgr-item\"><\/span>\n                <a href=\"https:\/\/articulo30.org\/politica-defensa\/foro-liberdefensa\/\">\n                    <img decoding=\"async\"  class=\"lazy\" src=\"https:\/\/articulo30.org\/politica-defensa\/wp-content\/themes\/nerubian\/assets\/images\/layzyload-list.jpg\"  data-src=\"https:\/\/articulo30.org\/politica-defensa\/wp-content\/uploads\/foro-liberdefensa-292x190.jpg\" alt=\"post-image\"\/>\n                <\/a>\n                            <\/div>\n\n                \n    <\/div>\n    <div class=\"article-content \">\n\n        <div class=\"entry-header clearfix\">\n            <span class=\"post-cat\">                <a href=\"https:\/\/articulo30.org\/politica-defensa\/seccion\/cultura-estrategica\/\"   title=\"\" >Cultura Estrat\u00e9gica<\/a>\n                                             <a href=\"https:\/\/articulo30.org\/politica-defensa\/seccion\/industria-y-tecnologia\/\"  title=\"\" >Industria y Tecnolog\u00eda<\/a>\n                             <a href=\"https:\/\/articulo30.org\/politica-defensa\/seccion\/iniciativas\/\"  title=\"\" >Iniciativas<\/a>\n            <\/span>\n            <header class=\"entry-header-title\">\n                <h3 class=\"entry-title\"><a href=\"https:\/\/articulo30.org\/politica-defensa\/foro-liberdefensa\/\" rel=\"bookmark\">Foro LiberDefensa \u00abEl futuro de la defensa en Espa\u00f1a y Europa\u00bb<\/a><\/h3>            <\/header>\n        <\/div>\n        <div class=\"article-meta clearfix\">\n            <span class=\"posted-on\"><i class=\"fa fa-clock-o\" aria-hidden=\"true\"><\/i><span class=\"screen-reader-text\">Posted on <\/span><a href=\"https:\/\/articulo30.org\/politica-defensa\/foro-liberdefensa\/\" rel=\"bookmark\"><time class=\"entry-date published\" datetime=\"2025-01-09T16:03:08+01:00\">09\/01\/2025<\/time><time class=\"updated\" datetime=\"2025-01-20T21:01:39+01:00\">20\/01\/2025<\/time><\/a><\/span>\t<div class=\"entry-meta-right\">\n\t\t\t\t\t<\/div>\n\n        <\/div>\n        <div class=\"entry-content\">\n            3 Diciembre 2024 Los asuntos de seguridad y la industria del armamento est\u00e1n actualmente en el foco de inter\u00e9s informativo e institucional. El I Foro sobre Defensa LiberDefensa, en...\n        <\/div>\n\n    <\/div>\n<\/article><!-- #post-## -->\n                        <\/div>\n\n                        \n                        <div class=\"col-item col-xs-12 col-1\">\n                            <article  class=\"post-item post-list clearfix post-6495 post type-post status-publish format-standard has-post-thumbnail hentry category-cultura-estrategica category-iniciativas category-union-europea tag-conflictos tag-fuerzas-armadas tag-geopolitica tag-seguriad tag-union-europea\">\n    <div class=\"article-image\">\n                                <div class=\"post-image\">\n                <span class=\"bgr-item\"><\/span>\n                <a href=\"https:\/\/articulo30.org\/politica-defensa\/coloquios-con-faes\/\">\n                    <img decoding=\"async\"  class=\"lazy\" src=\"https:\/\/articulo30.org\/politica-defensa\/wp-content\/themes\/nerubian\/assets\/images\/layzyload-list.jpg\"  data-src=\"https:\/\/articulo30.org\/politica-defensa\/wp-content\/uploads\/Captura-video-FAES-292x190.png\" alt=\"post-image\"\/>\n                <\/a>\n                            <\/div>\n\n                \n    <\/div>\n    <div class=\"article-content \">\n\n        <div class=\"entry-header clearfix\">\n            <span class=\"post-cat\">                <a href=\"https:\/\/articulo30.org\/politica-defensa\/seccion\/cultura-estrategica\/\"   title=\"\" >Cultura Estrat\u00e9gica<\/a>\n                                             <a href=\"https:\/\/articulo30.org\/politica-defensa\/seccion\/iniciativas\/\"  title=\"\" >Iniciativas<\/a>\n                             <a href=\"https:\/\/articulo30.org\/politica-defensa\/seccion\/union-europea\/\"  title=\"\" >Uni\u00f3n Europea<\/a>\n            <\/span>\n            <header class=\"entry-header-title\">\n                <h3 class=\"entry-title\"><a href=\"https:\/\/articulo30.org\/politica-defensa\/coloquios-con-faes\/\" rel=\"bookmark\">Di\u00e1logos FAES | \u00abLa seguridad compartida en el entorno de la UE\u00bb<\/a><\/h3>            <\/header>\n        <\/div>\n        <div class=\"article-meta clearfix\">\n            <span class=\"posted-on\"><i class=\"fa fa-clock-o\" aria-hidden=\"true\"><\/i><span class=\"screen-reader-text\">Posted on <\/span><a href=\"https:\/\/articulo30.org\/politica-defensa\/coloquios-con-faes\/\" rel=\"bookmark\"><time class=\"entry-date published\" datetime=\"2024-11-25T17:15:07+01:00\">25\/11\/2024<\/time><time class=\"updated\" datetime=\"2025-01-20T20:36:15+01:00\">20\/01\/2025<\/time><\/a><\/span>\t<div class=\"entry-meta-right\">\n\t\t\t\t\t<\/div>\n\n        <\/div>\n        <div class=\"entry-content\">\n            3 Octubre 2024 El coronel (R) Jos\u00e9 Luis Pontijas, doctor en Econom\u00eda Aplicada y profesor de Estudios Estrat\u00e9gicos en la Universidad Carlos III, y Ver\u00f3nica Dom\u00ednguez, secretaria general del&nbsp;think-thank&nbsp;Art\u00edculo...\n        <\/div>\n\n    <\/div>\n<\/article><!-- #post-## -->\n                        <\/div>\n\n                        \n                        <div class=\"col-item col-xs-12 col-1\">\n                            <article  class=\"post-item post-list clearfix post-6458 post type-post status-publish format-standard has-post-thumbnail hentry category-conflictos category-cultura-estrategica category-estrategias category-iniciativas category-workshops tag-cultura-de-defensa tag-estrategia tag-geopolitica\">\n    <div class=\"article-image\">\n                                <div class=\"post-image\">\n                <span class=\"bgr-item\"><\/span>\n                <a href=\"https:\/\/articulo30.org\/politica-defensa\/guerra-comprender-conflictos-siglo-xxi\/\">\n                    <img decoding=\"async\"  class=\"lazy\" src=\"https:\/\/articulo30.org\/politica-defensa\/wp-content\/themes\/nerubian\/assets\/images\/layzyload-list.jpg\"  data-src=\"https:\/\/articulo30.org\/politica-defensa\/wp-content\/uploads\/WebinarA30-292x190.jpg\" alt=\"post-image\"\/>\n                <\/a>\n                            <\/div>\n\n                \n    <\/div>\n    <div class=\"article-content \">\n\n        <div class=\"entry-header clearfix\">\n            <span class=\"post-cat\">                <a href=\"https:\/\/articulo30.org\/politica-defensa\/seccion\/conflictos\/\"   title=\"\" >Conflictos<\/a>\n                                             <a href=\"https:\/\/articulo30.org\/politica-defensa\/seccion\/cultura-estrategica\/\"  title=\"\" >Cultura Estrat\u00e9gica<\/a>\n                             <a href=\"https:\/\/articulo30.org\/politica-defensa\/seccion\/estrategias\/\"  title=\"\" >Estrategias<\/a>\n                             <a href=\"https:\/\/articulo30.org\/politica-defensa\/seccion\/iniciativas\/\"  title=\"\" >Iniciativas<\/a>\n                             <a href=\"https:\/\/articulo30.org\/politica-defensa\/seccion\/workshops\/\"  title=\"\" >Workshops<\/a>\n            <\/span>\n            <header class=\"entry-header-title\">\n                <h3 class=\"entry-title\"><a href=\"https:\/\/articulo30.org\/politica-defensa\/guerra-comprender-conflictos-siglo-xxi\/\" rel=\"bookmark\">La Guerra. Comprender los conflictos del siglo XXI<\/a><\/h3>            <\/header>\n        <\/div>\n        <div class=\"article-meta clearfix\">\n            <span class=\"posted-on\"><i class=\"fa fa-clock-o\" aria-hidden=\"true\"><\/i><span class=\"screen-reader-text\">Posted on <\/span><a href=\"https:\/\/articulo30.org\/politica-defensa\/guerra-comprender-conflictos-siglo-xxi\/\" rel=\"bookmark\"><time class=\"entry-date published\" datetime=\"2024-05-21T15:32:05+01:00\">21\/05\/2024<\/time><time class=\"updated\" datetime=\"2025-01-21T10:23:06+01:00\">21\/01\/2025<\/time><\/a><\/span>\t<div class=\"entry-meta-right\">\n\t\t\t\t\t<\/div>\n\n        <\/div>\n        <div class=\"entry-content\">\n            CF Federico Aznar Fern\u00e1ndez-Montesinos Doctor y analista del Instituto Espa\u00f1ol de Estudios Estrat\u00e9gicos (IEEE) El objetivo de este webinar es profundizar en el pensamiento estrat\u00e9gico y poder comprender la...\n        <\/div>\n\n    <\/div>\n<\/article><!-- #post-## -->\n                        <\/div>\n\n                        \n                        <div class=\"col-item col-xs-12 col-1\">\n                            <article  class=\"post-item post-list clearfix post-6259 post type-post status-publish format-standard has-post-thumbnail hentry category-iniciativas category-podcast tag-analisis-de-conflictos tag-otan tag-podcast tag-poscast tag-resolucion-de-conflictos tag-ucrania tag-union-europea\">\n    <div class=\"article-image\">\n                                <div class=\"post-image\">\n                <span class=\"bgr-item\"><\/span>\n                <a href=\"https:\/\/articulo30.org\/politica-defensa\/podcast-13-guerra-ucrania-alejandro-lopez\/\">\n                    <img decoding=\"async\"  class=\"lazy\" src=\"https:\/\/articulo30.org\/politica-defensa\/wp-content\/themes\/nerubian\/assets\/images\/layzyload-list.jpg\"  data-src=\"https:\/\/articulo30.org\/politica-defensa\/wp-content\/uploads\/Podcast-13-Guerra-Ucrania-292x190.jpg\" alt=\"post-image\"\/>\n                <\/a>\n                            <\/div>\n\n                \n    <\/div>\n    <div class=\"article-content \">\n\n        <div class=\"entry-header clearfix\">\n            <span class=\"post-cat\">                <a href=\"https:\/\/articulo30.org\/politica-defensa\/seccion\/iniciativas\/\"   title=\"\" >Iniciativas<\/a>\n                                             <a href=\"https:\/\/articulo30.org\/politica-defensa\/seccion\/podcast\/\"  title=\"\" >Podcast<\/a>\n            <\/span>\n            <header class=\"entry-header-title\">\n                <h3 class=\"entry-title\"><a href=\"https:\/\/articulo30.org\/politica-defensa\/podcast-13-guerra-ucrania-alejandro-lopez\/\" rel=\"bookmark\">Podcast 13 \u00b7 Ucrania, un a\u00f1o en guerra<\/a><\/h3>            <\/header>\n        <\/div>\n        <div class=\"article-meta clearfix\">\n            <span class=\"posted-on\"><i class=\"fa fa-clock-o\" aria-hidden=\"true\"><\/i><span class=\"screen-reader-text\">Posted on <\/span><a href=\"https:\/\/articulo30.org\/politica-defensa\/podcast-13-guerra-ucrania-alejandro-lopez\/\" rel=\"bookmark\"><time class=\"entry-date published\" datetime=\"2023-02-24T14:00:31+01:00\">24\/02\/2023<\/time><time class=\"updated\" datetime=\"2023-06-13T14:26:51+01:00\">13\/06\/2023<\/time><\/a><\/span>\t<div class=\"entry-meta-right\">\n\t\t\t\t\t<\/div>\n\n        <\/div>\n        <div class=\"entry-content\">\n            24 Febrero 2023 Con motivo del primer aniversario de la guerra de Ucrania, este cap\u00edtulo lo dedicamos a analizar un conflicto que ya ha afectado a todos los \u00e1mbitos...\n        <\/div>\n\n    <\/div>\n<\/article><!-- #post-## -->\n                        <\/div>\n\n                        \n                        <div class=\"col-item col-xs-12 col-1\">\n                            <article  class=\"post-item post-list clearfix post-6139 post type-post status-publish format-standard has-post-thumbnail hentry category-iniciativas category-podcast tag-alemania tag-analisis-de-conflictos tag-diplomacia tag-espana tag-otan tag-union-europea\">\n    <div class=\"article-image\">\n                                <div class=\"post-image\">\n                <span class=\"bgr-item\"><\/span>\n                <a href=\"https:\/\/articulo30.org\/politica-defensa\/podcast-alemania-otan\/\">\n                    <img decoding=\"async\"  class=\"lazy\" src=\"https:\/\/articulo30.org\/politica-defensa\/wp-content\/themes\/nerubian\/assets\/images\/layzyload-list.jpg\"  data-src=\"https:\/\/articulo30.org\/politica-defensa\/wp-content\/uploads\/La-OTAN-y-Alemania-2022-292x190.jpeg\" alt=\"post-image\"\/>\n                <\/a>\n                            <\/div>\n\n                \n    <\/div>\n    <div class=\"article-content \">\n\n        <div class=\"entry-header clearfix\">\n            <span class=\"post-cat\">                <a href=\"https:\/\/articulo30.org\/politica-defensa\/seccion\/iniciativas\/\"   title=\"\" >Iniciativas<\/a>\n                                             <a href=\"https:\/\/articulo30.org\/politica-defensa\/seccion\/podcast\/\"  title=\"\" >Podcast<\/a>\n            <\/span>\n            <header class=\"entry-header-title\">\n                <h3 class=\"entry-title\"><a href=\"https:\/\/articulo30.org\/politica-defensa\/podcast-alemania-otan\/\" rel=\"bookmark\">Podcast: La OTAN y Alemania<\/a><\/h3>            <\/header>\n        <\/div>\n        <div class=\"article-meta clearfix\">\n            <span class=\"posted-on\"><i class=\"fa fa-clock-o\" aria-hidden=\"true\"><\/i><span class=\"screen-reader-text\">Posted on <\/span><a href=\"https:\/\/articulo30.org\/politica-defensa\/podcast-alemania-otan\/\" rel=\"bookmark\"><time class=\"entry-date published\" datetime=\"2022-05-15T10:00:01+01:00\">15\/05\/2022<\/time><time class=\"updated\" datetime=\"2022-05-16T23:19:52+01:00\">16\/05\/2022<\/time><\/a><\/span>\t<div class=\"entry-meta-right\">\n\t\t\t\t\t<\/div>\n\n        <\/div>\n        <div class=\"entry-content\">\n            15 Mayo 2022 \u00abGuten Morgen desde Madrid\u00bb &#8211; Episodio 36 Di\u00e1logo con Wolfgang Dold, embajador de Alemania en Madrid, y Laura Moussa, analista de pol\u00edtica exterior y especialista en...\n        <\/div>\n\n    <\/div>\n<\/article><!-- #post-## -->\n                        <\/div>\n\n                        \n                        <div class=\"col-item col-xs-12 col-1\">\n                            <article  class=\"post-item post-list clearfix post-6093 post type-post status-publish format-standard has-post-thumbnail hentry category-conflictos category-iniciativas category-workshops tag-africa tag-analisis-de-conflictos tag-etiopia tag-webinar\">\n    <div class=\"article-image\">\n                                <div class=\"post-image\">\n                <span class=\"bgr-item\"><\/span>\n                <a href=\"https:\/\/articulo30.org\/politica-defensa\/analisis-conflicto-etiopia\/\">\n                    <img decoding=\"async\"  class=\"lazy\" src=\"https:\/\/articulo30.org\/politica-defensa\/wp-content\/themes\/nerubian\/assets\/images\/layzyload-list.jpg\"  data-src=\"https:\/\/articulo30.org\/politica-defensa\/wp-content\/uploads\/Etiopia1-292x190.jpg\" alt=\"post-image\"\/>\n                <\/a>\n                            <\/div>\n\n                \n    <\/div>\n    <div class=\"article-content \">\n\n        <div class=\"entry-header clearfix\">\n            <span class=\"post-cat\">                <a href=\"https:\/\/articulo30.org\/politica-defensa\/seccion\/conflictos\/\"   title=\"\" >Conflictos<\/a>\n                                             <a href=\"https:\/\/articulo30.org\/politica-defensa\/seccion\/iniciativas\/\"  title=\"\" >Iniciativas<\/a>\n                             <a href=\"https:\/\/articulo30.org\/politica-defensa\/seccion\/workshops\/\"  title=\"\" >Workshops<\/a>\n            <\/span>\n            <header class=\"entry-header-title\">\n                <h3 class=\"entry-title\"><a href=\"https:\/\/articulo30.org\/politica-defensa\/analisis-conflicto-etiopia\/\" rel=\"bookmark\">El conflicto de Etiop\u00eda, \u00bfposible guerra civil?<\/a><\/h3>            <\/header>\n        <\/div>\n        <div class=\"article-meta clearfix\">\n            <span class=\"posted-on\"><i class=\"fa fa-clock-o\" aria-hidden=\"true\"><\/i><span class=\"screen-reader-text\">Posted on <\/span><a href=\"https:\/\/articulo30.org\/politica-defensa\/analisis-conflicto-etiopia\/\" rel=\"bookmark\"><time class=\"entry-date published\" datetime=\"2022-03-29T21:00:12+01:00\">29\/03\/2022<\/time><time class=\"updated\" datetime=\"2022-08-03T13:14:46+01:00\">03\/08\/2022<\/time><\/a><\/span>\t<div class=\"entry-meta-right\">\n\t\t\t\t\t<\/div>\n\n        <\/div>\n        <div class=\"entry-content\">\n            WEBINAR 29 Marzo 2022 En noviembre de 2020 se desencaden\u00f3 en Etiop\u00eda una&nbsp;ofensiva militar contra el Frente de Liberaci\u00f3n Popular de Tigray&nbsp;(FLPT), el partido nacionalista que gobierna en la...\n        <\/div>\n\n    <\/div>\n<\/article><!-- #post-## -->\n                        <\/div>\n\n                        \n                        <div class=\"col-item col-xs-12 col-1\">\n                            <article  class=\"post-item post-list clearfix post-5998 post type-post status-publish format-standard has-post-thumbnail hentry category-cultura-estrategica category-iniciativas category-workshops tag-analisis-de-conflictos tag-argentina tag-conflictos tag-estrategia tag-geopolitica tag-reino-unido\">\n    <div class=\"article-image\">\n                                <div class=\"post-image\">\n                <span class=\"bgr-item\"><\/span>\n                <a href=\"https:\/\/articulo30.org\/politica-defensa\/guerra-de-malvinas-40-aniversario\/\">\n                    <img decoding=\"async\"  class=\"lazy\" src=\"https:\/\/articulo30.org\/politica-defensa\/wp-content\/themes\/nerubian\/assets\/images\/layzyload-list.jpg\"  data-src=\"https:\/\/articulo30.org\/politica-defensa\/wp-content\/uploads\/guerra-malvinas-40-292x190.jpg\" alt=\"post-image\"\/>\n                <\/a>\n                            <\/div>\n\n                \n    <\/div>\n    <div class=\"article-content \">\n\n        <div class=\"entry-header clearfix\">\n            <span class=\"post-cat\">                <a href=\"https:\/\/articulo30.org\/politica-defensa\/seccion\/cultura-estrategica\/\"   title=\"\" >Cultura Estrat\u00e9gica<\/a>\n                                             <a href=\"https:\/\/articulo30.org\/politica-defensa\/seccion\/iniciativas\/\"  title=\"\" >Iniciativas<\/a>\n                             <a href=\"https:\/\/articulo30.org\/politica-defensa\/seccion\/workshops\/\"  title=\"\" >Workshops<\/a>\n            <\/span>\n            <header class=\"entry-header-title\">\n                <h3 class=\"entry-title\"><a href=\"https:\/\/articulo30.org\/politica-defensa\/guerra-de-malvinas-40-aniversario\/\" rel=\"bookmark\">Guerra de Malvinas 40\u00ba Aniversario: estrategia y lecciones aprendidas<\/a><\/h3>            <\/header>\n        <\/div>\n        <div class=\"article-meta clearfix\">\n            <span class=\"posted-on\"><i class=\"fa fa-clock-o\" aria-hidden=\"true\"><\/i><span class=\"screen-reader-text\">Posted on <\/span><a href=\"https:\/\/articulo30.org\/politica-defensa\/guerra-de-malvinas-40-aniversario\/\" rel=\"bookmark\"><time class=\"entry-date published\" datetime=\"2022-02-09T23:30:18+01:00\">09\/02\/2022<\/time><time class=\"updated\" datetime=\"2022-02-14T15:24:37+01:00\">14\/02\/2022<\/time><\/a><\/span>\t<div class=\"entry-meta-right\">\n\t\t\t\t\t<\/div>\n\n        <\/div>\n        <div class=\"entry-content\">\n            WEBINAR 9 Febrero 2022 Este a\u00f1o se cumple el 40 aniversario de la Guerra de Malvinas, el enfrentamiento armado que tuvo lugar entre Argentina y Reino Unido en 1982....\n        <\/div>\n\n    <\/div>\n<\/article><!-- #post-## -->\n                        <\/div>\n\n                        \n                        <div class=\"col-item col-xs-12 col-1\">\n                            <article  class=\"post-item post-list clearfix post-5938 post type-post status-publish format-standard has-post-thumbnail hentry category-iniciativas category-workshops tag-espana tag-estrategia-seguridad-nacional tag-geopolitica tag-politica-de-defensa\">\n    <div class=\"article-image\">\n                                <div class=\"post-image\">\n                <span class=\"bgr-item\"><\/span>\n                <a href=\"https:\/\/articulo30.org\/politica-defensa\/debate-congreso-diputados-2021\/\">\n                    <img decoding=\"async\"  class=\"lazy\" src=\"https:\/\/articulo30.org\/politica-defensa\/wp-content\/themes\/nerubian\/assets\/images\/layzyload-list.jpg\"  data-src=\"https:\/\/articulo30.org\/politica-defensa\/wp-content\/uploads\/mesa-redonda-politica-defensa-espana-congreso-2021-292x190.jpg\" alt=\"post-image\"\/>\n                <\/a>\n                            <\/div>\n\n                \n    <\/div>\n    <div class=\"article-content \">\n\n        <div class=\"entry-header clearfix\">\n            <span class=\"post-cat\">                <a href=\"https:\/\/articulo30.org\/politica-defensa\/seccion\/iniciativas\/\"   title=\"\" >Iniciativas<\/a>\n                                             <a href=\"https:\/\/articulo30.org\/politica-defensa\/seccion\/workshops\/\"  title=\"\" >Workshops<\/a>\n            <\/span>\n            <header class=\"entry-header-title\">\n                <h3 class=\"entry-title\"><a href=\"https:\/\/articulo30.org\/politica-defensa\/debate-congreso-diputados-2021\/\" rel=\"bookmark\">Debate sobre Pol\u00edtica de Defensa 2021<\/a><\/h3>            <\/header>\n        <\/div>\n        <div class=\"article-meta clearfix\">\n            <span class=\"posted-on\"><i class=\"fa fa-clock-o\" aria-hidden=\"true\"><\/i><span class=\"screen-reader-text\">Posted on <\/span><a href=\"https:\/\/articulo30.org\/politica-defensa\/debate-congreso-diputados-2021\/\" rel=\"bookmark\"><time class=\"entry-date published\" datetime=\"2021-11-05T01:00:00+01:00\">05\/11\/2021<\/time><time class=\"updated\" datetime=\"2022-03-08T15:32:22+01:00\">08\/03\/2022<\/time><\/a><\/span>\t<div class=\"entry-meta-right\">\n\t\t\t\t\t<\/div>\n\n        <\/div>\n        <div class=\"entry-content\">\n            En colaboraci\u00f3n de la Asociaci\u00f3n de Diplomados en Altos Estudios de la Defensa Nacional (ADALEDE), organizamos un debate en el Congreso de los Diputados sobre \u00abLa Pol\u00edtica de Defensa...\n        <\/div>\n\n    <\/div>\n<\/article><!-- #post-## -->\n                        <\/div>\n\n                                            <\/div>\n    <\/div>\n\n                <div class=\"navigation pagination clearfix\">\r\n                                            <span class=\"page-numbers current\">1<\/span>\r\n                                                    <a href=\"https:\/\/articulo30.org\/politica-defensa\/wp-json\/wp\/v2\/pages\/3667\/page\/2\/\" class=\"inactive page-numbers\">2<\/a>\r\n                                                        <a href=\"https:\/\/articulo30.org\/politica-defensa\/wp-json\/wp\/v2\/pages\/3667\/page\/3\/\" class=\"inactive page-numbers\">3<\/a>\r\n                                                        <a href=\"https:\/\/articulo30.org\/politica-defensa\/wp-json\/wp\/v2\/pages\/3667\/page\/4\/\" class=\"inactive page-numbers\">4<\/a>\r\n                                                        <a href=\"https:\/\/articulo30.org\/politica-defensa\/wp-json\/wp\/v2\/pages\/3667\/page\/5\/\" class=\"inactive page-numbers\">5<\/a>\r\n                                                        <a href=\"https:\/\/articulo30.org\/politica-defensa\/wp-json\/wp\/v2\/pages\/3667\/page\/6\/\" class=\"inactive page-numbers\">6<\/a>\r\n                                                <a class=\"next page-numbers\" href=\"https:\/\/articulo30.org\/politica-defensa\/wp-json\/wp\/v2\/pages\/3667\/page\/2\/\"><i class=\"fa fa-angle-right\"><\/i><\/a>\r\n                            <\/div>\r\n            <\/div>\n","protected":false},"excerpt":{"rendered":"","protected":false},"author":4,"featured_media":0,"parent":0,"menu_order":0,"comment_status":"closed","ping_status":"closed","template":"","meta":{"footnotes":""},"class_list":["post-3667","page","type-page","status-publish","hentry"],"_links":{"self":[{"href":"https:\/\/articulo30.org\/politica-defensa\/wp-json\/wp\/v2\/pages\/3667","targetHints":{"allow":["GET"]}}],"collection":[{"href":"https:\/\/articulo30.org\/politica-defensa\/wp-json\/wp\/v2\/pages"}],"about":[{"href":"https:\/\/articulo30.org\/politica-defensa\/wp-json\/wp\/v2\/types\/page"}],"author":[{"embeddable":true,"href":"https:\/\/articulo30.org\/politica-defensa\/wp-json\/wp\/v2\/users\/4"}],"replies":[{"embeddable":true,"href":"https:\/\/articulo30.org\/politica-defensa\/wp-json\/wp\/v2\/comments?post=3667"}],"version-history":[{"count":4,"href":"https:\/\/articulo30.org\/politica-defensa\/wp-json\/wp\/v2\/pages\/3667\/revisions"}],"predecessor-version":[{"id":6185,"href":"https:\/\/articulo30.org\/politica-defensa\/wp-json\/wp\/v2\/pages\/3667\/revisions\/6185"}],"wp:attachment":[{"href":"https:\/\/articulo30.org\/politica-defensa\/wp-json\/wp\/v2\/media?parent=3667"}],"curies":[{"name":"wp","href":"https:\/\/api.w.org\/{rel}","templated":true}]}}