{"id":4412,"date":"2020-02-02T22:21:53","date_gmt":"2020-02-02T21:21:53","guid":{"rendered":"https:\/\/articulo30.org\/politica-defensa\/?page_id=4412"},"modified":"2022-11-29T13:46:13","modified_gmt":"2022-11-29T12:46:13","slug":"propuestas","status":"publish","type":"page","link":"https:\/\/articulo30.org\/politica-defensa\/propuestas\/","title":{"rendered":"Propuestas \u00b7 Comunicados"},"content":{"rendered":"\n\n<div class=\"wrapper-posts box-recent type-pagination layout-list\" data-layout=\"list\" data-paged=\"1\" data-col=\"col-xs-12 col-1\" data-cat=\"propuestas\" data-number=\"8\" data-ads=\"large-rectangle\">\n            <div class=\"box-title clearfix\">\n            <h2 class=\"title-left\">propuestas<\/h2>\n                    <\/div>\n        <span class=\"agr-loading\"><\/span>\n    <div class=\"tab-content\">\n        <div id=\"allCat\" class=\"archive-blog affect-isotope row active description-show\">\n                            \n                        <div class=\"col-item col-xs-12 col-1\">\n                            <article  class=\"post-item post-list clearfix post-6410 post type-post status-publish format-standard has-post-thumbnail hentry category-espana category-propuestas tag-ministerio-de-defensa tag-politica-gobierno tag-politica-partidos tag-seguridad-nacional\">\n    <div class=\"article-image\">\n                                <div class=\"post-image\">\n                <span class=\"bgr-item\"><\/span>\n                <a href=\"https:\/\/articulo30.org\/politica-defensa\/comunicado-ley-amnistia\/\">\n                    <img decoding=\"async\"  class=\"lazy\" src=\"https:\/\/articulo30.org\/politica-defensa\/wp-content\/themes\/nerubian\/assets\/images\/layzyload-list.jpg\"  data-src=\"https:\/\/articulo30.org\/politica-defensa\/wp-content\/uploads\/comunicado-amnistia-292x190.jpg\" alt=\"post-image\"\/>\n                <\/a>\n                            <\/div>\n\n                \n    <\/div>\n    <div class=\"article-content \">\n\n        <div class=\"entry-header clearfix\">\n            <span class=\"post-cat\">                <a href=\"https:\/\/articulo30.org\/politica-defensa\/seccion\/espana\/\"   title=\"\" >Espa\u00f1a<\/a>\n                                             <a href=\"https:\/\/articulo30.org\/politica-defensa\/seccion\/propuestas\/\"  title=\"\" >Propuestas \u00b7 Comunicados<\/a>\n            <\/span>\n            <header class=\"entry-header-title\">\n                <h3 class=\"entry-title\"><a href=\"https:\/\/articulo30.org\/politica-defensa\/comunicado-ley-amnistia\/\" rel=\"bookmark\">Comunicado sobre la Ley de Amnist\u00eda<\/a><\/h3>            <\/header>\n        <\/div>\n        <div class=\"article-meta clearfix\">\n            <span class=\"posted-on\"><i class=\"fa fa-clock-o\" aria-hidden=\"true\"><\/i><span class=\"screen-reader-text\">Posted on <\/span><a href=\"https:\/\/articulo30.org\/politica-defensa\/comunicado-ley-amnistia\/\" rel=\"bookmark\"><time class=\"entry-date published\" datetime=\"2023-11-08T13:14:01+01:00\">08\/11\/2023<\/time><time class=\"updated\" datetime=\"2024-08-26T14:29:00+01:00\">26\/08\/2024<\/time><\/a><\/span>\t<div class=\"entry-meta-right\">\n\t\t\t\t\t<\/div>\n\n        <\/div>\n        <div class=\"entry-content\">\n            Comunicado Ante las graves consecuencias que se derivan de la propuesta de Ley de Amnist\u00eda, respondiendo a nuestro compromiso con la defensa de Espa\u00f1a, queremos hacer constar: Que atendiendo...\n        <\/div>\n\n    <\/div>\n<\/article><!-- #post-## -->\n                        <\/div>\n\n                        \n                        <div class=\"col-item col-xs-12 col-1\">\n                            <article  class=\"post-item post-list clearfix post-4499 post type-post status-publish format-standard has-post-thumbnail hentry category-propuestas tag-estado-de-alarma tag-estrategia-seguridad-nacional tag-politica-gobierno\">\n    <div class=\"article-image\">\n                                <div class=\"post-image\">\n                <span class=\"bgr-item\"><\/span>\n                <a href=\"https:\/\/articulo30.org\/politica-defensa\/covid19-reflexiones-seguridad-nacional\/\">\n                    <img decoding=\"async\"  class=\"lazy\" src=\"https:\/\/articulo30.org\/politica-defensa\/wp-content\/themes\/nerubian\/assets\/images\/layzyload-list.jpg\"  data-src=\"https:\/\/articulo30.org\/politica-defensa\/wp-content\/uploads\/estado-alarma-292x190.jpg\" alt=\"post-image\"\/>\n                <\/a>\n                            <\/div>\n\n                \n    <\/div>\n    <div class=\"article-content \">\n\n        <div class=\"entry-header clearfix\">\n            <span class=\"post-cat\">                <a href=\"https:\/\/articulo30.org\/politica-defensa\/seccion\/propuestas\/\"   title=\"\" >Propuestas \u00b7 Comunicados<\/a>\n                            <\/span>\n            <header class=\"entry-header-title\">\n                <h3 class=\"entry-title\"><a href=\"https:\/\/articulo30.org\/politica-defensa\/covid19-reflexiones-seguridad-nacional\/\" rel=\"bookmark\">COVID-19: reflexiones desde la Seguridad Nacional<\/a><\/h3>            <\/header>\n        <\/div>\n        <div class=\"article-meta clearfix\">\n            <span class=\"posted-on\"><i class=\"fa fa-clock-o\" aria-hidden=\"true\"><\/i><span class=\"screen-reader-text\">Posted on <\/span><a href=\"https:\/\/articulo30.org\/politica-defensa\/covid19-reflexiones-seguridad-nacional\/\" rel=\"bookmark\"><time class=\"entry-date published\" datetime=\"2020-03-15T19:44:06+01:00\">15\/03\/2020<\/time><time class=\"updated\" datetime=\"2023-11-08T13:16:55+01:00\">08\/11\/2023<\/time><\/a><\/span>\t<div class=\"entry-meta-right\">\n\t\t\t\t\t<\/div>\n\n        <\/div>\n        <div class=\"entry-content\">\n            Comunicado La situaci\u00f3n creada por la aparici\u00f3n del COVID-19 en Espa\u00f1a y la subsiguiente declaraci\u00f3n del Estado de Alarma en todo nuestro pa\u00eds merece ser analizada con detenimiento por...\n        <\/div>\n\n    <\/div>\n<\/article><!-- #post-## -->\n                        <\/div>\n\n                        \n                        <div class=\"col-item col-xs-12 col-1\">\n                            <article  class=\"post-item post-list clearfix post-3651 post type-post status-publish format-standard has-post-thumbnail hentry category-espana category-propuestas tag-politica-partidos tag-programa-electoral\">\n    <div class=\"article-image\">\n                                <div class=\"post-image\">\n                <span class=\"bgr-item\"><\/span>\n                <a href=\"https:\/\/articulo30.org\/politica-defensa\/propuestas-elecciones-generales-2019\/\">\n                    <img decoding=\"async\"  class=\"lazy\" src=\"https:\/\/articulo30.org\/politica-defensa\/wp-content\/themes\/nerubian\/assets\/images\/layzyload-list.jpg\"  data-src=\"https:\/\/articulo30.org\/politica-defensa\/wp-content\/uploads\/congreso-diputados-1-292x190.jpg\" alt=\"post-image\"\/>\n                <\/a>\n                            <\/div>\n\n                \n    <\/div>\n    <div class=\"article-content \">\n\n        <div class=\"entry-header clearfix\">\n            <span class=\"post-cat\">                <a href=\"https:\/\/articulo30.org\/politica-defensa\/seccion\/espana\/\"   title=\"\" >Espa\u00f1a<\/a>\n                                             <a href=\"https:\/\/articulo30.org\/politica-defensa\/seccion\/propuestas\/\"  title=\"\" >Propuestas \u00b7 Comunicados<\/a>\n            <\/span>\n            <header class=\"entry-header-title\">\n                <h3 class=\"entry-title\"><a href=\"https:\/\/articulo30.org\/politica-defensa\/propuestas-elecciones-generales-2019\/\" rel=\"bookmark\">Propuestas sobre Pol\u00edtica de Defensa<\/a><\/h3>            <\/header>\n        <\/div>\n        <div class=\"article-meta clearfix\">\n            <span class=\"posted-on\"><i class=\"fa fa-clock-o\" aria-hidden=\"true\"><\/i><span class=\"screen-reader-text\">Posted on <\/span><a href=\"https:\/\/articulo30.org\/politica-defensa\/propuestas-elecciones-generales-2019\/\" rel=\"bookmark\"><time class=\"entry-date published\" datetime=\"2019-11-01T10:30:48+01:00\">01\/11\/2019<\/time><time class=\"updated\" datetime=\"2020-02-02T22:41:43+01:00\">02\/02\/2020<\/time><\/a><\/span>\t<div class=\"entry-meta-right\">\n\t\t\t\t\t<\/div>\n\n        <\/div>\n        <div class=\"entry-content\">\n            Elecciones Generales 2019 Medidas concretas que pueden ser de inter\u00e9s para los responsables de los programas pol\u00edticos, teniendo en cuenta las prioridades que afectan a los asuntos estrat\u00e9gicos de...\n        <\/div>\n\n    <\/div>\n<\/article><!-- #post-## -->\n                        <\/div>\n\n                        \n                        <div class=\"col-item col-xs-12 col-1\">\n                            <article  class=\"post-item post-list clearfix post-4122 post type-post status-publish format-standard has-post-thumbnail hentry category-espana category-propuestas tag-cataluna tag-conflicto-asimetrico tag-politica-gobierno\">\n    <div class=\"article-image\">\n                                <div class=\"post-image\">\n                <span class=\"bgr-item\"><\/span>\n                <a href=\"https:\/\/articulo30.org\/politica-defensa\/cataluna-prioridad-seguridad-nacional\/\">\n                    <img decoding=\"async\"  class=\"lazy\" src=\"https:\/\/articulo30.org\/politica-defensa\/wp-content\/themes\/nerubian\/assets\/images\/layzyload-list.jpg\"  data-src=\"https:\/\/articulo30.org\/politica-defensa\/wp-content\/uploads\/cataluna-292x190.jpg\" alt=\"post-image\"\/>\n                <\/a>\n                            <\/div>\n\n                \n    <\/div>\n    <div class=\"article-content \">\n\n        <div class=\"entry-header clearfix\">\n            <span class=\"post-cat\">                <a href=\"https:\/\/articulo30.org\/politica-defensa\/seccion\/espana\/\"   title=\"\" >Espa\u00f1a<\/a>\n                                             <a href=\"https:\/\/articulo30.org\/politica-defensa\/seccion\/propuestas\/\"  title=\"\" >Propuestas \u00b7 Comunicados<\/a>\n            <\/span>\n            <header class=\"entry-header-title\">\n                <h3 class=\"entry-title\"><a href=\"https:\/\/articulo30.org\/politica-defensa\/cataluna-prioridad-seguridad-nacional\/\" rel=\"bookmark\">Catalu\u00f1a, prioridad para la Seguridad Nacional<\/a><\/h3>            <\/header>\n        <\/div>\n        <div class=\"article-meta clearfix\">\n            <span class=\"posted-on\"><i class=\"fa fa-clock-o\" aria-hidden=\"true\"><\/i><span class=\"screen-reader-text\">Posted on <\/span><a href=\"https:\/\/articulo30.org\/politica-defensa\/cataluna-prioridad-seguridad-nacional\/\" rel=\"bookmark\"><time class=\"entry-date published\" datetime=\"2019-10-21T11:45:47+01:00\">21\/10\/2019<\/time><time class=\"updated\" datetime=\"2020-03-15T20:10:13+01:00\">15\/03\/2020<\/time><\/a><\/span>\t<div class=\"entry-meta-right\">\n\t\t\t\t\t<\/div>\n\n        <\/div>\n        <div class=\"entry-content\">\n            Comunicado A pesar de que modernamente se prefiera tratar los problemas internos de un pa\u00eds como meros conflictos entre fuerzas pol\u00edticas leg\u00edtimas o cuestiones que pertenecen al \u00e1mbito de...\n        <\/div>\n\n    <\/div>\n<\/article><!-- #post-## -->\n                        <\/div>\n\n                        \n                        <div class=\"col-item col-xs-12 col-1\">\n                            <article  class=\"post-item post-list clearfix post-1183 post type-post status-publish format-standard has-post-thumbnail hentry category-espana category-propuestas\">\n    <div class=\"article-image\">\n                                <div class=\"post-image\">\n                <span class=\"bgr-item\"><\/span>\n                <a href=\"https:\/\/articulo30.org\/politica-defensa\/manifiesto-cataluna\/\">\n                    <img decoding=\"async\"  class=\"lazy\" src=\"https:\/\/articulo30.org\/politica-defensa\/wp-content\/themes\/nerubian\/assets\/images\/layzyload-list.jpg\"  data-src=\"https:\/\/articulo30.org\/politica-defensa\/wp-content\/uploads\/manifiesto2-292x190.jpg\" alt=\"post-image\"\/>\n                <\/a>\n                            <\/div>\n\n                \n    <\/div>\n    <div class=\"article-content \">\n\n        <div class=\"entry-header clearfix\">\n            <span class=\"post-cat\">                <a href=\"https:\/\/articulo30.org\/politica-defensa\/seccion\/espana\/\"   title=\"\" >Espa\u00f1a<\/a>\n                                             <a href=\"https:\/\/articulo30.org\/politica-defensa\/seccion\/propuestas\/\"  title=\"\" >Propuestas \u00b7 Comunicados<\/a>\n            <\/span>\n            <header class=\"entry-header-title\">\n                <h3 class=\"entry-title\"><a href=\"https:\/\/articulo30.org\/politica-defensa\/manifiesto-cataluna\/\" rel=\"bookmark\">A prop\u00f3sito de Catalu\u00f1a<\/a><\/h3>            <\/header>\n        <\/div>\n        <div class=\"article-meta clearfix\">\n            <span class=\"posted-on\"><i class=\"fa fa-clock-o\" aria-hidden=\"true\"><\/i><span class=\"screen-reader-text\">Posted on <\/span><a href=\"https:\/\/articulo30.org\/politica-defensa\/manifiesto-cataluna\/\" rel=\"bookmark\"><time class=\"entry-date published\" datetime=\"2017-09-29T21:34:38+01:00\">29\/09\/2017<\/time><time class=\"updated\" datetime=\"2020-08-11T15:56:43+01:00\">11\/08\/2020<\/time><\/a><\/span>\t<div class=\"entry-meta-right\">\n\t\t\t\t\t<\/div>\n\n        <\/div>\n        <div class=\"entry-content\">\n            Comunicado Ante los graves acontecimientos que est\u00e1n sucediendo en Catalu\u00f1a, respondiendo a nuestro compromiso con la defensa de Espa\u00f1a, queremos hacer constar: Que apoyamos al Gobierno de Espa\u00f1a en...\n        <\/div>\n\n    <\/div>\n<\/article><!-- #post-## -->\n                        <\/div>\n\n                        \n                        <div class=\"col-item col-xs-12 col-1\">\n                            <article  class=\"post-item post-list clearfix post-208 post type-post status-publish format-standard has-post-thumbnail hentry category-espana category-propuestas tag-defensa tag-espana tag-geopolitica tag-politica-gobierno tag-politica-partidos tag-seguriad\">\n    <div class=\"article-image\">\n                                <div class=\"post-image\">\n                <span class=\"bgr-item\"><\/span>\n                <a href=\"https:\/\/articulo30.org\/politica-defensa\/propuestas-de-politica-de-defensa\/\">\n                    <img decoding=\"async\"  class=\"lazy\" src=\"https:\/\/articulo30.org\/politica-defensa\/wp-content\/themes\/nerubian\/assets\/images\/layzyload-list.jpg\"  data-src=\"https:\/\/articulo30.org\/politica-defensa\/wp-content\/uploads\/2016\/10\/congreso-diputados-292x190.jpg\" alt=\"post-image\"\/>\n                <\/a>\n                            <\/div>\n\n                \n    <\/div>\n    <div class=\"article-content \">\n\n        <div class=\"entry-header clearfix\">\n            <span class=\"post-cat\">                <a href=\"https:\/\/articulo30.org\/politica-defensa\/seccion\/espana\/\"   title=\"\" >Espa\u00f1a<\/a>\n                                             <a href=\"https:\/\/articulo30.org\/politica-defensa\/seccion\/propuestas\/\"  title=\"\" >Propuestas \u00b7 Comunicados<\/a>\n            <\/span>\n            <header class=\"entry-header-title\">\n                <h3 class=\"entry-title\"><a href=\"https:\/\/articulo30.org\/politica-defensa\/propuestas-de-politica-de-defensa\/\" rel=\"bookmark\">Propuestas de pol\u00edtica de Defensa (2015)<\/a><\/h3>            <\/header>\n        <\/div>\n        <div class=\"article-meta clearfix\">\n            <span class=\"posted-on\"><i class=\"fa fa-clock-o\" aria-hidden=\"true\"><\/i><span class=\"screen-reader-text\">Posted on <\/span><a href=\"https:\/\/articulo30.org\/politica-defensa\/propuestas-de-politica-de-defensa\/\" rel=\"bookmark\"><time class=\"entry-date published\" datetime=\"2015-12-02T06:51:24+01:00\">02\/12\/2015<\/time><time class=\"updated\" datetime=\"2020-08-11T16:05:18+01:00\">11\/08\/2020<\/time><\/a><\/span>\t<div class=\"entry-meta-right\">\n\t\t\t\t\t<\/div>\n\n        <\/div>\n        <div class=\"entry-content\">\n            En referencia a las elecciones generales del pr\u00f3ximo 20 de diciembre, presentamos siete propuestas en materia de pol\u00edtica de Defensa, que creemos pueden ser de utilidad para la pr\u00f3xima...\n        <\/div>\n\n    <\/div>\n<\/article><!-- #post-## -->\n                        <\/div>\n\n                                            <\/div>\n    <\/div>\n\n    <\/div>\n","protected":false},"excerpt":{"rendered":"","protected":false},"author":4,"featured_media":0,"parent":0,"menu_order":0,"comment_status":"closed","ping_status":"closed","template":"","meta":{"footnotes":""},"class_list":["post-4412","page","type-page","status-publish","hentry"],"_links":{"self":[{"href":"https:\/\/articulo30.org\/politica-defensa\/wp-json\/wp\/v2\/pages\/4412","targetHints":{"allow":["GET"]}}],"collection":[{"href":"https:\/\/articulo30.org\/politica-defensa\/wp-json\/wp\/v2\/pages"}],"about":[{"href":"https:\/\/articulo30.org\/politica-defensa\/wp-json\/wp\/v2\/types\/page"}],"author":[{"embeddable":true,"href":"https:\/\/articulo30.org\/politica-defensa\/wp-json\/wp\/v2\/users\/4"}],"replies":[{"embeddable":true,"href":"https:\/\/articulo30.org\/politica-defensa\/wp-json\/wp\/v2\/comments?post=4412"}],"version-history":[{"count":5,"href":"https:\/\/articulo30.org\/politica-defensa\/wp-json\/wp\/v2\/pages\/4412\/revisions"}],"predecessor-version":[{"id":6203,"href":"https:\/\/articulo30.org\/politica-defensa\/wp-json\/wp\/v2\/pages\/4412\/revisions\/6203"}],"wp:attachment":[{"href":"https:\/\/articulo30.org\/politica-defensa\/wp-json\/wp\/v2\/media?parent=4412"}],"curies":[{"name":"wp","href":"https:\/\/api.w.org\/{rel}","templated":true}]}}