{"id":455,"date":"2017-01-18T10:06:05","date_gmt":"2017-01-18T10:06:05","guid":{"rendered":"http:\/\/articulo30.org\/inicio\/?page_id=455"},"modified":"2019-01-23T22:47:38","modified_gmt":"2019-01-23T21:47:38","slug":"politica-de-privacidad","status":"publish","type":"page","link":"https:\/\/articulo30.org\/politica-defensa\/politica-de-privacidad\/","title":{"rendered":"Pol\u00edtica de Privacidad"},"content":{"rendered":"<h4 style=\"text-align: justify;\"><b>1) IDENTIFICACI\u00d3N<\/b><\/h4>\n<p style=\"text-align: justify;\">El presente aviso legal regula el uso del sitio web\u00a0<a href=\"http:\/\/articulo30.org\">articulo30.org<\/a>\u00a0(en adelante,\u00a0LA WEB), del que es titular la Asociaci\u00f3n Art\u00edculo 30\u00a0\u00a0(en adelante,\u00a0PROPIETARIO DE LA WEB).\u00a0\u00a0El\u00a0PROPIETARIO DE LA WEB, en cumplimiento de la Ley 34\/2002, de 11 de julio, de servicios de la sociedad de la informaci\u00f3n y de comercio electr\u00f3nico, le informa que:<\/p>\n<p style=\"text-align: justify;\">Denominaci\u00f3n social: \u00abAsociaci\u00f3n Art\u00edculo 30\u00bb<br \/>\nNombre comercial: \u00abArt\u00edculo 30\u00bb<br \/>\nCIF:\u00a0G-8809755<br \/>\nRegistro Nacional de Asociaciones: N\u00ba 615267 \/ Ministerio del Interior<\/p>\n<p style=\"text-align: justify;\">Para comunicarse con nosotros, ponemos a su disposici\u00f3n diferentes medios de contacto que detallamos a continuaci\u00f3n:<\/p>\n<p style=\"text-align: justify;\">&#8211; Correo electr\u00f3nico: <a href=\"mailto:a30@articulo30.org\">a30@articulo30.org<\/a><\/p>\n<p style=\"text-align: justify;\">Todas las notificaciones y comunicaciones entre los usuarios y el\u00a0PROPIETARIO DE LA WEB\u00a0se considerar\u00e1n eficaces, a todos los efectos, cuando se realicen a trav\u00e9s de correo electr\u00f3nico\u00a0o cualquier otro medio de los detallados anteriormente.<\/p>\n<h4 style=\"text-align: justify;\"><b>2) USUARIOS<\/b><\/h4>\n<p style=\"text-align: justify;\">El acceso y\/o uso de este portal del\u00a0PROPIETARIO DE LA WEB, creadora del sitio, atribuye la condici\u00f3n de\u00a0USUARIO, al que acepta, desde dicho acceso y\/o uso, las Condiciones Generales de Uso aqu\u00ed reflejadas. Las citadas Condiciones ser\u00e1n de aplicaci\u00f3n independientemente de las Condiciones Generales de Contrataci\u00f3n que en su caso resulten de obligado cumplimiento.<\/p>\n<h4 style=\"text-align: justify;\"><b>3) USO DEL PORTAL\u00a0<\/b><\/h4>\n<p style=\"text-align: justify;\">El sitio web y sus servicios, son de acceso libre y gratuito, no obstante, el\u00a0PROPIETARIO DE LA WEB\u00a0condiciona la utilizaci\u00f3n de algunos de los servicios ofrecidos en su web a la previa cumplimentaci\u00f3n del correspondiente formulario, para convertirse en usuario del portal.\u00a0\u00a0El usuario garantiza la autenticidad y actualidad de todos aquellos datos que comunique al\u00a0PROPIETARIO DE LA WEB\u00a0y ser\u00e1 el \u00fanico responsable de las manifestaciones falsas o inexactas que realice.\u00a0\u00a0El usuario se compromete expresamente a hacer un uso adecuado de los contenidos y servicios del\u00a0PROPIETARIO DE LA WEB\u00a0y a no emplearlos para, entre otros:<\/p>\n<p style=\"text-align: justify;\">a)\u00a0Difundir contenidos, delictivos, violentos, pornogr\u00e1ficos, racistas, xen\u00f3fobo, ofensivos, de apolog\u00eda del terrorismo o, en general, contrarios a la ley o al orden p\u00fablico.<\/p>\n<p style=\"text-align: justify;\">b)\u00a0Introducir en la red virus inform\u00e1ticos, o realizar actuaciones susceptibles de alterar, estropear, interrumpir o generar errores o da\u00f1os en los documentos electr\u00f3nicos, datos o sistemas f\u00edsicos y l\u00f3gicos del\u00a0PROPIETARIO DE LA WEB\u00a0o de terceras personas; as\u00ed como obstaculizar el acceso de otros usuarios al sitio web y a sus servicios mediante el consumo masivo de los recursos inform\u00e1ticos a trav\u00e9s de los cuales el\u00a0PROPIETARIO DE LA WEB\u00a0presta sus servicios.<\/p>\n<p style=\"text-align: justify;\">c)\u00a0Intentar acceder a las cuentas de correo electr\u00f3nico de otros usuarios o a \u00e1reas restringidas de los sistemas inform\u00e1ticos del\u00a0PROPIETARIO DE LA WEB\u00a0o de terceros y, en su caso, extraer informaci\u00f3n.<\/p>\n<p style=\"text-align: justify;\">d)\u00a0Vulnerar los derechos de propiedad intelectual o industrial, as\u00ed como violar la confidencialidad de la informaci\u00f3n del\u00a0PROPIETARIO DE LA WEB\u00a0o de terceros.<\/p>\n<p style=\"text-align: justify;\">e)\u00a0Suplantar la identidad de otro usuario, de las administraciones p\u00fablicas o de un tercero.<\/p>\n<p style=\"text-align: justify;\">f)\u00a0Reproducir, copiar, distribuir, poner a disposici\u00f3n o de cualquier otra forma comunicar p\u00fablicamente, transformar o modificar los contenidos, a menos que se cuente con la autorizaci\u00f3n del titular de los correspondientes derechos, o ello resulte legalmente permitido.<\/p>\n<p style=\"text-align: justify;\">g)\u00a0Recabar datos con finalidad publicitaria y de remitir publicidad de cualquier clase y comunicaciones con fines de venta u otras, de naturaleza comercial sin que medie su previa solicitud o consentimiento.<\/p>\n<h4 style=\"text-align: justify;\"><b>4) POL\u00cdTICA DE PRIVACIDAD<\/b><\/h4>\n<p style=\"text-align: justify;\">El\u00a0PROPIETARIO DE LA WEB\u00a0quiere poner en conocimiento de los usuarios y clientes de su p\u00e1gina Web, la pol\u00edtica llevada a cabo respecto al tratamiento y protecci\u00f3n de los datos de car\u00e1cter personal de aquellas personas que voluntariamente utilizan los formularios de contacto para contactar con el\u00a0PROPIETARIO DE LA WEB, as\u00ed como el acceso a su p\u00e1gina propia, que impliquen la comunicaci\u00f3n de sus datos personales al\u00a0PROPIETARIO DE LA WEB.<\/p>\n<p style=\"text-align: justify;\">A.- Identificaci\u00f3n del responsable del fichero\u00a0\u00a0El\u00a0PROPIETARIO DE LA WEB, informa al usuario y cliente de su p\u00e1gina Web de la existencia de un fichero automatizado de datos personales denominado\u00a0CLIENTES, debidamente inscrito ante la Agencia Espa\u00f1ola de Protecci\u00f3n de Datos, donde se recogen y almacenan los datos personales que el usuario y el cliente le comunican a fin de gestionar su solicitud.<\/p>\n<p style=\"text-align: justify;\">B.- Actualizaci\u00f3n de las pol\u00edticas\u00a0\u00a0El\u00a0PROPIETARIO DE LA WEB\u00a0modificar\u00e1, sin previo aviso, la presente pol\u00edtica de privacidad siempre que sea necesario para adecuar la misma a cualquier cambio legislativo, reglamentario, jurisprudencial, administrativo o con la finalidad de adaptar dicha pol\u00edtica a las instrucciones dictadas por la Agencia de Protecci\u00f3n de Datos u objeto leg\u00edtimo de cualquier modificaci\u00f3n de esta pol\u00edtica, no obstante lo anterior, ser\u00e1 publicada y advertida en la p\u00e1gina Web del\u00a0PROPIETARIO DE LA WEB.\u00a0\u00a0Por todo lo anterior, el\u00a0PROPIETARIO DE LA WEB, recomienda a los usuarios la lectura peri\u00f3dica de estas pol\u00edticas con el fin de poder conocer los cambios que en las mismas se efect\u00faen.<\/p>\n<p style=\"text-align: justify;\">C.- Finalidad del fichero\u00a0\u00a0El\u00a0PROPIETARIO DE LA WEB\u00a0no solicita en su p\u00e1gina Web, datos a los internautas que la visiten, salvo datos meramente identificativos, por lo tanto, la comunicaci\u00f3n de datos personales por el usuario al\u00a0PROPIETARIO DE LA WEB\u00a0a trav\u00e9s de su p\u00e1gina Web \u00fanicamente puede entenderse que tendr\u00e1 lugar cuando \u00e9stos voluntariamente utilicen el servicio de formulario de contacto para ponerse en contacto con el\u00a0PROPIETARIO DE LA WEB, dado que en estos casos el tratamiento de los datos es inevitable e impl\u00edcito al sistema de comunicaci\u00f3n. Para estos casos y los descritos en el siguiente apartado, la entidad, informa al cliente que el tratamiento de los datos se realiza con las siguientes finalidades: Llevar a cabo todas las gestiones relacionadas con la elaboraci\u00f3n de presupuestos, contrataci\u00f3n y prestaci\u00f3n de servicios del\u00a0PROPIETARIO DE LA WEB, a la empresa a la que pertenece o en su caso al interesado que lo solicite. As\u00ed como atender y contestar las comunicaciones recibidas y las de prospecci\u00f3n comercial para mantener informado a los usuarios de eventuales promociones.<\/p>\n<p style=\"text-align: justify;\">D.- Consentimiento\u00a0\u00a0Se informa que, cuando el usuario no mantenga relaciones comerciales con el\u00a0PROPIETARIO DE LA WEB, y realice el env\u00edo de un correo electr\u00f3nico o una comunicaci\u00f3n al\u00a0PROPIETARIO DE LA WEB, indicando otros datos personales, dicho usuario estar\u00e1 dando su consentimiento libre, inequ\u00edvoco, espec\u00edfico, informado y expreso para el tratamiento de sus datos personales por el\u00a0PROPIETARIO DE LA WEB, con las finalidades establecidas anteriormente, as\u00ed como atender su comunicaci\u00f3n o enviar documentaci\u00f3n.\u00a0\u00a0A los mismos efectos, el\u00a0PROPIETARIO DE LA WEB\u00a0informa que, si el cliente env\u00eda un correo electr\u00f3nico o comunica al\u00a0PROPIETARIO DE LA WEB\u00a0sus datos personales en raz\u00f3n del cargo que ocupa en una empresa, ya sea como administrador, gerente, representante y\/o cualquier otro cargo como persona de contacto en la empresa, se entender\u00e1 que tal comunicaci\u00f3n conlleva la prestaci\u00f3n de su consentimiento libre, inequ\u00edvoco, espec\u00edfico, informado y expreso para el tratamiento de sus datos personales por el\u00a0PROPIETARIO DE LA WEB, con las finalidades establecidas anteriormente.<\/p>\n<p style=\"text-align: justify;\">E.- Identificaci\u00f3n de los destinatarios\u00a0respecto de los que el\u00a0PROPIETARIO DE LA WEB\u00a0tenga previsto la realizaci\u00f3n de cesiones o acceso a datos por cuenta de terceros. El\u00a0PROPIETARIO DE LA WEB\u00a0\u00fanicamente tiene prevista la realizaci\u00f3n de cesiones o comunicaciones de datos que en raz\u00f3n del art\u00edculo 11.2.c. de la Ley Org\u00e1nica 15\/99 de protecci\u00f3n de datos de car\u00e1cter personal (en adelante LOPD) deba realizar para atender sus obligaciones con las Administraciones P\u00fablicas, Organismos o personas directamente relacionadas con el\u00a0PROPIETARIO DE LA WEB, en los casos que as\u00ed se requiera de acuerdo con la Legislaci\u00f3n vigente en cada materia y en cada momento.\u00a0\u00a0Igualmente el\u00a0PROPIETARIO DE LA WEB\u00a0pone en conocimiento del usuario, que cualquier otra cesi\u00f3n de datos que deba realizar, ser\u00e1 puesta en su conocimiento cuando as\u00ed lo prevea la LOPD, inform\u00e1ndole de modo expreso, preciso e inequ\u00edvoco de los destinatarios de la informaci\u00f3n, de la finalidad a que se destinar\u00e1n los datos, y de la naturaleza de los datos cedidos, o en su caso, cuando la LOPD lo establezca, previamente, se solicitar\u00e1 el consentimiento inequ\u00edvoco espec\u00edfico e informado al usuario.\u00a0\u00a0No obstante, el\u00a0PROPIETARIO DE LA WEB\u00a0informa al usuario y al cliente, que cualquier tratamiento de datos personales, se sujeta a la legislaci\u00f3n vigente en Espa\u00f1a en materia de protecci\u00f3n de datos, establecida por la LOPD y su normativa complementaria y de desarrollo. En este sentido, el\u00a0PROPIETARIO DE LA WEB\u00a0s\u00f3lo es responsable y garantiza la confidencialidad de los datos de car\u00e1cter personal que solicite al usuario a trav\u00e9s de la p\u00e1gina Web.<\/p>\n<p style=\"text-align: justify;\">F.- Calidad de los datos.\u00a0\u00a0El\u00a0PROPIETARIO DE LA WEB\u00a0advierte al usuario, que salvo la existencia de una representaci\u00f3n legalmente constituida, ning\u00fan usuario puede utilizar la identidad de otra persona y comunicar sus datos personales, por lo que el usuario en todo momento deber\u00e1 tener en cuenta que, s\u00f3lo puede incluir datos personales correspondientes a su propia identidad y que sean adecuados, pertinentes, actuales, exactos y verdaderos. A tales efectos, el usuario ser\u00e1 el \u00fanico responsable frente a cualquier da\u00f1o, directo y\/o indirecto que cause a terceros o al\u00a0PROPIETARIO DE LA WEB, por el uso de datos personales de otra persona, o sus propios datos personales cuando sean falsos, err\u00f3neos, no actuales, inadecuados o impertinentes. Igualmente el usuario que utilice los datos personales de un tercero, responder\u00e1 ante \u00e9ste de la obligaci\u00f3n de informaci\u00f3n establecida en el art\u00edculo 5.4 de la LOPD para cuando los datos de car\u00e1cter personal no hayan sido recabados del propio interesado, y\/o de las consecuencias de no haberle informado.<\/p>\n<p style=\"text-align: justify;\">G.- Ejercicio de los derechos de Acceso, Rectificaci\u00f3n, Cancelaci\u00f3n y Oposici\u00f3n, de los datos.\u00a0\u00a0El\u00a0PROPIETARIO DE LA WEB\u00a0informa al usuario de la posibilidad de ejercitar sus derechos de acceso, rectificaci\u00f3n, cancelaci\u00f3n y oposici\u00f3n mediante solicitud escrita dirigida al\u00a0PROPIETARIO DE LA WEB\u00a0en la siguiente direcci\u00f3n:\u00a0<a href=\"mailto:a30@articulo30.org\">a30@articulo30.org<\/a>.<\/p>\n<p style=\"text-align: justify;\">H.- Uso de formularios para la recogida de datos personales.\u00a0\u00a0En los formularios de contacto existentes en la web, donde se recogen datos de car\u00e1cter personal, el usuario deber\u00e1 consentir de manera expresa y con car\u00e1cter previo al env\u00edo de los mismos, la aceptaci\u00f3n y conocimiento de la pol\u00edtica de privacidad mediante la cumplimentaci\u00f3n del check \u00abhe le\u00eddo y acepto la pol\u00edtica de privacidad\u00bb, y a cuyo contenido podr\u00e1 tener acceso mediante el enlace adjunto que le remitir\u00e1 el presente aviso legal. Si el campo check no fuere marcado por el usuario, no se realizar\u00e1 el env\u00edo de los datos contenidos en dichos formularios.<\/p>\n<p style=\"text-align: justify;\">I.- Medidas de seguridad adoptadas con relaci\u00f3n al tratamiento de los datos personales.\u00a0\u00a0El\u00a0PROPIETARIO DE LA WEB\u00a0informa al usuario que, de conformidad con lo dispuesto en la LOPD y el Reglamento de Medidas de Seguridad, ha adoptado las medidas de \u00edndole t\u00e9cnica y organizativas necesarias para garantizar la seguridad de los datos de car\u00e1cter personal y evitar la alteraci\u00f3n, p\u00e9rdida, tratamiento o acceso no autorizado, habida cuenta del estado de la tecnolog\u00eda, la naturaleza de los datos almacenados y los riesgos a que est\u00e1n expuestos. Igualmente el\u00a0PROPIETARIO DE LA WEB\u00a0garantiza al usuario el cumplimiento del deber de secreto profesional respecto de los datos personales de los usuarios y del deber de guardarlos.<\/p>\n<h4 style=\"text-align: justify;\"><b>5) PROPIEDAD INTELECTUAL E INDUSTRIAL<\/b><\/h4>\n<p style=\"text-align: justify;\">En virtud de lo dispuesto en los art\u00edculos 8 y 32.1, p\u00e1rrafo segundo, de la Ley de Propiedad Intelectual, quedan expresamente prohibidas la reproducci\u00f3n, la distribuci\u00f3n y la comunicaci\u00f3n p\u00fablica de los contenidos, con fines comerciales, en cualquier soporte y por cualquier medio t\u00e9cnico, sin la autorizaci\u00f3n del\u00a0PROPIETARIO DE LA WEB.<\/p>\n<p style=\"text-align: justify;\">Todos los contenidos del sitio web, constituyen una obra cuya propiedad pertenece al\u00a0PROPIETARIO DE LA WEB, sin que puedan entenderse cedidos al usuario ninguno de los derechos de explotaci\u00f3n sobre los mismos, m\u00e1s all\u00e1 de lo estrictamente necesario para el correcto uso de la web.\u00a0\u00a0En definitiva, los usuarios que accedan a este sitio web pueden visualizar los contenidos y efectuar, en su caso, copias privadas autorizadas siempre que los elementos reproducidos no sean cedidos posteriormente a terceros, ni se instalen a servidores conectados a redes, ni sean objeto de ning\u00fan tipo de explotaci\u00f3n comercial.<\/p>\n<p style=\"text-align: justify;\">Asimismo, todas las marcas, nombres comerciales o signos distintivos de cualquier clase que aparecen en el sitio web son propiedad del\u00a0PROPIETARIO DE LA WEB, sin que pueda entenderse que el uso o acceso al mismo atribuya al usuario derecho alguno sobre los mismos.<\/p>\n<p style=\"text-align: justify;\">El establecimiento de un h\u00edper enlace no implica en ning\u00fan caso la existencia de relaciones entre el\u00a0PROPIETARIO DE LA WEB\u00a0y el propietario del sitio web en la que se establezca, ni la aceptaci\u00f3n y aprobaci\u00f3n por parte del\u00a0PROPIETARIO DELA WEB\u00a0de sus contenidos o servicios. Aquellas personas que se propongan establecer un h\u00edper enlace, previamente deber\u00e1n solicitar autorizaci\u00f3n por escrito al\u00a0PROPIETARIO DE LA WEB. En todo caso, el hiperenlace \u00fanicamente permitir\u00e1 el acceso a la home-page o p\u00e1gina de inicio de nuestro sitio web, asimismo deber\u00e1 abstenerse de realizar manifestaciones o indicaciones falsas, inexactas o incorrectas sobre el\u00a0PROPIETARIO DE LA WEB, o incluir contenidos il\u00edcitos, contrarios a las buenas costumbres y al orden p\u00fablico.<\/p>\n<p style=\"text-align: justify;\">El\u00a0PROPIETARIO DE LA WEB\u00a0no se responsabiliza del uso que cada usuario le d\u00e9 a los materiales puestos a disposici\u00f3n en este sitio web ni de las actuaciones que realice en base a los mismos.<\/p>\n<h4 style=\"text-align: justify;\"><b>6) EXCLUSI\u00d3N DE GARANT\u00cdAS Y DE RESPONSABILIDAD\u00a0<\/b><\/h4>\n<p style=\"text-align: justify;\">El contenido del presente sitio web es de car\u00e1cter general y tiene una finalidad meramente informativa, sin que se garantice plenamente el acceso a todos los contenidos, ni su exhaustividad, correcci\u00f3n, vigencia o actualidad, ni su idoneidad o utilidad para un objetivo espec\u00edfico.\u00a0\u00a0El\u00a0PROPIETARIO DE LA WEB\u00a0excluye, hasta donde permite el ordenamiento jur\u00eddico, cualquier responsabilidad por los da\u00f1os y perjuicios de toda naturaleza derivados de:<\/p>\n<p style=\"text-align: justify;\">a)\u00a0La imposibilidad de acceso al sitio web o la falta de veracidad, exactitud, exhaustividad y\/o actualidad de los contenidos, as\u00ed como\u00a0la existencia de vicios y defectos de toda clase de los contenidos transmitidos, difundidos, almacenados, puestos a disposici\u00f3n a los que se haya accedido a trav\u00e9s del sitio web o de los servicios que se ofrecen.<\/p>\n<p style=\"text-align: justify;\">b)\u00a0La presencia de virus o de otros elementos en los contenidos que puedan producir alteraciones en los sistemas inform\u00e1ticos, documentos electr\u00f3nicos o datos de los usuarios.<\/p>\n<p style=\"text-align: justify;\">c)\u00a0El incumplimiento de las leyes, la buena fe, el orden p\u00fablico, los usos del tr\u00e1fico y el presente aviso legal como consecuencia del uso incorrecto del sitio web. En particular, y a modo ejemplificativo, el\u00a0PROPIETARIO DE LA WEB\u00a0no se hace responsable de las actuaciones de terceros que vulneren derechos de propiedad intelectual e industrial, secretos empresariales, derechos al honor, a la intimidad personal, familiar y a la propia imagen, as\u00ed como la normativa en materia de competencia desleal y publicidad il\u00edcita.<\/p>\n<h4 style=\"text-align: justify;\"><strong>7) MODIFICACI\u00d3N DE LAS PRESENTES CONDICIONES Y DURACI\u00d3N\u00a0<\/strong><\/h4>\n<p style=\"text-align: justify;\">El\u00a0PROPIETARIO DE LA WEB\u00a0podr\u00e1 modificar en cualquier momento las condiciones aqu\u00ed determinadas, siendo debidamente publicadas como aqu\u00ed aparecen. La vigencia de las citadas condiciones ir\u00e1 en funci\u00f3n de su exposici\u00f3n y estar\u00e1n vigentes hasta que sean modificadas por otras debidamente publicadas.<\/p>\n<h4 style=\"text-align: justify;\"><strong>8) ENLACES\u00a0<\/strong><\/h4>\n<p style=\"text-align: justify;\">El\u00a0PROPIETARIO DE LA WEB\u00a0declina cualquier responsabilidad respecto a la informaci\u00f3n que se halle fuera de esta web y no sea gestionada directamente por nuestro webmaster. La funci\u00f3n de los links que aparecen en esta web, exclusivamente la de informar al usuario sobre la existencia de otras fuentes susceptibles de ampliar los contenidos que ofrece este sitio web. El\u00a0PROPIETARIO DE LA WEB\u00a0no garantiza ni se responsabiliza del funcionamiento o accesibilidad de los sitios enlazados. Ni sugiere, invita o recomienda la visita a los mismos, por lo que tampoco ser\u00e1 responsable del resultado obtenido. El\u00a0PROPIETARIO DE LA WEB\u00a0no se responsabiliza del establecimiento de hiperv\u00ednculos por parte de terceros.<\/p>\n<h4 style=\"text-align: justify;\"><strong>9) DERECHO DE EXCLUSI\u00d3N\u00a0<\/strong><\/h4>\n<p style=\"text-align: justify;\">El\u00a0PROPIETARIO DE LA WEB\u00a0se reserva el derecho a denegar o retirar el acceso a portal y\/o los servicios ofrecidos sin necesidad de preaviso, a instancia propia o de un tercero, a aquellos usuarios que incumplan las presentes Condiciones Generales de Uso del Portal.<\/p>\n<h4 style=\"text-align: justify;\"><strong>10) GENERALIDADES\u00a0<\/strong><\/h4>\n<p style=\"text-align: justify;\">En el caso de que cualquier usuario o un tercero considere que existen hechos o circunstancias que revelen el car\u00e1cter il\u00edcito de la utilizaci\u00f3n de cualquier contenido y\/o de la realizaci\u00f3n de cualquier actividad en las p\u00e1ginas web incluidas o accesibles a trav\u00e9s del sitio web, deber\u00e1 enviar una notificaci\u00f3n al\u00a0PROPIETARIO DE LA WEB, identific\u00e1ndose debidamente, especificando las supuestas infracciones y declarando expresamente y bajo su responsabilidad que la informaci\u00f3n proporcionada en la notificaci\u00f3n, es exacta.<\/p>\n<h4 style=\"text-align: justify;\"><strong>11) PUBLICACIONES\u00a0<\/strong><\/h4>\n<p style=\"text-align: justify;\">La informaci\u00f3n administrativa facilitada a trav\u00e9s del sitio web no sustituye la publicidad legal de las leyes, normativas, planes, disposiciones generales y actos que tengan que ser publicados formalmente a los diarios oficiales de las administraciones p\u00fablicas, que constituyen el \u00fanico instrumento que da fe de su autenticidad y contenido. La informaci\u00f3n disponible en este sitio web debe entenderse como una gu\u00eda.<\/p>\n<h4 style=\"text-align: justify;\"><strong>12) LEY APLICABLE Y JURISDICCI\u00d3N\u00a0<\/strong><\/h4>\n<p style=\"text-align: justify;\">Estas condiciones se regir\u00e1n o interpretar\u00e1n conforme a la legislaci\u00f3n espa\u00f1ola en aquello que no est\u00e9 expresamente establecido. El prestador y el usuario, acuerdan someter cualquier controversia que pudiera suscitarse de la prestaci\u00f3n de los productos o servicios objeto de \u00e9stas Condiciones, a los Juzgados y Tribunales del domicilio de\u00a0la asociaci\u00f3n.\u00a0\u00a0En el caso de que el usuario tenga su domicilio fuera de Espa\u00f1a, el prestador y el usuario, renuncian expresamente a cualquier otro foro, someti\u00e9ndose a los Juzgados y Tribunales del domicilio de\u00a0la asociaci\u00f3n.<\/p>\n","protected":false},"excerpt":{"rendered":"<p>1) IDENTIFICACI\u00d3N El presente aviso legal regula el uso del sitio web\u00a0articulo30.org\u00a0(en adelante,\u00a0LA WEB), del que es titular la Asociaci\u00f3n Art\u00edculo 30\u00a0\u00a0(en adelante,\u00a0PROPIETARIO DE LA WEB).\u00a0\u00a0El\u00a0PROPIETARIO DE LA WEB, en cumplimiento de la Ley 34\/2002, de 11 de julio, de servicios de la sociedad de la informaci\u00f3n y de comercio electr\u00f3nico, le informa que: Denominaci\u00f3n&#8230;<\/p>\n","protected":false},"author":11,"featured_media":0,"parent":0,"menu_order":0,"comment_status":"closed","ping_status":"closed","template":"","meta":{"footnotes":""},"class_list":["post-455","page","type-page","status-publish","hentry"],"_links":{"self":[{"href":"https:\/\/articulo30.org\/politica-defensa\/wp-json\/wp\/v2\/pages\/455","targetHints":{"allow":["GET"]}}],"collection":[{"href":"https:\/\/articulo30.org\/politica-defensa\/wp-json\/wp\/v2\/pages"}],"about":[{"href":"https:\/\/articulo30.org\/politica-defensa\/wp-json\/wp\/v2\/types\/page"}],"author":[{"embeddable":true,"href":"https:\/\/articulo30.org\/politica-defensa\/wp-json\/wp\/v2\/users\/11"}],"replies":[{"embeddable":true,"href":"https:\/\/articulo30.org\/politica-defensa\/wp-json\/wp\/v2\/comments?post=455"}],"version-history":[{"count":6,"href":"https:\/\/articulo30.org\/politica-defensa\/wp-json\/wp\/v2\/pages\/455\/revisions"}],"predecessor-version":[{"id":3196,"href":"https:\/\/articulo30.org\/politica-defensa\/wp-json\/wp\/v2\/pages\/455\/revisions\/3196"}],"wp:attachment":[{"href":"https:\/\/articulo30.org\/politica-defensa\/wp-json\/wp\/v2\/media?parent=455"}],"curies":[{"name":"wp","href":"https:\/\/api.w.org\/{rel}","templated":true}]}}