{"id":4646,"date":"2020-05-04T23:10:56","date_gmt":"2020-05-04T22:10:56","guid":{"rendered":"https:\/\/articulo30.org\/politica-defensa\/?page_id=4646"},"modified":"2022-11-29T13:30:31","modified_gmt":"2022-11-29T12:30:31","slug":"campus","status":"publish","type":"page","link":"https:\/\/articulo30.org\/politica-defensa\/campus\/","title":{"rendered":"Campus"},"content":{"rendered":"<p><span style=\"font-family: 'trebuchet ms', geneva, sans-serif; font-size: 16px; color: #000000;\">El proyecto <strong>Campus A30<\/strong> desea promover talento y liderazgo en el \u00e1mbito universitario en aquellos que sientan inter\u00e9s por los asuntos estrat\u00e9gicos de seguridad.<\/span><\/p>\n<p><span style=\"font-family: 'trebuchet ms', geneva, sans-serif; font-size: 16px; color: #000000;\">Mediante un conjunto de actividades se desea fomentar el an\u00e1lisis geopol\u00edtico, el pensamiento estrat\u00e9gico, la toma de decisiones y el acercamiento a los actores implicados p\u00fablicos y privados, como son empresas, centros de estudio y entidades estatales o gubernamentales. Ejemplos de estas actividades son asistencia a jornadas y debates, encuentros de networking, publicaci\u00f3n de an\u00e1lisis, presencia en podcasts y canales de difusi\u00f3n, y participaci\u00f3n en talleres y seminarios de desarrollo de habilidades directivas.<\/span><\/p>\n<p><span style=\"font-family: 'trebuchet ms', geneva, sans-serif; font-size: 16px; color: #000000;\">El <strong>Campus<\/strong> es una oportunidad para generar y multiplicar oportunidades, y para tener una primera experiencia en el mundo real de las relaciones internacionales, para promover la cultura de Defensa y para desarrollar competencias profesionales y de liderazgo al servicio de Espa\u00f1a.<\/span><\/p>\n<p><span style=\"font-family: 'trebuchet ms', geneva, sans-serif; font-size: 16px; color: #000000;\">Si deseas saber m\u00e1s o participar puedes contactar en <span style=\"color: #003366;\">campus@articulo30.org<\/span><\/span><\/p>\n","protected":false},"excerpt":{"rendered":"<p>El proyecto Campus A30 desea promover talento y liderazgo en el \u00e1mbito universitario en aquellos que sientan inter\u00e9s por los asuntos estrat\u00e9gicos de seguridad. Mediante un conjunto de actividades se desea fomentar el an\u00e1lisis geopol\u00edtico, el pensamiento estrat\u00e9gico, la toma de decisiones y el acercamiento a los actores implicados p\u00fablicos y privados, como son empresas,&#8230;<\/p>\n","protected":false},"author":4,"featured_media":0,"parent":0,"menu_order":0,"comment_status":"closed","ping_status":"closed","template":"","meta":{"footnotes":""},"class_list":["post-4646","page","type-page","status-publish","hentry"],"_links":{"self":[{"href":"https:\/\/articulo30.org\/politica-defensa\/wp-json\/wp\/v2\/pages\/4646","targetHints":{"allow":["GET"]}}],"collection":[{"href":"https:\/\/articulo30.org\/politica-defensa\/wp-json\/wp\/v2\/pages"}],"about":[{"href":"https:\/\/articulo30.org\/politica-defensa\/wp-json\/wp\/v2\/types\/page"}],"author":[{"embeddable":true,"href":"https:\/\/articulo30.org\/politica-defensa\/wp-json\/wp\/v2\/users\/4"}],"replies":[{"embeddable":true,"href":"https:\/\/articulo30.org\/politica-defensa\/wp-json\/wp\/v2\/comments?post=4646"}],"version-history":[{"count":13,"href":"https:\/\/articulo30.org\/politica-defensa\/wp-json\/wp\/v2\/pages\/4646\/revisions"}],"predecessor-version":[{"id":6186,"href":"https:\/\/articulo30.org\/politica-defensa\/wp-json\/wp\/v2\/pages\/4646\/revisions\/6186"}],"wp:attachment":[{"href":"https:\/\/articulo30.org\/politica-defensa\/wp-json\/wp\/v2\/media?parent=4646"}],"curies":[{"name":"wp","href":"https:\/\/api.w.org\/{rel}","templated":true}]}}