{"id":4878,"date":"2020-06-30T21:01:35","date_gmt":"2020-06-30T20:01:35","guid":{"rendered":"https:\/\/articulo30.org\/politica-defensa\/?page_id=4878"},"modified":"2022-11-29T13:31:18","modified_gmt":"2022-11-29T12:31:18","slug":"podcast","status":"publish","type":"page","link":"https:\/\/articulo30.org\/politica-defensa\/podcast\/","title":{"rendered":"Podcast"},"content":{"rendered":"<p><span style=\"font-family: 'trebuchet ms', geneva, sans-serif; font-size: 16px; color: #000000;\">El <em>podcast<\/em> \u00abAudio30\u00bb en <span style=\"color: #339966;\"><strong>Spotify<\/strong><\/span> tiene como objetivo compartir an\u00e1lisis sobre cuestiones estrat\u00e9gicas de seguridad y defensa, con una especial relevancia en los intereses de Espa\u00f1a y en comprender el porqu\u00e9 es relevante para ti.<\/span><\/p>\n<p><span style=\"font-family: 'trebuchet ms', geneva, sans-serif; font-size: 16px; color: #000000;\">En tan solo <strong>10 minutos<\/strong>, tratamos los temas m\u00e1s relevantes de nuestros an\u00e1lisis publicados en la web, con la participaci\u00f3n de sus autores y con entrevistas a expertos. Como es una plataforma c\u00f3moda y sencilla, podr\u00e1s complementar los contenidos de nuestra web y profundizar en los asuntos de mayor relevancia estrat\u00e9gica.<\/span><\/p>\n<p><span style=\"font-family: 'trebuchet ms', geneva, sans-serif; font-size: 16px; color: #000000;\">Gracias a la plataforma que comparten m\u00e1s de 280 millones de usuarios en todo el mundo, podr\u00e1s escuchar <strong>tu m\u00fasica favorita<\/strong> v\u00eda<em> streaming<\/em>, y alternarlo con contenidos en formato <em>podcast<\/em> de geopol\u00edtica, diplomacia, cooperaci\u00f3n, conflictos armados, inteligencia, pol\u00edtica de defensa, organismos internacionales, tecnolog\u00eda y tendencias, fuerzas armadas, pensamiento estrat\u00e9gico, etc. en cualquier parte, e incluso sin conexi\u00f3n a internet.<\/span><\/p>\n<p><span style=\"font-family: 'trebuchet ms', geneva, sans-serif; font-size: 16px; color: #000000;\">S\u00edguenos en \u00abAudio30\u00bb en <span style=\"color: #339966;\"><strong>Spotify<\/strong><\/span> y comparte contenidos. Recuerda que tambi\u00e9n t\u00fa eres protagonista de la Seguridad Nacional y que esta es una labor de todos. <\/span><\/p>\n<p><span style=\"font-family: 'trebuchet ms', geneva, sans-serif; font-size: 16px; color: #000000;\">\u00a1Dale <a href=\"https:\/\/open.spotify.com\/show\/5ay1bzMItUudD3dKGCFrv5?si=tKOmBQXtQpOJWXvzftW9TA\" target=\"_blank\" rel=\"noopener noreferrer\"><em>click<\/em><\/a> ahora y activa tu compromiso por la Defensa!<\/span><\/p>\n<p><span style=\"color: #ffffff;\">.<\/span><\/p>\n","protected":false},"excerpt":{"rendered":"<p>El podcast \u00abAudio30\u00bb en Spotify tiene como objetivo compartir an\u00e1lisis sobre cuestiones estrat\u00e9gicas de seguridad y defensa, con una especial relevancia en los intereses de Espa\u00f1a y en comprender el porqu\u00e9 es relevante para ti. En tan solo 10 minutos, tratamos los temas m\u00e1s relevantes de nuestros an\u00e1lisis publicados en la web, con la participaci\u00f3n&#8230;<\/p>\n","protected":false},"author":4,"featured_media":0,"parent":0,"menu_order":0,"comment_status":"closed","ping_status":"closed","template":"","meta":{"footnotes":""},"class_list":["post-4878","page","type-page","status-publish","hentry"],"_links":{"self":[{"href":"https:\/\/articulo30.org\/politica-defensa\/wp-json\/wp\/v2\/pages\/4878","targetHints":{"allow":["GET"]}}],"collection":[{"href":"https:\/\/articulo30.org\/politica-defensa\/wp-json\/wp\/v2\/pages"}],"about":[{"href":"https:\/\/articulo30.org\/politica-defensa\/wp-json\/wp\/v2\/types\/page"}],"author":[{"embeddable":true,"href":"https:\/\/articulo30.org\/politica-defensa\/wp-json\/wp\/v2\/users\/4"}],"replies":[{"embeddable":true,"href":"https:\/\/articulo30.org\/politica-defensa\/wp-json\/wp\/v2\/comments?post=4878"}],"version-history":[{"count":11,"href":"https:\/\/articulo30.org\/politica-defensa\/wp-json\/wp\/v2\/pages\/4878\/revisions"}],"predecessor-version":[{"id":6188,"href":"https:\/\/articulo30.org\/politica-defensa\/wp-json\/wp\/v2\/pages\/4878\/revisions\/6188"}],"wp:attachment":[{"href":"https:\/\/articulo30.org\/politica-defensa\/wp-json\/wp\/v2\/media?parent=4878"}],"curies":[{"name":"wp","href":"https:\/\/api.w.org\/{rel}","templated":true}]}}