{"id":5773,"date":"2021-05-20T18:02:08","date_gmt":"2021-05-20T17:02:08","guid":{"rendered":"https:\/\/articulo30.org\/politica-defensa\/?page_id=5773"},"modified":"2022-11-29T13:41:28","modified_gmt":"2022-11-29T12:41:28","slug":"workshops","status":"publish","type":"page","link":"https:\/\/articulo30.org\/politica-defensa\/workshops\/","title":{"rendered":"Workshops"},"content":{"rendered":"\n\n<div class=\"wrapper-posts box-recent type-pagination layout-list\" data-layout=\"list\" data-paged=\"2\" data-col=\"col-xs-12 col-1\" data-cat=\"workshops\" data-number=\"8\" data-ads=\"large-rectangle\">\n            <div class=\"box-title clearfix\">\n            <h2 class=\"title-left\">Workshops<\/h2>\n                    <\/div>\n        <span class=\"agr-loading\"><\/span>\n    <div class=\"tab-content\">\n        <div id=\"allCat\" class=\"archive-blog affect-isotope row active description-show\">\n                            \n                        <div class=\"col-item col-xs-12 col-1\">\n                            <article  class=\"post-item post-list clearfix post-6458 post type-post status-publish format-standard has-post-thumbnail hentry category-conflictos category-cultura-estrategica category-estrategias category-iniciativas category-workshops tag-cultura-de-defensa tag-estrategia tag-geopolitica\">\n    <div class=\"article-image\">\n                                <div class=\"post-image\">\n                <span class=\"bgr-item\"><\/span>\n                <a href=\"https:\/\/articulo30.org\/politica-defensa\/guerra-comprender-conflictos-siglo-xxi\/\">\n                    <img decoding=\"async\"  class=\"lazy\" src=\"https:\/\/articulo30.org\/politica-defensa\/wp-content\/themes\/nerubian\/assets\/images\/layzyload-list.jpg\"  data-src=\"https:\/\/articulo30.org\/politica-defensa\/wp-content\/uploads\/WebinarA30-292x190.jpg\" alt=\"post-image\"\/>\n                <\/a>\n                            <\/div>\n\n                \n    <\/div>\n    <div class=\"article-content \">\n\n        <div class=\"entry-header clearfix\">\n            <span class=\"post-cat\">                <a href=\"https:\/\/articulo30.org\/politica-defensa\/seccion\/conflictos\/\"   title=\"\" >Conflictos<\/a>\n                                             <a href=\"https:\/\/articulo30.org\/politica-defensa\/seccion\/cultura-estrategica\/\"  title=\"\" >Cultura Estrat\u00e9gica<\/a>\n                             <a href=\"https:\/\/articulo30.org\/politica-defensa\/seccion\/estrategias\/\"  title=\"\" >Estrategias<\/a>\n                             <a href=\"https:\/\/articulo30.org\/politica-defensa\/seccion\/iniciativas\/\"  title=\"\" >Iniciativas<\/a>\n                             <a href=\"https:\/\/articulo30.org\/politica-defensa\/seccion\/workshops\/\"  title=\"\" >Workshops<\/a>\n            <\/span>\n            <header class=\"entry-header-title\">\n                <h3 class=\"entry-title\"><a href=\"https:\/\/articulo30.org\/politica-defensa\/guerra-comprender-conflictos-siglo-xxi\/\" rel=\"bookmark\">La Guerra. Comprender los conflictos del siglo XXI<\/a><\/h3>            <\/header>\n        <\/div>\n        <div class=\"article-meta clearfix\">\n            <span class=\"posted-on\"><i class=\"fa fa-clock-o\" aria-hidden=\"true\"><\/i><span class=\"screen-reader-text\">Posted on <\/span><a href=\"https:\/\/articulo30.org\/politica-defensa\/guerra-comprender-conflictos-siglo-xxi\/\" rel=\"bookmark\"><time class=\"entry-date published\" datetime=\"2024-05-21T15:32:05+01:00\">21\/05\/2024<\/time><time class=\"updated\" datetime=\"2025-01-21T10:23:06+01:00\">21\/01\/2025<\/time><\/a><\/span>\t<div class=\"entry-meta-right\">\n\t\t\t\t\t<\/div>\n\n        <\/div>\n        <div class=\"entry-content\">\n            CF Federico Aznar Fern\u00e1ndez-MontesinosDoctor y analista del Instituto Espa\u00f1ol de Estudios Estrat\u00e9gicos (IEEE) El objetivo de este webinar es profundizar en el pensamiento estrat\u00e9gico y poder comprender la guerra...\n        <\/div>\n\n    <\/div>\n<\/article><!-- #post-## -->\n                        <\/div>\n\n                        \n                        <div class=\"col-item col-xs-12 col-1\">\n                            <article  class=\"post-item post-list clearfix post-6093 post type-post status-publish format-standard has-post-thumbnail hentry category-conflictos category-iniciativas category-workshops tag-africa tag-analisis-de-conflictos tag-etiopia tag-webinar\">\n    <div class=\"article-image\">\n                                <div class=\"post-image\">\n                <span class=\"bgr-item\"><\/span>\n                <a href=\"https:\/\/articulo30.org\/politica-defensa\/analisis-conflicto-etiopia\/\">\n                    <img decoding=\"async\"  class=\"lazy\" src=\"https:\/\/articulo30.org\/politica-defensa\/wp-content\/themes\/nerubian\/assets\/images\/layzyload-list.jpg\"  data-src=\"https:\/\/articulo30.org\/politica-defensa\/wp-content\/uploads\/Etiopia1-292x190.jpg\" alt=\"post-image\"\/>\n                <\/a>\n                            <\/div>\n\n                \n    <\/div>\n    <div class=\"article-content \">\n\n        <div class=\"entry-header clearfix\">\n            <span class=\"post-cat\">                <a href=\"https:\/\/articulo30.org\/politica-defensa\/seccion\/conflictos\/\"   title=\"\" >Conflictos<\/a>\n                                             <a href=\"https:\/\/articulo30.org\/politica-defensa\/seccion\/iniciativas\/\"  title=\"\" >Iniciativas<\/a>\n                             <a href=\"https:\/\/articulo30.org\/politica-defensa\/seccion\/workshops\/\"  title=\"\" >Workshops<\/a>\n            <\/span>\n            <header class=\"entry-header-title\">\n                <h3 class=\"entry-title\"><a href=\"https:\/\/articulo30.org\/politica-defensa\/analisis-conflicto-etiopia\/\" rel=\"bookmark\">El conflicto de Etiop\u00eda, \u00bfposible guerra civil?<\/a><\/h3>            <\/header>\n        <\/div>\n        <div class=\"article-meta clearfix\">\n            <span class=\"posted-on\"><i class=\"fa fa-clock-o\" aria-hidden=\"true\"><\/i><span class=\"screen-reader-text\">Posted on <\/span><a href=\"https:\/\/articulo30.org\/politica-defensa\/analisis-conflicto-etiopia\/\" rel=\"bookmark\"><time class=\"entry-date published\" datetime=\"2022-03-29T21:00:12+01:00\">29\/03\/2022<\/time><time class=\"updated\" datetime=\"2022-08-03T13:14:46+01:00\">03\/08\/2022<\/time><\/a><\/span>\t<div class=\"entry-meta-right\">\n\t\t\t\t\t<\/div>\n\n        <\/div>\n        <div class=\"entry-content\">\n            WEBINAR 29 Marzo 2022 En noviembre de 2020 se desencaden\u00f3 en Etiop\u00eda una&nbsp;ofensiva militar contra el Frente de Liberaci\u00f3n Popular de Tigray&nbsp;(FLPT), el partido nacionalista que gobierna en la...\n        <\/div>\n\n    <\/div>\n<\/article><!-- #post-## -->\n                        <\/div>\n\n                        \n                        <div class=\"col-item col-xs-12 col-1\">\n                            <article  class=\"post-item post-list clearfix post-5998 post type-post status-publish format-standard has-post-thumbnail hentry category-cultura-estrategica category-iniciativas category-workshops tag-analisis-de-conflictos tag-argentina tag-conflictos tag-estrategia tag-geopolitica tag-reino-unido\">\n    <div class=\"article-image\">\n                                <div class=\"post-image\">\n                <span class=\"bgr-item\"><\/span>\n                <a href=\"https:\/\/articulo30.org\/politica-defensa\/guerra-de-malvinas-40-aniversario\/\">\n                    <img decoding=\"async\"  class=\"lazy\" src=\"https:\/\/articulo30.org\/politica-defensa\/wp-content\/themes\/nerubian\/assets\/images\/layzyload-list.jpg\"  data-src=\"https:\/\/articulo30.org\/politica-defensa\/wp-content\/uploads\/guerra-malvinas-40-292x190.jpg\" alt=\"post-image\"\/>\n                <\/a>\n                            <\/div>\n\n                \n    <\/div>\n    <div class=\"article-content \">\n\n        <div class=\"entry-header clearfix\">\n            <span class=\"post-cat\">                <a href=\"https:\/\/articulo30.org\/politica-defensa\/seccion\/cultura-estrategica\/\"   title=\"\" >Cultura Estrat\u00e9gica<\/a>\n                                             <a href=\"https:\/\/articulo30.org\/politica-defensa\/seccion\/iniciativas\/\"  title=\"\" >Iniciativas<\/a>\n                             <a href=\"https:\/\/articulo30.org\/politica-defensa\/seccion\/workshops\/\"  title=\"\" >Workshops<\/a>\n            <\/span>\n            <header class=\"entry-header-title\">\n                <h3 class=\"entry-title\"><a href=\"https:\/\/articulo30.org\/politica-defensa\/guerra-de-malvinas-40-aniversario\/\" rel=\"bookmark\">Guerra de Malvinas 40\u00ba Aniversario: estrategia y lecciones aprendidas<\/a><\/h3>            <\/header>\n        <\/div>\n        <div class=\"article-meta clearfix\">\n            <span class=\"posted-on\"><i class=\"fa fa-clock-o\" aria-hidden=\"true\"><\/i><span class=\"screen-reader-text\">Posted on <\/span><a href=\"https:\/\/articulo30.org\/politica-defensa\/guerra-de-malvinas-40-aniversario\/\" rel=\"bookmark\"><time class=\"entry-date published\" datetime=\"2022-02-09T23:30:18+01:00\">09\/02\/2022<\/time><time class=\"updated\" datetime=\"2022-02-14T15:24:37+01:00\">14\/02\/2022<\/time><\/a><\/span>\t<div class=\"entry-meta-right\">\n\t\t\t\t\t<\/div>\n\n        <\/div>\n        <div class=\"entry-content\">\n            WEBINAR 9 Febrero 2022 Este a\u00f1o se cumple el 40 aniversario de la Guerra de Malvinas, el enfrentamiento armado que tuvo lugar entre Argentina y Reino Unido en 1982....\n        <\/div>\n\n    <\/div>\n<\/article><!-- #post-## -->\n                        <\/div>\n\n                        \n                        <div class=\"col-item col-xs-12 col-1\">\n                            <article  class=\"post-item post-list clearfix post-5938 post type-post status-publish format-standard has-post-thumbnail hentry category-iniciativas category-workshops tag-espana tag-estrategia-seguridad-nacional tag-geopolitica tag-politica-de-defensa\">\n    <div class=\"article-image\">\n                                <div class=\"post-image\">\n                <span class=\"bgr-item\"><\/span>\n                <a href=\"https:\/\/articulo30.org\/politica-defensa\/debate-congreso-diputados-2021\/\">\n                    <img decoding=\"async\"  class=\"lazy\" src=\"https:\/\/articulo30.org\/politica-defensa\/wp-content\/themes\/nerubian\/assets\/images\/layzyload-list.jpg\"  data-src=\"https:\/\/articulo30.org\/politica-defensa\/wp-content\/uploads\/mesa-redonda-politica-defensa-espana-congreso-2021-292x190.jpg\" alt=\"post-image\"\/>\n                <\/a>\n                            <\/div>\n\n                \n    <\/div>\n    <div class=\"article-content \">\n\n        <div class=\"entry-header clearfix\">\n            <span class=\"post-cat\">                <a href=\"https:\/\/articulo30.org\/politica-defensa\/seccion\/iniciativas\/\"   title=\"\" >Iniciativas<\/a>\n                                             <a href=\"https:\/\/articulo30.org\/politica-defensa\/seccion\/workshops\/\"  title=\"\" >Workshops<\/a>\n            <\/span>\n            <header class=\"entry-header-title\">\n                <h3 class=\"entry-title\"><a href=\"https:\/\/articulo30.org\/politica-defensa\/debate-congreso-diputados-2021\/\" rel=\"bookmark\">Debate sobre Pol\u00edtica de Defensa 2021<\/a><\/h3>            <\/header>\n        <\/div>\n        <div class=\"article-meta clearfix\">\n            <span class=\"posted-on\"><i class=\"fa fa-clock-o\" aria-hidden=\"true\"><\/i><span class=\"screen-reader-text\">Posted on <\/span><a href=\"https:\/\/articulo30.org\/politica-defensa\/debate-congreso-diputados-2021\/\" rel=\"bookmark\"><time class=\"entry-date published\" datetime=\"2021-11-05T01:00:00+01:00\">05\/11\/2021<\/time><time class=\"updated\" datetime=\"2022-03-08T15:32:22+01:00\">08\/03\/2022<\/time><\/a><\/span>\t<div class=\"entry-meta-right\">\n\t\t\t\t\t<\/div>\n\n        <\/div>\n        <div class=\"entry-content\">\n            En colaboraci\u00f3n de la Asociaci\u00f3n de Diplomados en Altos Estudios de la Defensa Nacional (ADALEDE), organizamos un debate en el Congreso de los Diputados sobre \u00abLa Pol\u00edtica de Defensa...\n        <\/div>\n\n    <\/div>\n<\/article><!-- #post-## -->\n                        <\/div>\n\n                        \n                        <div class=\"col-item col-xs-12 col-1\">\n                            <article  class=\"post-item post-list clearfix post-5804 post type-post status-publish format-standard has-post-thumbnail hentry category-iniciativas category-inteligencia category-workshops tag-campus tag-estrategia tag-inteligencia tag-jornadas-profesionales tag-tecnologia\">\n    <div class=\"article-image\">\n                                <div class=\"post-image\">\n                <span class=\"bgr-item\"><\/span>\n                <a href=\"https:\/\/articulo30.org\/politica-defensa\/jornadas-profesionales-inteligencia-corporativa-analisis\/\">\n                    <img decoding=\"async\"  class=\"lazy\" src=\"https:\/\/articulo30.org\/politica-defensa\/wp-content\/themes\/nerubian\/assets\/images\/layzyload-list.jpg\"  data-src=\"https:\/\/articulo30.org\/politica-defensa\/wp-content\/uploads\/inteligencia-analisis-292x190.jpeg\" alt=\"post-image\"\/>\n                <\/a>\n                            <\/div>\n\n                \n    <\/div>\n    <div class=\"article-content \">\n\n        <div class=\"entry-header clearfix\">\n            <span class=\"post-cat\">                <a href=\"https:\/\/articulo30.org\/politica-defensa\/seccion\/iniciativas\/\"   title=\"\" >Iniciativas<\/a>\n                                             <a href=\"https:\/\/articulo30.org\/politica-defensa\/seccion\/inteligencia\/\"  title=\"\" >Inteligencia<\/a>\n                             <a href=\"https:\/\/articulo30.org\/politica-defensa\/seccion\/workshops\/\"  title=\"\" >Workshops<\/a>\n            <\/span>\n            <header class=\"entry-header-title\">\n                <h3 class=\"entry-title\"><a href=\"https:\/\/articulo30.org\/politica-defensa\/jornadas-profesionales-inteligencia-corporativa-analisis\/\" rel=\"bookmark\">Inteligencia Corporativa y An\u00e1lisis<\/a><\/h3>            <\/header>\n        <\/div>\n        <div class=\"article-meta clearfix\">\n            <span class=\"posted-on\"><i class=\"fa fa-clock-o\" aria-hidden=\"true\"><\/i><span class=\"screen-reader-text\">Posted on <\/span><a href=\"https:\/\/articulo30.org\/politica-defensa\/jornadas-profesionales-inteligencia-corporativa-analisis\/\" rel=\"bookmark\"><time class=\"entry-date published\" datetime=\"2021-06-08T10:00:12+01:00\">08\/06\/2021<\/time><time class=\"updated\" datetime=\"2021-07-16T11:25:39+01:00\">16\/07\/2021<\/time><\/a><\/span>\t<div class=\"entry-meta-right\">\n\t\t\t\t\t<\/div>\n\n        <\/div>\n        <div class=\"entry-content\">\n            JORNADAS PROFESIONALES 15 Junio 2021 La sesi\u00f3n del mes de junio del programa Jornadas Profesionales ha estado dedicada a las actividades aplicadas a consultor\u00eda y gesti\u00f3n relacionadas con los...\n        <\/div>\n\n    <\/div>\n<\/article><!-- #post-## -->\n                        <\/div>\n\n                        \n                        <div class=\"col-item col-xs-12 col-1\">\n                            <article  class=\"post-item post-list clearfix post-5730 post type-post status-publish format-standard has-post-thumbnail hentry category-ciberseguridad category-iniciativas category-workshops tag-ciberseguridad tag-conflictos-hibridos tag-inteligencia tag-inteligencia-artificial tag-tecnologia\">\n    <div class=\"article-image\">\n                                <div class=\"post-image\">\n                <span class=\"bgr-item\"><\/span>\n                <a href=\"https:\/\/articulo30.org\/politica-defensa\/ciberseguridad-tecnologias-emergentes-andrea-g-rodriguez\/\">\n                    <img decoding=\"async\"  class=\"lazy\" src=\"https:\/\/articulo30.org\/politica-defensa\/wp-content\/themes\/nerubian\/assets\/images\/layzyload-list.jpg\"  data-src=\"https:\/\/articulo30.org\/politica-defensa\/wp-content\/uploads\/ciberseguridad-andrea-g-rodriguez-e1619531436235-292x190.jpg\" alt=\"post-image\"\/>\n                <\/a>\n                            <\/div>\n\n                \n    <\/div>\n    <div class=\"article-content \">\n\n        <div class=\"entry-header clearfix\">\n            <span class=\"post-cat\">                <a href=\"https:\/\/articulo30.org\/politica-defensa\/seccion\/ciberseguridad\/\"   title=\"\" >Ciberseguridad<\/a>\n                                             <a href=\"https:\/\/articulo30.org\/politica-defensa\/seccion\/iniciativas\/\"  title=\"\" >Iniciativas<\/a>\n                             <a href=\"https:\/\/articulo30.org\/politica-defensa\/seccion\/workshops\/\"  title=\"\" >Workshops<\/a>\n            <\/span>\n            <header class=\"entry-header-title\">\n                <h3 class=\"entry-title\"><a href=\"https:\/\/articulo30.org\/politica-defensa\/ciberseguridad-tecnologias-emergentes-andrea-g-rodriguez\/\" rel=\"bookmark\">Webinar \u00abCiberseguridad y tecnolog\u00edas emergentes\u00bb<\/a><\/h3>            <\/header>\n        <\/div>\n        <div class=\"article-meta clearfix\">\n            <span class=\"posted-on\"><i class=\"fa fa-clock-o\" aria-hidden=\"true\"><\/i><span class=\"screen-reader-text\">Posted on <\/span><a href=\"https:\/\/articulo30.org\/politica-defensa\/ciberseguridad-tecnologias-emergentes-andrea-g-rodriguez\/\" rel=\"bookmark\"><time class=\"entry-date published\" datetime=\"2021-04-29T21:00:54+01:00\">29\/04\/2021<\/time><time class=\"updated\" datetime=\"2021-06-03T11:41:48+01:00\">03\/06\/2021<\/time><\/a><\/span>\t<div class=\"entry-meta-right\">\n\t\t\t\t\t<\/div>\n\n        <\/div>\n        <div class=\"entry-content\">\n            WEBINAR 29 Abril 2021 El webinar del mes de abril estuvo dedicado a Ciberseguridad y tecnolog\u00edas emergentes y contamos con la participaci\u00f3n de&nbsp;Andrea G. Rodr\u00edguez, investigadora del Barcelona Centre...\n        <\/div>\n\n    <\/div>\n<\/article><!-- #post-## -->\n                        <\/div>\n\n                        \n                        <div class=\"col-item col-xs-12 col-1\">\n                            <article  class=\"post-item post-list clearfix post-5379 post type-post status-publish format-standard has-post-thumbnail hentry category-iniciativas category-workshops tag-analisis-de-conflictos tag-emiratos-arabes-unidos-uae tag-estados-unidos tag-geopolitica tag-israel tag-oriente-medio tag-union-europea tag-webinar\">\n    <div class=\"article-image\">\n                                <div class=\"post-image\">\n                <span class=\"bgr-item\"><\/span>\n                <a href=\"https:\/\/articulo30.org\/politica-defensa\/webinar-acuerdos-de-abraham\/\">\n                    <img decoding=\"async\"  class=\"lazy\" src=\"https:\/\/articulo30.org\/politica-defensa\/wp-content\/themes\/nerubian\/assets\/images\/layzyload-list.jpg\"  data-src=\"https:\/\/articulo30.org\/politica-defensa\/wp-content\/uploads\/Webinar_Acuerdos-de-Abraham-292x190.jpg\" alt=\"post-image\"\/>\n                <\/a>\n                            <\/div>\n\n                \n    <\/div>\n    <div class=\"article-content \">\n\n        <div class=\"entry-header clearfix\">\n            <span class=\"post-cat\">                <a href=\"https:\/\/articulo30.org\/politica-defensa\/seccion\/iniciativas\/\"   title=\"\" >Iniciativas<\/a>\n                                             <a href=\"https:\/\/articulo30.org\/politica-defensa\/seccion\/workshops\/\"  title=\"\" >Workshops<\/a>\n            <\/span>\n            <header class=\"entry-header-title\">\n                <h3 class=\"entry-title\"><a href=\"https:\/\/articulo30.org\/politica-defensa\/webinar-acuerdos-de-abraham\/\" rel=\"bookmark\">Webinar: \u00abLos Acuerdos de Abraham\u00bb<\/a><\/h3>            <\/header>\n        <\/div>\n        <div class=\"article-meta clearfix\">\n            <span class=\"posted-on\"><i class=\"fa fa-clock-o\" aria-hidden=\"true\"><\/i><span class=\"screen-reader-text\">Posted on <\/span><a href=\"https:\/\/articulo30.org\/politica-defensa\/webinar-acuerdos-de-abraham\/\" rel=\"bookmark\"><time class=\"entry-date published\" datetime=\"2021-01-28T13:28:24+01:00\">28\/01\/2021<\/time><time class=\"updated\" datetime=\"2021-06-03T11:46:07+01:00\">03\/06\/2021<\/time><\/a><\/span>\t<div class=\"entry-meta-right\">\n\t\t\t\t\t<\/div>\n\n        <\/div>\n        <div class=\"entry-content\">\n            WEBINAR 28 Enero 2021 El webinar del mes de enero trat\u00f3 sobre uno de los hechos m\u00e1s relevantes que han tenido lugar en el \u00e1mbito de la pol\u00edtica exterior....\n        <\/div>\n\n    <\/div>\n<\/article><!-- #post-## -->\n                        <\/div>\n\n                        \n                        <div class=\"col-item col-xs-12 col-1\">\n                            <article  class=\"post-item post-list clearfix post-5307 post type-post status-publish format-standard has-post-thumbnail hentry category-iniciativas category-workshops tag-onu tag-osce tag-otan tag-union-europea tag-universidad\">\n    <div class=\"article-image\">\n                                <div class=\"post-image\">\n                <span class=\"bgr-item\"><\/span>\n                <a href=\"https:\/\/articulo30.org\/politica-defensa\/jornadas-profesionales-organizaciones-internacionales\/\">\n                    <img decoding=\"async\"  class=\"lazy\" src=\"https:\/\/articulo30.org\/politica-defensa\/wp-content\/themes\/nerubian\/assets\/images\/layzyload-list.jpg\"  data-src=\"https:\/\/articulo30.org\/politica-defensa\/wp-content\/uploads\/jornadas-profesionales-9-dic-2020-292x190.jpg\" alt=\"post-image\"\/>\n                <\/a>\n                            <\/div>\n\n                \n    <\/div>\n    <div class=\"article-content \">\n\n        <div class=\"entry-header clearfix\">\n            <span class=\"post-cat\">                <a href=\"https:\/\/articulo30.org\/politica-defensa\/seccion\/iniciativas\/\"   title=\"\" >Iniciativas<\/a>\n                                             <a href=\"https:\/\/articulo30.org\/politica-defensa\/seccion\/workshops\/\"  title=\"\" >Workshops<\/a>\n            <\/span>\n            <header class=\"entry-header-title\">\n                <h3 class=\"entry-title\"><a href=\"https:\/\/articulo30.org\/politica-defensa\/jornadas-profesionales-organizaciones-internacionales\/\" rel=\"bookmark\">Jornadas Profesionales: \u00abSeguridad y defensa en organizaciones internacionales\u00bb<\/a><\/h3>            <\/header>\n        <\/div>\n        <div class=\"article-meta clearfix\">\n            <span class=\"posted-on\"><i class=\"fa fa-clock-o\" aria-hidden=\"true\"><\/i><span class=\"screen-reader-text\">Posted on <\/span><a href=\"https:\/\/articulo30.org\/politica-defensa\/jornadas-profesionales-organizaciones-internacionales\/\" rel=\"bookmark\"><time class=\"entry-date published\" datetime=\"2020-12-10T09:30:57+01:00\">10\/12\/2020<\/time><time class=\"updated\" datetime=\"2021-06-03T11:48:23+01:00\">03\/06\/2021<\/time><\/a><\/span>\t<div class=\"entry-meta-right\">\n\t\t\t\t\t<\/div>\n\n        <\/div>\n        <div class=\"entry-content\">\n            JORNADAS PROFESIONALES 9 Diciembre 2020 Con la intenci\u00f3n de promover el inter\u00e9s laboral en el \u00e1mbito de la seguridad y defensa, la primera sesi\u00f3n del programa \u00abJornadas Profesionales\u00bb estuvo...\n        <\/div>\n\n    <\/div>\n<\/article><!-- #post-## -->\n                        <\/div>\n\n                                            <\/div>\n    <\/div>\n\n                <div class=\"navigation pagination clearfix\">\r\n                                            <span class=\"page-numbers current\">1<\/span>\r\n                                                    <a href=\"https:\/\/articulo30.org\/politica-defensa\/wp-json\/wp\/v2\/pages\/5773\/page\/2\/\" class=\"inactive page-numbers\">2<\/a>\r\n                                                <a class=\"next page-numbers\" href=\"https:\/\/articulo30.org\/politica-defensa\/wp-json\/wp\/v2\/pages\/5773\/page\/2\/\"><i class=\"fa fa-angle-right\"><\/i><\/a>\r\n                            <\/div>\r\n            <\/div>\n","protected":false},"excerpt":{"rendered":"","protected":false},"author":4,"featured_media":0,"parent":0,"menu_order":0,"comment_status":"closed","ping_status":"closed","template":"","meta":{"footnotes":""},"class_list":["post-5773","page","type-page","status-publish","hentry"],"_links":{"self":[{"href":"https:\/\/articulo30.org\/politica-defensa\/wp-json\/wp\/v2\/pages\/5773","targetHints":{"allow":["GET"]}}],"collection":[{"href":"https:\/\/articulo30.org\/politica-defensa\/wp-json\/wp\/v2\/pages"}],"about":[{"href":"https:\/\/articulo30.org\/politica-defensa\/wp-json\/wp\/v2\/types\/page"}],"author":[{"embeddable":true,"href":"https:\/\/articulo30.org\/politica-defensa\/wp-json\/wp\/v2\/users\/4"}],"replies":[{"embeddable":true,"href":"https:\/\/articulo30.org\/politica-defensa\/wp-json\/wp\/v2\/comments?post=5773"}],"version-history":[{"count":3,"href":"https:\/\/articulo30.org\/politica-defensa\/wp-json\/wp\/v2\/pages\/5773\/revisions"}],"predecessor-version":[{"id":6189,"href":"https:\/\/articulo30.org\/politica-defensa\/wp-json\/wp\/v2\/pages\/5773\/revisions\/6189"}],"wp:attachment":[{"href":"https:\/\/articulo30.org\/politica-defensa\/wp-json\/wp\/v2\/media?parent=5773"}],"curies":[{"name":"wp","href":"https:\/\/api.w.org\/{rel}","templated":true}]}}